{"id":1851,"date":"2026-05-12T14:39:29","date_gmt":"2026-05-12T11:39:29","guid":{"rendered":"https:\/\/me.yrittajat.fi\/vastuu-kannattaa\/?page_id=1851"},"modified":"2026-05-12T15:02:47","modified_gmt":"2026-05-12T12:02:47","slug":"hyodylliset-linkit","status":"publish","type":"page","link":"https:\/\/me.yrittajat.fi\/vastuu-kannattaa\/hyodylliset-linkit\/","title":{"rendered":"Hy\u00f6dylliset linkit"},"content":{"rendered":"\n<p>T\u00e4lle sivulle on koottu hy\u00f6dyllisi\u00e4 linkkej\u00e4 ja aineistoja yritysvastuun, kest\u00e4v\u00e4n liiketoiminnan ja vastuullisuuden kehitt\u00e4misen tueksi. Linkkien avulla l\u00f6yd\u00e4t lis\u00e4tietoa, ty\u00f6kaluja ja k\u00e4yt\u00e4nn\u00f6n vinkkej\u00e4 vastuullisuusty\u00f6n edist\u00e4miseen omassa yrityksess\u00e4si.<\/p>\n\n\n\n<p><strong>YRITYSVASTUUN ITSEARVIOINTI<\/strong><br>Yritysvastuun itsearviointi on s\u00e4hk\u00f6inen ty\u00f6kalu yrityksesi vastuullisen liiketoiminnan edelleenkehitt\u00e4miseen.<\/p>\n\n\n\t<div id=\"gb-button-block_4b035b127e60a65af8d385e72406690a\" class=\"gb-button gb-button-block_4b035b127e60a65af8d385e72406690a\">\n\t\t\t\t\t\t<a class=\"b-button b-button--color- b-button--style-\"\n\t   href=\"https:\/\/www.vastuullisuusarviointi.fi\/\"\n\t   target=\"_self\">\n\n\t\t<span class=\"b-button__title\">\n\t\t\tTutustu aineistoon t\u00e4\u00e4lt\u00e4\t\t<\/span>\n\n\t\t\t\t\t<span class=\"b-button__icon\">\n\t\t\t\t<svg xmlns=\"http:\/\/www.w3.org\/2000\/svg\" viewBox=\"0 0 9 14\"><path d=\"M2.001 13.664a1.333 1.333 0 01-.954-2.272l.007-.008 4.414-4.386-4.24-4.414A1.333 1.333 0 113.12.704l5.147 5.334a1.333 1.333 0 010 1.866l-5.334 5.334a1.333 1.333 0 01-.933.426z\"\/><\/svg>\t\t\t<\/span>\n\t\t\t<\/a>\n\t\t\t<\/div>\n\n\n\n<hr class=\"wp-block-separator has-alpha-channel-opacity is-style-dots\" \/>\n\n\n\n<p><strong>B IMPACT ASSESSMENT<\/strong><\/p>\n\n\n\n<p>B Impact Assessment on maksuton verkkoty\u00f6kalu, jonka avulla yritys voi arvioida vastuullisuutensa tasoa eri osa-alueilla, kuten hallinnossa, ty\u00f6ntekij\u00f6iss\u00e4, ymp\u00e4rist\u00f6vaikutuksissa, asiakkaissa ja yhteiskunnallisessa vaikuttavuudessa. Ty\u00f6kalu auttaa tunnistamaan yrityksen vahvuuksia ja kehityskohteita sek\u00e4 tarjoaa konkreettisen pohjan vastuullisuusty\u00f6n kehitt\u00e4miselle.<\/p>\n\n\n\t<div id=\"gb-button-block_4ffc420881392258840e4c2f5e5bcf71\" class=\"gb-button gb-button-block_4ffc420881392258840e4c2f5e5bcf71\">\n\t\t\t\t\t\t<a class=\"b-button b-button--color- b-button--style-\"\n\t   href=\"https:\/\/embedded-bia.bcorporation.net\/login\"\n\t   target=\"_self\">\n\n\t\t<span class=\"b-button__title\">\n\t\t\tTutustu ty\u00f6kaluun t\u00e4\u00e4lt\u00e4\t\t<\/span>\n\n\t\t\t\t\t<span class=\"b-button__icon\">\n\t\t\t\t<svg xmlns=\"http:\/\/www.w3.org\/2000\/svg\" viewBox=\"0 0 9 14\"><path d=\"M2.001 13.664a1.333 1.333 0 01-.954-2.272l.007-.008 4.414-4.386-4.24-4.414A1.333 1.333 0 113.12.704l5.147 5.334a1.333 1.333 0 010 1.866l-5.334 5.334a1.333 1.333 0 01-.933.426z\"\/><\/svg>\t\t\t<\/span>\n\t\t\t<\/a>\n\t\t\t<\/div>\n\n\n\n<hr class=\"wp-block-separator has-alpha-channel-opacity is-style-dots\" \/>\n\n\n\n<p><strong>VASTUULLISUUDEN ITSEARVIOINTI pienille yrityksille<\/strong><\/p>\n\n\n\n<p>Tervetuloa pienten yritysten vastuullisuuden itsearviointiin!<\/p>\n\n\n\t<div id=\"gb-button-block_5e25e97ad6ce6455f3c84b331b2d1384\" class=\"gb-button gb-button-block_5e25e97ad6ce6455f3c84b331b2d1384\">\n\t\t\t\t\t\t<a class=\"b-button b-button--color- b-button--style-\"\n\t   href=\"https:\/\/link.webropolsurveys.com\/Participation\/Public\/d5b01b2f-a5b5-4876-b3f9-567c5474acd0?displayId=Fin2464222\"\n\t   target=\"_self\">\n\n\t\t<span class=\"b-button__title\">\n\t\t\tTutustu ty\u00f6kaluun t\u00e4\u00e4lt\u00e4\t\t<\/span>\n\n\t\t\t\t\t<span class=\"b-button__icon\">\n\t\t\t\t<svg xmlns=\"http:\/\/www.w3.org\/2000\/svg\" viewBox=\"0 0 9 14\"><path d=\"M2.001 13.664a1.333 1.333 0 01-.954-2.272l.007-.008 4.414-4.386-4.24-4.414A1.333 1.333 0 113.12.704l5.147 5.334a1.333 1.333 0 010 1.866l-5.334 5.334a1.333 1.333 0 01-.933.426z\"\/><\/svg>\t\t\t<\/span>\n\t\t\t<\/a>\n\t\t\t<\/div>\n\n\n\n<hr class=\"wp-block-separator has-alpha-channel-opacity is-style-dots\" \/>\n\n\n\n<p><strong>MIT\u00c4 ON UUSINTAVA TALOUS?<\/strong><\/p>\n\n\n\n<p>Olisiko talouden tulevaisuutta helpompi visioida, jos sanoittaisimme taloutta uudella tavalla? Uusintava talousajattelu pyrkii t\u00e4h\u00e4n. Se onkin lyhyess\u00e4 ajassa noussut niin Maailman talousfoorumin keskusteluihin kuin EU:n politiikkaohjelmiin. Uusintavasta taloudesta selvityksen laatinut Sitran johtava asiantuntija Eeva Hellstr\u00f6m vastaa keskeisiin kysymyksiin aiheesta.<\/p>\n\n\n\t<div id=\"gb-button-block_9363753ce7824a5c9903811796d8808c\" class=\"gb-button gb-button-block_9363753ce7824a5c9903811796d8808c\">\n\t\t\t\t\t\t<a class=\"b-button b-button--color- b-button--style-\"\n\t   href=\"https:\/\/www.sitra.fi\/artikkelit\/mita-on-uusintava-talous-10-kysymysta-eeva-hellstromille\/\"\n\t   target=\"_self\">\n\n\t\t<span class=\"b-button__title\">\n\t\t\tTutustu SITRA:n sivustoon t\u00e4\u00e4lt\u00e4\t\t<\/span>\n\n\t\t\t\t\t<span class=\"b-button__icon\">\n\t\t\t\t<svg xmlns=\"http:\/\/www.w3.org\/2000\/svg\" viewBox=\"0 0 9 14\"><path d=\"M2.001 13.664a1.333 1.333 0 01-.954-2.272l.007-.008 4.414-4.386-4.24-4.414A1.333 1.333 0 113.12.704l5.147 5.334a1.333 1.333 0 010 1.866l-5.334 5.334a1.333 1.333 0 01-.933.426z\"\/><\/svg>\t\t\t<\/span>\n\t\t\t<\/a>\n\t\t\t<\/div>\n\n\n\n<hr class=\"wp-block-separator has-alpha-channel-opacity is-style-dots\" \/>\n\n\n\n<p><strong>MATERIAALITEHOKKUUS &#8211; V\u00c4HEMM\u00c4ST\u00c4 ENEMM\u00c4N<\/strong><\/p>\n\n\n\n<p>Materiaalitehokkuus tarkoittaa kilpailukykyisten tuotteiden ja palvelujen tuottamista pienenevin materiaalipanoksin, samalla v\u00e4hent\u00e4en niiden elinkaaren aikaisia haitallisia vaikutuksia. Se on keskeinen osa kiertotaloutta, jossa pyrit\u00e4\u00e4n s\u00e4ilytt\u00e4m\u00e4\u00e4n materiaalien arvo talouden piiriss\u00e4 mahdollisimman pitk\u00e4\u00e4n.<\/p>\n\n\n\t<div id=\"gb-button-block_4425a808e02aaaf1405925df5bd4efd6\" class=\"gb-button gb-button-block_4425a808e02aaaf1405925df5bd4efd6\">\n\t\t\t\t\t\t<a class=\"b-button b-button--color- b-button--style-\"\n\t   href=\"https:\/\/www.motiva.fi\/tietopankki\/materiaalitehokkuus-avain-kestavaan-ja-kilpailukykyiseen-tulevaisuuteen-2\/\"\n\t   target=\"_self\">\n\n\t\t<span class=\"b-button__title\">\n\t\t\tKatso MOTIVAN aineisto t\u00e4\u00e4lt\u00e4\t\t<\/span>\n\n\t\t\t\t\t<span class=\"b-button__icon\">\n\t\t\t\t<svg xmlns=\"http:\/\/www.w3.org\/2000\/svg\" viewBox=\"0 0 9 14\"><path d=\"M2.001 13.664a1.333 1.333 0 01-.954-2.272l.007-.008 4.414-4.386-4.24-4.414A1.333 1.333 0 113.12.704l5.147 5.334a1.333 1.333 0 010 1.866l-5.334 5.334a1.333 1.333 0 01-.933.426z\"\/><\/svg>\t\t\t<\/span>\n\t\t\t<\/a>\n\t\t\t<\/div>\n\n\n\n<p><strong>MATERIAALITORI VAUHDITTAA KIERTOTALOUTTA<\/strong><\/p>\n\n\n\n<p>Materiaalitori edist\u00e4\u00e4 j\u00e4tteiden, sivuvirtojen ja ylij\u00e4\u00e4m\u00e4materiaalien sek\u00e4 uudelleen k\u00e4ytett\u00e4vien osien hy\u00f6tyk\u00e4ytt\u00f6\u00e4 tarjoamalla kohtaamispaikan, jossa materiaalien tarjoajat ja tarvitsijat voivat l\u00f6yt\u00e4\u00e4 toisensa.<\/p>\n\n\n\t<div id=\"gb-button-block_e1692a6271685c6bc3aadff38d194d19\" class=\"gb-button gb-button-block_e1692a6271685c6bc3aadff38d194d19\">\n\t\t\t\t\t\t<a class=\"b-button b-button--color- b-button--style-\"\n\t   href=\"https:\/\/materiaalitori.fi\/\"\n\t   target=\"_self\">\n\n\t\t<span class=\"b-button__title\">\n\t\t\tTutustu t\u00e4st\u00e4\t\t<\/span>\n\n\t\t\t\t\t<span class=\"b-button__icon\">\n\t\t\t\t<svg xmlns=\"http:\/\/www.w3.org\/2000\/svg\" viewBox=\"0 0 9 14\"><path d=\"M2.001 13.664a1.333 1.333 0 01-.954-2.272l.007-.008 4.414-4.386-4.24-4.414A1.333 1.333 0 113.12.704l5.147 5.334a1.333 1.333 0 010 1.866l-5.334 5.334a1.333 1.333 0 01-.933.426z\"\/><\/svg>\t\t\t<\/span>\n\t\t\t<\/a>\n\t\t\t<\/div>\n\n\n\n<p><strong>EL\u00c4M\u00c4NTAPATESTI<\/strong> <strong>(Sitra)<\/strong><\/p>\n\n\n\n<p>Selvit\u00e4 hiilijalanj\u00e4lkesi uudistetulla El\u00e4m\u00e4ntapatestill\u00e4 ja tee oma suunnitelmasi kest\u00e4v\u00e4\u00e4n arkeen. Testi tarjoaa nyt r\u00e4\u00e4t\u00e4l\u00f6ityj\u00e4 vinkkej\u00e4, joiden avulla voit s\u00e4\u00e4st\u00e4\u00e4 ilmastoa, rahaa ja\u202faikaa.<\/p>\n\n\n\t<div id=\"gb-button-block_e91209530679d39a2ebb2ff72baffaba\" class=\"gb-button gb-button-block_e91209530679d39a2ebb2ff72baffaba\">\n\t\t\t\t\t\t<a class=\"b-button b-button--color- b-button--style-\"\n\t   href=\"https:\/\/www.sitra.fi\/elamantapatesti\/\"\n\t   target=\"_self\">\n\n\t\t<span class=\"b-button__title\">\n\t\t\tSiirry testiin\t\t<\/span>\n\n\t\t\t\t\t<span class=\"b-button__icon\">\n\t\t\t\t<svg xmlns=\"http:\/\/www.w3.org\/2000\/svg\" viewBox=\"0 0 9 14\"><path d=\"M2.001 13.664a1.333 1.333 0 01-.954-2.272l.007-.008 4.414-4.386-4.24-4.414A1.333 1.333 0 113.12.704l5.147 5.334a1.333 1.333 0 010 1.866l-5.334 5.334a1.333 1.333 0 01-.933.426z\"\/><\/svg>\t\t\t<\/span>\n\t\t\t<\/a>\n\t\t\t<\/div>\n\n\n\n<hr class=\"wp-block-separator has-alpha-channel-opacity is-style-dots\" \/>\n\n\n\n<p><strong>HIILINEUTRAALI JOENSUU<\/strong><\/p>\n\n\n\n<p>Rakennamme toimillamme ilmaston ja luonnon kannalta kest\u00e4v\u00e4\u00e4 kaupunkia. Vaalimme Joensuun s\u00e4ilymist\u00e4 tuleville sukupolville.<\/p>\n\n\n\n<hr class=\"wp-block-separator has-alpha-channel-opacity is-style-dots\" \/>\n\n\n\t<div id=\"gb-button-block_c614a44806d544d1daed884d2cb11c86\" class=\"gb-button gb-button-block_c614a44806d544d1daed884d2cb11c86\">\n\t\t\t\t\t\t<a class=\"b-button b-button--color- b-button--style-\"\n\t   href=\"https:\/\/www.joensuu.fi\/kaupunki-ja-kehitys\/kehittaminen-ja-innovaatiot\/hiilineutraali-joensuu\/\"\n\t   target=\"_self\">\n\n\t\t<span class=\"b-button__title\">\n\t\t\tTutustu Climate Joensuun vinkkeihin t\u00e4\u00e4lt\u00e4\t\t<\/span>\n\n\t\t\t\t\t<span class=\"b-button__icon\">\n\t\t\t\t<svg xmlns=\"http:\/\/www.w3.org\/2000\/svg\" viewBox=\"0 0 9 14\"><path d=\"M2.001 13.664a1.333 1.333 0 01-.954-2.272l.007-.008 4.414-4.386-4.24-4.414A1.333 1.333 0 113.12.704l5.147 5.334a1.333 1.333 0 010 1.866l-5.334 5.334a1.333 1.333 0 01-.933.426z\"\/><\/svg>\t\t\t<\/span>\n\t\t\t<\/a>\n\t\t\t<\/div>\n\n\n\n<p><strong>9+1 VINKKI\u00c4 YMP\u00c4RIST\u00d6YST\u00c4V\u00c4LLISEEN TY\u00d6P\u00c4IV\u00c4\u00c4N (WWF)<\/strong><\/p>\n\n\n\n<p>Jos toimit jo kotona ekologisesti, mikset pienent\u00e4isi p\u00e4\u00e4st\u00f6j\u00e4 my\u00f6s ty\u00f6ajallasi?<\/p>\n\n\n\t<div id=\"gb-button-block_49e3486fa37b768e429405a2daa173de\" class=\"gb-button gb-button-block_49e3486fa37b768e429405a2daa173de\">\n\t\t\t\t\t\t<a class=\"b-button b-button--color- b-button--style-\"\n\t   href=\"https:\/\/wwf.fi\/wwf-lehti\/wwf-lehti-4-2017\/91-vinkkia-ymparistoystavalliseen-tyopaivaan\/\"\n\t   target=\"_self\">\n\n\t\t<span class=\"b-button__title\">\n\t\t\tTutustu t\u00e4\u00e4lt\u00e4\t\t<\/span>\n\n\t\t\t\t\t<span class=\"b-button__icon\">\n\t\t\t\t<svg xmlns=\"http:\/\/www.w3.org\/2000\/svg\" viewBox=\"0 0 9 14\"><path d=\"M2.001 13.664a1.333 1.333 0 01-.954-2.272l.007-.008 4.414-4.386-4.24-4.414A1.333 1.333 0 113.12.704l5.147 5.334a1.333 1.333 0 010 1.866l-5.334 5.334a1.333 1.333 0 01-.933.426z\"\/><\/svg>\t\t\t<\/span>\n\t\t\t<\/a>\n\t\t\t<\/div>\n\n\n\n<hr class=\"wp-block-separator has-alpha-channel-opacity is-style-dots\" \/>\n\n\n\n<p><strong>KIERTOKAPULA<\/strong><\/p>\n\n\n\n<p>J\u00e4tteiden lajittelu -peli<\/p>\n\n\n\t<div id=\"gb-button-block_8934433e3701f1ea84d535f7589ced38\" class=\"gb-button gb-button-block_8934433e3701f1ea84d535f7589ced38\">\n\t\t\t\t\t\t<a class=\"b-button b-button--color- b-button--style-\"\n\t   href=\"https:\/\/kiertokapula.fi\/pelit-ja-testit\/\"\n\t   target=\"_self\">\n\n\t\t<span class=\"b-button__title\">\n\t\t\tKokeile t\u00e4st\u00e4\t\t<\/span>\n\n\t\t\t\t\t<span class=\"b-button__icon\">\n\t\t\t\t<svg xmlns=\"http:\/\/www.w3.org\/2000\/svg\" viewBox=\"0 0 9 14\"><path d=\"M2.001 13.664a1.333 1.333 0 01-.954-2.272l.007-.008 4.414-4.386-4.24-4.414A1.333 1.333 0 113.12.704l5.147 5.334a1.333 1.333 0 010 1.866l-5.334 5.334a1.333 1.333 0 01-.933.426z\"\/><\/svg>\t\t\t<\/span>\n\t\t\t<\/a>\n\t\t\t<\/div>\n\n\n\n<hr class=\"wp-block-separator has-alpha-channel-opacity is-style-dots\" \/>\n\n\n\n<p><strong>VESIJALANJ\u00c4LKILASKURI<\/strong><\/p>\n\n\n\n<p>Tervetuloa arvioimaan omaa vesijalanj\u00e4lke\u00e4si!<\/p>\n\n\n\t<div id=\"gb-button-block_f063f03528de52263e38ab660ba58cdc\" class=\"gb-button gb-button-block_f063f03528de52263e38ab660ba58cdc\">\n\t\t\t\t\t\t<a class=\"b-button b-button--color- b-button--style-\"\n\t   href=\"https:\/\/www.vesi.fi\/vesijalanjalkilaskuri\/\"\n\t   target=\"_self\">\n\n\t\t<span class=\"b-button__title\">\n\t\t\tKatso laskuri t\u00e4st\u00e4\t\t<\/span>\n\n\t\t\t\t\t<span class=\"b-button__icon\">\n\t\t\t\t<svg xmlns=\"http:\/\/www.w3.org\/2000\/svg\" viewBox=\"0 0 9 14\"><path d=\"M2.001 13.664a1.333 1.333 0 01-.954-2.272l.007-.008 4.414-4.386-4.24-4.414A1.333 1.333 0 113.12.704l5.147 5.334a1.333 1.333 0 010 1.866l-5.334 5.334a1.333 1.333 0 01-.933.426z\"\/><\/svg>\t\t\t<\/span>\n\t\t\t<\/a>\n\t\t\t<\/div>\n\n\n\n<hr class=\"wp-block-separator has-alpha-channel-opacity is-style-dots\" \/>\n\n\n\n<p><strong>KODIN ENERGIALASKURI (PKS)<\/strong><\/p>\n\n\n\n<p>T\u00e4ll\u00e4 laskurilla voit helposti selvitt\u00e4\u00e4, mihin kodissasi kuluu eniten s\u00e4hk\u00f6\u00e4. Voit vertailla omaa kulutustasi vastaaviin talouksiin ja saat selkeit\u00e4 vinkkej\u00e4 energialaskun pienent\u00e4miseen.<\/p>\n\n\n\t<div id=\"gb-button-block_1a16eed99c5bb1c5249b409bc53ce412\" class=\"gb-button gb-button-block_1a16eed99c5bb1c5249b409bc53ce412\">\n\t\t\t\t\t\t<a class=\"b-button b-button--color- b-button--style-\"\n\t   href=\"https:\/\/energiaa.pks.fi\/energialaskuri\/\"\n\t   target=\"_self\">\n\n\t\t<span class=\"b-button__title\">\n\t\t\tTutustu laskuriin t\u00e4st\u00e4\t\t<\/span>\n\n\t\t\t\t\t<span class=\"b-button__icon\">\n\t\t\t\t<svg xmlns=\"http:\/\/www.w3.org\/2000\/svg\" viewBox=\"0 0 9 14\"><path d=\"M2.001 13.664a1.333 1.333 0 01-.954-2.272l.007-.008 4.414-4.386-4.24-4.414A1.333 1.333 0 113.12.704l5.147 5.334a1.333 1.333 0 010 1.866l-5.334 5.334a1.333 1.333 0 01-.933.426z\"\/><\/svg>\t\t\t<\/span>\n\t\t\t<\/a>\n\t\t\t<\/div>\n\n\n\n<p><\/p>\n","protected":false},"excerpt":{"rendered":"<p>T\u00e4lle sivulle on koottu hy\u00f6dyllisi\u00e4 linkkej\u00e4 ja aineistoja yritysvastuun, kest\u00e4v\u00e4n liiketoiminnan ja vastuullisuuden kehitt\u00e4misen tueksi. Linkkien avulla l\u00f6yd\u00e4t lis\u00e4tietoa, ty\u00f6kaluja ja k\u00e4yt\u00e4nn\u00f6n vinkkej\u00e4 vastuullisuusty\u00f6n edist\u00e4miseen omassa yrityksess\u00e4si. YRITYSVASTUUN ITSEARVIOINTIYritysvastuun itsearviointi on s\u00e4hk\u00f6inen ty\u00f6kalu yrityksesi vastuullisen liiketoiminnan edelleenkehitt\u00e4miseen. B IMPACT ASSESSMENT B Impact Assessment on maksuton verkkoty\u00f6kalu, jonka avulla yritys voi arvioida vastuullisuutensa tasoa eri osa-alueilla, &hellip; <a href=\"https:\/\/me.yrittajat.fi\/vastuu-kannattaa\/hyodylliset-linkit\/\">Lue lis\u00e4\u00e4<\/a><\/p>\n","protected":false},"author":72,"featured_media":0,"parent":0,"menu_order":0,"comment_status":"closed","ping_status":"closed","template":"","meta":{"_acf_changed":false,"footnotes":""},"class_list":["post-1851","page","type-page","status-publish","hentry"],"acf":[],"_links":{"self":[{"href":"https:\/\/me.yrittajat.fi\/vastuu-kannattaa\/wp-json\/wp\/v2\/pages\/1851","targetHints":{"allow":["GET"]}}],"collection":[{"href":"https:\/\/me.yrittajat.fi\/vastuu-kannattaa\/wp-json\/wp\/v2\/pages"}],"about":[{"href":"https:\/\/me.yrittajat.fi\/vastuu-kannattaa\/wp-json\/wp\/v2\/types\/page"}],"author":[{"embeddable":true,"href":"https:\/\/me.yrittajat.fi\/vastuu-kannattaa\/wp-json\/wp\/v2\/users\/72"}],"replies":[{"embeddable":true,"href":"https:\/\/me.yrittajat.fi\/vastuu-kannattaa\/wp-json\/wp\/v2\/comments?post=1851"}],"version-history":[{"count":5,"href":"https:\/\/me.yrittajat.fi\/vastuu-kannattaa\/wp-json\/wp\/v2\/pages\/1851\/revisions"}],"predecessor-version":[{"id":1877,"href":"https:\/\/me.yrittajat.fi\/vastuu-kannattaa\/wp-json\/wp\/v2\/pages\/1851\/revisions\/1877"}],"wp:attachment":[{"href":"https:\/\/me.yrittajat.fi\/vastuu-kannattaa\/wp-json\/wp\/v2\/media?parent=1851"}],"curies":[{"name":"wp","href":"https:\/\/api.w.org\/{rel}","templated":true}]}}