{"id":263,"date":"2024-01-08T10:12:04","date_gmt":"2024-01-08T08:12:04","guid":{"rendered":"https:\/\/me.yrittajat.fi\/vastuu-kannattaa\/?page_id=263"},"modified":"2024-03-13T11:48:20","modified_gmt":"2024-03-13T09:48:20","slug":"sdg","status":"publish","type":"page","link":"https:\/\/me.yrittajat.fi\/vastuu-kannattaa\/sdg\/","title":{"rendered":"SDG eli Kest\u00e4v\u00e4n kehityksen tavoitteet"},"content":{"rendered":"\n<p>Agenda 2030 on YK:n Kest\u00e4v\u00e4n kehityksen globaali toimintasuunnitelma, jonka tavoitteena on varmistaa maapallon ja ihmisten hyvinvointi kest\u00e4v\u00e4n kehityksen tavoitteiden kautta. Kaikki maat, Suomi mukaan lukien, ovat sitoutuneet n\u00e4ihin YK:n asettamiin tavoitteisiin.&nbsp;<\/p>\n\n\n\n<p>Yritykset voivat noudattaa kest\u00e4v\u00e4n kehityksen tavoitteita (SDG <em>Sustainable Development Goals<\/em>) ja sitoutua niihin monin tavoin, kuten arvioimalla ja kartoittamalla oman liiketoimintansa vaikutukset ymp\u00e4rist\u00f6\u00f6n, ihmisiin ja yhteiskuntaan, sek\u00e4 asettamalla tavoitteita oman liiketoimintamallien muuttamiseen. Kest\u00e4v\u00e4mm\u00e4n liiketoiminnan tavoitteet yritys voi integroida strategiaansa ja sitoutua niiden saavuttamiseen.&nbsp;&nbsp;<\/p>\n\n\n\n<p>Organisaatiot, yritykset eri toimijat jotka ennakoivasti keskittyv\u00e4t SDG Agenda 2030 -tavoitteisiin, vahvistavat todenn\u00e4k\u00f6isesti yritysvastuutaan ja avaavat uusia mahdollisuuksia kasvulle ja kehitykselle.<br><br><strong>Kest\u00e4v\u00e4n kehityksen 17 tavoitetta<\/strong>&nbsp;<\/p>\n\n\n\n<p>Kest\u00e4v\u00e4n kehityksen tavoitteet tarjoavat yrityksille laajan n\u00e4k\u00f6kent\u00e4n ymm\u00e4rt\u00e4\u00e4, ett\u00e4 erilaisilla liiketoimintamallilla ei tulisi heikent\u00e4\u00e4 sosiaalista tai ekologista p\u00e4\u00e4omaa mutta tulisi edist\u00e4\u00e4 hyvinvointia maapallon kantokyvyn puitteissa.&nbsp;<\/p>\n\n\n\n<p>Kest\u00e4v\u00e4n kehityksen 17 tavoitetta tarjoavat yrityksille runsaasti mahdollisuuksia vaikuttaa ihmisten el\u00e4m\u00e4\u00e4n, yhteiskuntaan, liiketoiminnan kest\u00e4vyyteen, riskien hallintaan jne.&nbsp;<\/p>\n\n\n\n<div class=\"wp-block-media-text alignwide is-stacked-on-mobile is-vertically-aligned-center\" style=\"grid-template-columns:15% auto\"><figure class=\"wp-block-media-text__media\"><img loading=\"lazy\" decoding=\"async\" width=\"300\" height=\"300\" src=\"https:\/\/me.yrittajat.fi\/vastuu-kannattaa\/app\/uploads\/sites\/81\/2024\/01\/sdg1-1-300x300.jpg\" alt=\"\" class=\"wp-image-264 size-medium\" srcset=\"https:\/\/me.yrittajat.fi\/app\/uploads\/sites\/81\/2024\/01\/sdg1-1-300x300.jpg 300w, https:\/\/me.yrittajat.fi\/app\/uploads\/sites\/81\/2024\/01\/sdg1-1-150x150.jpg 150w, https:\/\/me.yrittajat.fi\/app\/uploads\/sites\/81\/2024\/01\/sdg1-1.jpg 426w\" sizes=\"auto, (max-width: 300px) 100vw, 300px\" \/><\/figure><div class=\"wp-block-media-text__content\">\n<p> <\/p>\n\n\n\n<p>K\u00f6yhyys voi ilmet\u00e4 eri tavoin, kuten taloudellisena ja sosiaalisena eriarvoisuutena sek\u00e4 koulutuksen ja vaikutusmahdollisuuksien puutteena. Tavoitteena on varmistaa, ett\u00e4 kaikilla ihmisill\u00e4 on yht\u00e4l\u00e4iset oikeudet taloudellisiin resursseihin ja mahdollisuus peruspalveluihin.<\/p>\n<\/div><\/div>\n\n\n\n<div class=\"wp-block-media-text alignwide is-stacked-on-mobile\" style=\"grid-template-columns:15% auto\"><figure class=\"wp-block-media-text__media\"><img loading=\"lazy\" decoding=\"async\" width=\"426\" height=\"426\" src=\"https:\/\/me.yrittajat.fi\/vastuu-kannattaa\/app\/uploads\/sites\/81\/2024\/01\/sdg2-1.jpg\" alt=\"\" class=\"wp-image-271 size-full\" srcset=\"https:\/\/me.yrittajat.fi\/app\/uploads\/sites\/81\/2024\/01\/sdg2-1.jpg 426w, https:\/\/me.yrittajat.fi\/app\/uploads\/sites\/81\/2024\/01\/sdg2-1-300x300.jpg 300w, https:\/\/me.yrittajat.fi\/app\/uploads\/sites\/81\/2024\/01\/sdg2-1-150x150.jpg 150w\" sizes=\"auto, (max-width: 426px) 100vw, 426px\" \/><\/figure><div class=\"wp-block-media-text__content\">\n<p>Ruokaturvan saavuttaminen, ravitsemuksen parantaminen sek\u00e4 kest\u00e4v\u00e4n maatalouden edist\u00e4minen ovat t\u00e4m\u00e4n tavoitteen keski\u00f6ss\u00e4. On nyt aika harkita, miten voimme kasvattaa, jakaa ja kuluttaa ruokaa tavalla, joka ei kuormita ymp\u00e4rist\u00f6\u00e4 ja joka on oikeudenmukaista. Meid\u00e4n vastuullamme on varmistaa, ett\u00e4 kaikki, erityisesti k\u00f6yh\u00e4t ja heikommassa asemassa olevat, saavat riitt\u00e4v\u00e4sti turvallista ja ravitsevaa ruokaa vuoden ymp\u00e4ri.<\/p>\n<\/div><\/div>\n\n\n\n<div class=\"wp-block-media-text alignwide is-stacked-on-mobile\" style=\"grid-template-columns:15% auto\"><figure class=\"wp-block-media-text__media\"><img loading=\"lazy\" decoding=\"async\" width=\"426\" height=\"426\" src=\"https:\/\/me.yrittajat.fi\/vastuu-kannattaa\/app\/uploads\/sites\/81\/2024\/01\/sdg3-1.jpg\" alt=\"\" class=\"wp-image-272 size-full\" srcset=\"https:\/\/me.yrittajat.fi\/app\/uploads\/sites\/81\/2024\/01\/sdg3-1.jpg 426w, https:\/\/me.yrittajat.fi\/app\/uploads\/sites\/81\/2024\/01\/sdg3-1-300x300.jpg 300w, https:\/\/me.yrittajat.fi\/app\/uploads\/sites\/81\/2024\/01\/sdg3-1-150x150.jpg 150w\" sizes=\"auto, (max-width: 426px) 100vw, 426px\" \/><\/figure><div class=\"wp-block-media-text__content\">\n<p>Vaikka elinajanodote on monin paikoin noussut, lapsi- ja \u00e4itiyskuolleisuus laskenut ja rokotukset ovat osoittaneet tehokkuutensa, meill\u00e4 on edelleen paljon ty\u00f6t\u00e4 edess\u00e4 sairauksien ja muiden terveyteen vaikuttavien tekij\u00f6iden poistamiseksi maailmasta. T\u00e4m\u00e4n tavoitteen keski\u00f6ss\u00e4 on taata terveellinen ja hyvinvoiva el\u00e4m\u00e4 kaikenik\u00e4isille ihmisille.<\/p>\n<\/div><\/div>\n\n\n\n<div class=\"wp-block-media-text alignwide is-stacked-on-mobile\" style=\"grid-template-columns:15% auto\"><figure class=\"wp-block-media-text__media\"><img loading=\"lazy\" decoding=\"async\" width=\"426\" height=\"426\" src=\"https:\/\/me.yrittajat.fi\/vastuu-kannattaa\/app\/uploads\/sites\/81\/2024\/01\/sdg4-1.jpg\" alt=\"\" class=\"wp-image-273 size-full\" srcset=\"https:\/\/me.yrittajat.fi\/app\/uploads\/sites\/81\/2024\/01\/sdg4-1.jpg 426w, https:\/\/me.yrittajat.fi\/app\/uploads\/sites\/81\/2024\/01\/sdg4-1-300x300.jpg 300w, https:\/\/me.yrittajat.fi\/app\/uploads\/sites\/81\/2024\/01\/sdg4-1-150x150.jpg 150w\" sizes=\"auto, (max-width: 426px) 100vw, 426px\" \/><\/figure><div class=\"wp-block-media-text__content\">\n<p>Tavoitteena on tarjota avointa, tasa-arvoista ja laadukasta koulutusta sek\u00e4 elinik\u00e4isi\u00e4 oppimismahdollisuuksia kaikille. Laadukas koulutus parantaa el\u00e4m\u00e4nlaatua sek\u00e4 edist\u00e4\u00e4 kest\u00e4v\u00e4 kehityst\u00e4. Vuoteen 2030 menness\u00e4 pyrimme varmistaa, ett\u00e4 kaikki saavat ilmaisen, tasa-arvoisen ja laadukkaan perus- ja keskiasteen koulutuksen, joka johtaa olennaisiin ja tehokkaisiin oppimistuloksiin.<\/p>\n<\/div><\/div>\n\n\n\n<div class=\"wp-block-media-text alignwide is-stacked-on-mobile\" style=\"grid-template-columns:15% auto\"><figure class=\"wp-block-media-text__media\"><img loading=\"lazy\" decoding=\"async\" width=\"426\" height=\"426\" src=\"https:\/\/me.yrittajat.fi\/vastuu-kannattaa\/app\/uploads\/sites\/81\/2024\/01\/sdg5-1.jpg\" alt=\"\" class=\"wp-image-274 size-full\" srcset=\"https:\/\/me.yrittajat.fi\/app\/uploads\/sites\/81\/2024\/01\/sdg5-1.jpg 426w, https:\/\/me.yrittajat.fi\/app\/uploads\/sites\/81\/2024\/01\/sdg5-1-300x300.jpg 300w, https:\/\/me.yrittajat.fi\/app\/uploads\/sites\/81\/2024\/01\/sdg5-1-150x150.jpg 150w\" sizes=\"auto, (max-width: 426px) 100vw, 426px\" \/><\/figure><div class=\"wp-block-media-text__content\">\n<p>Sukupuolten tasa-arvon edist\u00e4minen ja naisten sek\u00e4 tytt\u00f6jen aseman vahvistaminen yhteiskunnassa ovat olennaisia tavoitteita. Sukupuolten tasa-arvo ei ole vain perusoikeus, vaan se muodostaa my\u00f6s v\u00e4ltt\u00e4m\u00e4tt\u00f6m\u00e4n perustan rauhalliselle, vauraalle ja kest\u00e4v\u00e4lle maailmalle. Siksi meid\u00e4n on lopetettava kaikenlainen syrjint\u00e4 naisia ja tytt\u00f6j\u00e4 kohtaan kaikkialla.<\/p>\n<\/div><\/div>\n\n\n\n<div class=\"wp-block-media-text alignwide is-stacked-on-mobile\" style=\"grid-template-columns:15% auto\"><figure class=\"wp-block-media-text__media\"><img loading=\"lazy\" decoding=\"async\" width=\"426\" height=\"426\" src=\"https:\/\/me.yrittajat.fi\/vastuu-kannattaa\/app\/uploads\/sites\/81\/2024\/01\/sdg6-1.jpg\" alt=\"\" class=\"wp-image-275 size-full\" srcset=\"https:\/\/me.yrittajat.fi\/app\/uploads\/sites\/81\/2024\/01\/sdg6-1.jpg 426w, https:\/\/me.yrittajat.fi\/app\/uploads\/sites\/81\/2024\/01\/sdg6-1-300x300.jpg 300w, https:\/\/me.yrittajat.fi\/app\/uploads\/sites\/81\/2024\/01\/sdg6-1-150x150.jpg 150w\" sizes=\"auto, (max-width: 426px) 100vw, 426px\" \/><\/figure><div class=\"wp-block-media-text__content\">\n<p>Veden puute, veden huono laatu sek\u00e4 riitt\u00e4m\u00e4tt\u00f6m\u00e4t sanitaatiomahdollisuudet heikent\u00e4v\u00e4t ruokaturvaa, ihmisten toimeentuloa sek\u00e4 koulutusmahdollisuuksia. Turvallinen ja edullinen vesi on kaikkien oikeus. Vedensaannin ja sen kest\u00e4v\u00e4n k\u00e4yt\u00f6n varmistaminen, sek\u00e4 riitt\u00e4v\u00e4n sanitaation takaaminen kaikille on turvattava.&nbsp;<\/p>\n<\/div><\/div>\n\n\n\n<div class=\"wp-block-media-text alignwide is-stacked-on-mobile\" style=\"grid-template-columns:15% auto\"><figure class=\"wp-block-media-text__media\"><img loading=\"lazy\" decoding=\"async\" width=\"426\" height=\"426\" src=\"https:\/\/me.yrittajat.fi\/vastuu-kannattaa\/app\/uploads\/sites\/81\/2024\/01\/sdg7-1.jpg\" alt=\"\" class=\"wp-image-276 size-full\" srcset=\"https:\/\/me.yrittajat.fi\/app\/uploads\/sites\/81\/2024\/01\/sdg7-1.jpg 426w, https:\/\/me.yrittajat.fi\/app\/uploads\/sites\/81\/2024\/01\/sdg7-1-300x300.jpg 300w, https:\/\/me.yrittajat.fi\/app\/uploads\/sites\/81\/2024\/01\/sdg7-1-150x150.jpg 150w\" sizes=\"auto, (max-width: 426px) 100vw, 426px\" \/><\/figure><div class=\"wp-block-media-text__content\">\n<p>Tavoitteena on lis\u00e4t\u00e4 uusiutuvan energian osuutta maailmanlaajuisessa energiantuotannossa vuoteen 2030 menness\u00e4. Kest\u00e4v\u00e4 energia tarjoaa merkitt\u00e4v\u00e4n vaihtoehdon, joka voi muuttaa talouksia, el\u00e4m\u00e4nlaatua ja planeettamme tilaa. Edullisten, luotettavien, kest\u00e4vien ja uudenaikaisten energiamuotojen tuominen kaikkien ulottuville on t\u00e4rke\u00e4\u00e4.<\/p>\n<\/div><\/div>\n\n\n\n<div class=\"wp-block-media-text alignwide is-stacked-on-mobile\" style=\"grid-template-columns:15% auto\"><figure class=\"wp-block-media-text__media\"><img loading=\"lazy\" decoding=\"async\" width=\"426\" height=\"426\" src=\"https:\/\/me.yrittajat.fi\/vastuu-kannattaa\/app\/uploads\/sites\/81\/2024\/01\/sdg8-1.jpg\" alt=\"\" class=\"wp-image-277 size-full\" srcset=\"https:\/\/me.yrittajat.fi\/app\/uploads\/sites\/81\/2024\/01\/sdg8-1.jpg 426w, https:\/\/me.yrittajat.fi\/app\/uploads\/sites\/81\/2024\/01\/sdg8-1-300x300.jpg 300w, https:\/\/me.yrittajat.fi\/app\/uploads\/sites\/81\/2024\/01\/sdg8-1-150x150.jpg 150w\" sizes=\"auto, (max-width: 426px) 100vw, 426px\" \/><\/figure><div class=\"wp-block-media-text__content\">\n<p>Talouskasvun, tuottavuuden, t\u00e4ysty\u00f6llisyyden ja hyvien ty\u00f6olojen edist\u00e4minen. Kest\u00e4v\u00e4 talouskasvu edellytt\u00e4\u00e4, ett\u00e4 yhteiskunnat luovat edellytykset laadukkaalle ty\u00f6lle, joka luo talouskasvua, mutta ei vahingoita ymp\u00e4rist\u00f6\u00e4. T\u00e4ysi ja tuottava ty\u00f6llisyys ja ihmisarvoinen ty\u00f6 kuuluu kaikille, mukaan lukien nuorille ja vammaisille.<\/p>\n<\/div><\/div>\n\n\n\n<div class=\"wp-block-media-text alignwide is-stacked-on-mobile\" style=\"grid-template-columns:15% auto\"><figure class=\"wp-block-media-text__media\"><img loading=\"lazy\" decoding=\"async\" width=\"426\" height=\"426\" src=\"https:\/\/me.yrittajat.fi\/vastuu-kannattaa\/app\/uploads\/sites\/81\/2024\/01\/sdg9-1.jpg\" alt=\"\" class=\"wp-image-278 size-full\" srcset=\"https:\/\/me.yrittajat.fi\/app\/uploads\/sites\/81\/2024\/01\/sdg9-1.jpg 426w, https:\/\/me.yrittajat.fi\/app\/uploads\/sites\/81\/2024\/01\/sdg9-1-300x300.jpg 300w, https:\/\/me.yrittajat.fi\/app\/uploads\/sites\/81\/2024\/01\/sdg9-1-150x150.jpg 150w\" sizes=\"auto, (max-width: 426px) 100vw, 426px\" \/><\/figure><div class=\"wp-block-media-text__content\">\n<p>Alueellinen ja rajat ylitt\u00e4v\u00e4 infrastruktuuri edist\u00e4\u00e4 my\u00f6s taloudellista kehityst\u00e4 ja ihmisten hyvinvointia. Kest\u00e4v\u00e4n infrastruktuurin ja teollisuuden rakentaminen sek\u00e4 innovaatioiden edist\u00e4minen ja kehitt\u00e4minen tukevat kaikkien yhteiskuntien kest\u00e4v\u00e4\u00e4 kehityst\u00e4 ja elintasoa.&nbsp; Alueellinen ja rajat ylitt\u00e4v\u00e4 infrastruktuuri tukee my\u00f6s taloudellista kehityst\u00e4 sek\u00e4 ihmisten hyvinvointia.<\/p>\n<\/div><\/div>\n\n\n\n<div class=\"wp-block-media-text alignwide is-stacked-on-mobile\" style=\"grid-template-columns:15% auto\"><figure class=\"wp-block-media-text__media\"><img loading=\"lazy\" decoding=\"async\" width=\"425\" height=\"425\" src=\"https:\/\/me.yrittajat.fi\/vastuu-kannattaa\/app\/uploads\/sites\/81\/2024\/01\/sdg10-1.jpg\" alt=\"\" class=\"wp-image-279 size-full\" srcset=\"https:\/\/me.yrittajat.fi\/app\/uploads\/sites\/81\/2024\/01\/sdg10-1.jpg 425w, https:\/\/me.yrittajat.fi\/app\/uploads\/sites\/81\/2024\/01\/sdg10-1-300x300.jpg 300w, https:\/\/me.yrittajat.fi\/app\/uploads\/sites\/81\/2024\/01\/sdg10-1-150x150.jpg 150w\" sizes=\"auto, (max-width: 425px) 100vw, 425px\" \/><\/figure><div class=\"wp-block-media-text__content\">\n<p>Universaalien k\u00e4yt\u00e4nt\u00f6jen kehitt\u00e4minen ja eriarvoisuuden v\u00e4hent\u00e4minen ottaen erityisesti huomioon v\u00e4h\u00e4osaisimmat ja marginaalisimmat ihmiset ovat t\u00e4m\u00e4n tavoitteen p\u00e4\u00e4m\u00e4\u00e4r\u00e4. Eriarvoisuus voi ilmet\u00e4 monin tavoin, esimerkiksi erilaisten koulutusmahdollisuuksien kautta.&nbsp;&nbsp;<\/p>\n<\/div><\/div>\n\n\n\n<div class=\"wp-block-media-text alignwide is-stacked-on-mobile\" style=\"grid-template-columns:15% auto\"><figure class=\"wp-block-media-text__media\"><img loading=\"lazy\" decoding=\"async\" width=\"426\" height=\"426\" src=\"https:\/\/me.yrittajat.fi\/vastuu-kannattaa\/app\/uploads\/sites\/81\/2024\/01\/sdg11-1.jpg\" alt=\"\" class=\"wp-image-280 size-full\" srcset=\"https:\/\/me.yrittajat.fi\/app\/uploads\/sites\/81\/2024\/01\/sdg11-1.jpg 426w, https:\/\/me.yrittajat.fi\/app\/uploads\/sites\/81\/2024\/01\/sdg11-1-300x300.jpg 300w, https:\/\/me.yrittajat.fi\/app\/uploads\/sites\/81\/2024\/01\/sdg11-1-150x150.jpg 150w\" sizes=\"auto, (max-width: 426px) 100vw, 426px\" \/><\/figure><div class=\"wp-block-media-text__content\">\n<p>Kaupungistuminen on kasvava trendi koko maailmassa, sill\u00e4 t\u00e4ll\u00e4 hetkell\u00e4 yli puolet maailman v\u00e4est\u00f6st\u00e4 asuu kaupungeissa, ja vuoteen 2050 menness\u00e4 osuuden odotetaan nousevan 70 prosenttiin. Jokaiselle kuuluu riitt\u00e4v\u00e4, turvallinen ja edullinen asunto sek\u00e4 peruspalvelut. Tavoitteena on luoda turvallisia ja kest\u00e4vi\u00e4 kaupunkeja ja yhteis\u00f6j\u00e4.<\/p>\n<\/div><\/div>\n\n\n\n<div class=\"wp-block-media-text alignwide is-stacked-on-mobile\" style=\"grid-template-columns:15% auto\"><figure class=\"wp-block-media-text__media\"><img loading=\"lazy\" decoding=\"async\" width=\"426\" height=\"426\" src=\"https:\/\/me.yrittajat.fi\/vastuu-kannattaa\/app\/uploads\/sites\/81\/2024\/01\/sdg12-2.jpg\" alt=\"\" class=\"wp-image-282 size-full\" srcset=\"https:\/\/me.yrittajat.fi\/app\/uploads\/sites\/81\/2024\/01\/sdg12-2.jpg 426w, https:\/\/me.yrittajat.fi\/app\/uploads\/sites\/81\/2024\/01\/sdg12-2-300x300.jpg 300w, https:\/\/me.yrittajat.fi\/app\/uploads\/sites\/81\/2024\/01\/sdg12-2-150x150.jpg 150w\" sizes=\"auto, (max-width: 426px) 100vw, 426px\" \/><\/figure><div class=\"wp-block-media-text__content\">\n<p>Vastuullinen kuluttaminen merkitsee kest\u00e4vien kulutustapojen ja tuotantomenetelmien edist\u00e4mist\u00e4. Tavoitteiden saavuttamiseksi tarvitaan tiivist\u00e4 yhteisty\u00f6t\u00e4 kuluttajien, valmistajien, tutkijoiden, p\u00e4\u00e4tt\u00e4jien, median, j\u00e4rjest\u00f6jen ja yritysten v\u00e4lill\u00e4 sek\u00e4 tiedonjakamista. Kest\u00e4v\u00e4\u00e4 kulutusta ja tuotantoa pannaan t\u00e4yt\u00e4nt\u00f6\u00f6n kaikissa maissa kehitystasot ja valmiudet huomioiden.&nbsp;<\/p>\n<\/div><\/div>\n\n\n\n<div class=\"wp-block-media-text alignwide is-stacked-on-mobile\" style=\"grid-template-columns:15% auto\"><figure class=\"wp-block-media-text__media\"><img loading=\"lazy\" decoding=\"async\" width=\"426\" height=\"426\" src=\"https:\/\/me.yrittajat.fi\/vastuu-kannattaa\/app\/uploads\/sites\/81\/2024\/01\/sdg13-2.jpg\" alt=\"\" class=\"wp-image-283 size-full\" srcset=\"https:\/\/me.yrittajat.fi\/app\/uploads\/sites\/81\/2024\/01\/sdg13-2.jpg 426w, https:\/\/me.yrittajat.fi\/app\/uploads\/sites\/81\/2024\/01\/sdg13-2-300x300.jpg 300w, https:\/\/me.yrittajat.fi\/app\/uploads\/sites\/81\/2024\/01\/sdg13-2-150x150.jpg 150w\" sizes=\"auto, (max-width: 426px) 100vw, 426px\" \/><\/figure><div class=\"wp-block-media-text__content\">\n<p>Suuri osa lis\u00e4\u00e4ntyneist\u00e4 ilmakeh\u00e4n kasvihuonekaasup\u00e4\u00e4st\u00f6ist\u00e4 tulee k\u00e4ytt\u00e4mist\u00e4mme fossiilisista energianl\u00e4hteist\u00e4. Maapallon l\u00e4mp\u00f6tila voi nousta seurauksena p\u00e4\u00e4st\u00f6jen lis\u00e4\u00e4ntymiselle. L\u00e4mp\u00f6tilan nousulla on vakavia seurauksia muun muassa ekosysteemeille, ihmisten turvallisuudelle, ruoan tuotannolle sek\u00e4 terveydelle. Ilmastotavoite tukee k\u00f6yhyyden v\u00e4hent\u00e4mist\u00e4 ja kest\u00e4v\u00e4\u00e4 kehityst\u00e4.<\/p>\n<\/div><\/div>\n\n\n\n<div class=\"wp-block-media-text alignwide is-stacked-on-mobile\" style=\"grid-template-columns:15% auto\"><figure class=\"wp-block-media-text__media\"><img loading=\"lazy\" decoding=\"async\" width=\"426\" height=\"426\" src=\"https:\/\/me.yrittajat.fi\/vastuu-kannattaa\/app\/uploads\/sites\/81\/2024\/01\/sdg14-3.jpg\" alt=\"\" class=\"wp-image-284 size-full\" srcset=\"https:\/\/me.yrittajat.fi\/app\/uploads\/sites\/81\/2024\/01\/sdg14-3.jpg 426w, https:\/\/me.yrittajat.fi\/app\/uploads\/sites\/81\/2024\/01\/sdg14-3-300x300.jpg 300w, https:\/\/me.yrittajat.fi\/app\/uploads\/sites\/81\/2024\/01\/sdg14-3-150x150.jpg 150w\" sizes=\"auto, (max-width: 426px) 100vw, 426px\" \/><\/figure><div class=\"wp-block-media-text__content\">\n<p>Merten ja niiden tarjoamien luonnonvarojen s\u00e4ilytt\u00e4minen ja kest\u00e4v\u00e4n k\u00e4yt\u00f6n edist\u00e4minen ovat keskeisi\u00e4 tavoitteita. On v\u00e4ltt\u00e4m\u00e4t\u00f6nt\u00e4 v\u00e4hent\u00e4\u00e4 merien saastumista merkitt\u00e4v\u00e4sti sek\u00e4 suojella merten ja rannikkoalueiden ekosysteemej\u00e4. Lis\u00e4ksi on kiireellisesti puututtava liikakalastuksen aiheuttamiin uhkiin ja edistett\u00e4v\u00e4 maailmanlaajuisia toimia uhanalaisten kalakantojen elvytt\u00e4miseksi.<\/p>\n<\/div><\/div>\n\n\n\n<div class=\"wp-block-media-text alignwide is-stacked-on-mobile\" style=\"grid-template-columns:15% auto\"><figure class=\"wp-block-media-text__media\"><img loading=\"lazy\" decoding=\"async\" width=\"426\" height=\"426\" src=\"https:\/\/me.yrittajat.fi\/vastuu-kannattaa\/app\/uploads\/sites\/81\/2024\/01\/sdg15-1.jpg\" alt=\"\" class=\"wp-image-285 size-full\" srcset=\"https:\/\/me.yrittajat.fi\/app\/uploads\/sites\/81\/2024\/01\/sdg15-1.jpg 426w, https:\/\/me.yrittajat.fi\/app\/uploads\/sites\/81\/2024\/01\/sdg15-1-300x300.jpg 300w, https:\/\/me.yrittajat.fi\/app\/uploads\/sites\/81\/2024\/01\/sdg15-1-150x150.jpg 150w\" sizes=\"auto, (max-width: 426px) 100vw, 426px\" \/><\/figure><div class=\"wp-block-media-text__content\">\n<p>Biologinen monimuotoisuus muodostaa v\u00e4ltt\u00e4m\u00e4tt\u00f6m\u00e4n perustan maapallon ekosysteemeille ja on olennainen tekij\u00e4 nykyisen ja tulevan hyvinvoinnin turvaamisessa. Pitk\u00e4j\u00e4nteinen ja kest\u00e4v\u00e4 luonnonvarojen k\u00e4ytt\u00f6 on avainasemassa pyritt\u00e4ess\u00e4 poistamaan k\u00f6yhyys pysyv\u00e4sti. T\u00e4m\u00e4 edellytt\u00e4\u00e4 maan ekosysteemien suojelua ja ennallistamista sek\u00e4 niiden kest\u00e4v\u00e4n k\u00e4yt\u00f6n edist\u00e4mist\u00e4.<\/p>\n<\/div><\/div>\n\n\n\n<div class=\"wp-block-media-text alignwide is-stacked-on-mobile\" style=\"grid-template-columns:15% auto\"><figure class=\"wp-block-media-text__media\"><img loading=\"lazy\" decoding=\"async\" width=\"426\" height=\"426\" src=\"https:\/\/me.yrittajat.fi\/vastuu-kannattaa\/app\/uploads\/sites\/81\/2024\/01\/sdg16-1.jpg\" alt=\"\" class=\"wp-image-286 size-full\" srcset=\"https:\/\/me.yrittajat.fi\/app\/uploads\/sites\/81\/2024\/01\/sdg16-1.jpg 426w, https:\/\/me.yrittajat.fi\/app\/uploads\/sites\/81\/2024\/01\/sdg16-1-300x300.jpg 300w, https:\/\/me.yrittajat.fi\/app\/uploads\/sites\/81\/2024\/01\/sdg16-1-150x150.jpg 150w\" sizes=\"auto, (max-width: 426px) 100vw, 426px\" \/><\/figure><div class=\"wp-block-media-text__content\">\n<p>Kest\u00e4v\u00e4n kehityksen edist\u00e4miseksi pyrit\u00e4\u00e4n rakentamaan rauhanomaisia ja kaikille avoimia yhteiskuntia. Rauhaa ei voida saavuttaa, jos yhteiskunnissa vallitsee v\u00e4kivalta ja konfliktit. T\u00e4m\u00e4 edellytt\u00e4\u00e4 oikeusvaltion periaatteiden kunnioittamista, toimivaa julkishallintoa ja vastuullisia instituutioita sek\u00e4 avoimuutta kaikille kansalaisille.&nbsp;<\/p>\n<\/div><\/div>\n\n\n\n<div class=\"wp-block-media-text alignwide is-stacked-on-mobile\" style=\"grid-template-columns:15% auto\"><figure class=\"wp-block-media-text__media\"><img loading=\"lazy\" decoding=\"async\" width=\"426\" height=\"426\" src=\"https:\/\/me.yrittajat.fi\/vastuu-kannattaa\/app\/uploads\/sites\/81\/2024\/01\/sdg17-1.jpg\" alt=\"\" class=\"wp-image-287 size-full\" srcset=\"https:\/\/me.yrittajat.fi\/app\/uploads\/sites\/81\/2024\/01\/sdg17-1.jpg 426w, https:\/\/me.yrittajat.fi\/app\/uploads\/sites\/81\/2024\/01\/sdg17-1-300x300.jpg 300w, https:\/\/me.yrittajat.fi\/app\/uploads\/sites\/81\/2024\/01\/sdg17-1-150x150.jpg 150w\" sizes=\"auto, (max-width: 426px) 100vw, 426px\" \/><\/figure><div class=\"wp-block-media-text__content\">\n<p>Tuen tarjoaminen kest\u00e4v\u00e4n kehityksen edist\u00e4miseen ja globaalin kumppanuuden elvytt\u00e4minen ovat t\u00e4rkeit\u00e4. Yhdess\u00e4 hallitusten, yksityisen sektorin, kansalaisyhteiskunnan, YK-j\u00e4rjestelm\u00e4n ja muiden sidosryhmien kanssa voimme saavuttaa Agenda 2030 -toimintasuunnitelman asettamat tavoitteet.<\/p>\n<\/div><\/div>\n\n\n\n<p><strong>Kest\u00e4v\u00e4n kehityksen ala-tavoitteet&nbsp;<\/strong><\/p>\n\n\n\n<p>YK-liiton sivuilta l\u00f6ytyy 17 SDG p\u00e4\u00e4tavoitteiden lis\u00e4ksi 169 alatavoitetta. P\u00e4\u00e4tavoitteiden alatavoitteet avaavat yrityksille lis\u00e4\u00e4 n\u00e4k\u00f6kulmia oman toimintansa arviointiin. Tavoitteiden avulla yritykset voivat tarkemmin tunnistaa alueet, joilla voivat vaikuttaa, kehitt\u00e4\u00e4, tukea, sitoutua, varmistaa, parantaa tai laajentaa toimintaansa.<\/p>\n\n\n\n<p><a href=\"https:\/\/www.ykliitto.fi\/kestava-kehitys#tavoitteet\">Katso kaikki 169 alatavoitetta t\u00e4st\u00e4<\/a><\/p>\n\n\n\n<p>Kaikkien kest\u00e4v\u00e4n kehityksen tavoitteiden ydin on varmistaa, ett\u00e4 tulevaisuuden sukupolvilla on samat mahdollisuudet el\u00e4\u00e4 maapallolla kuin nykyihmiskunnalla.&nbsp;&nbsp;&nbsp;<\/p>\n\n\n\n<p>Suomen YK-Liitto julkaisi Kest\u00e4v\u00e4n kehityksen tavoitteet tiivistettyn\u00e4 korttien muodossa, jossa jokainen kortti esittelee lyhyesti yhden tavoitteen.&nbsp;<\/p>\n\n\n\n<p><a href=\"https:\/\/www.ykliitto.fi\/julkaisut\/kestavan-kehityksen-tavoitteet-tavoitekortit\">Katso ja lataa kest\u00e4v\u00e4 kehityksen tavoitekortit t\u00e4st\u00e4<\/a><\/p>\n\n\n\n<p>Kirjoittaja:&nbsp;<\/p>\n\n\n\n<p><em><strong>Gy\u00f6ngyi M\u00e1tray<\/strong>&nbsp;<br>Projektip\u00e4\u00e4llikk\u00f6&nbsp;<br><strong>Vastuullinen yritystoiminta Pohjois-Karjalassa \u2013 kehitt\u00e4misohjelma<\/strong>&nbsp;<\/em><\/p>\n","protected":false},"excerpt":{"rendered":"<p>Agenda 2030 on YK:n Kest\u00e4v\u00e4n kehityksen globaali toimintasuunnitelma, jonka tavoitteena on varmistaa maapallon ja ihmisten hyvinvointi kest\u00e4v\u00e4n kehityksen tavoitteiden kautta. Kaikki maat, Suomi mukaan lukien, ovat sitoutuneet n\u00e4ihin YK:n asettamiin tavoitteisiin.&nbsp; Yritykset voivat noudattaa kest\u00e4v\u00e4n kehityksen tavoitteita (SDG Sustainable Development Goals) ja sitoutua niihin monin tavoin, kuten arvioimalla ja kartoittamalla oman liiketoimintansa vaikutukset ymp\u00e4rist\u00f6\u00f6n, ihmisiin &hellip; <a href=\"https:\/\/me.yrittajat.fi\/vastuu-kannattaa\/sdg\/\">Lue lis\u00e4\u00e4<\/a><\/p>\n","protected":false},"author":72,"featured_media":315,"parent":0,"menu_order":0,"comment_status":"closed","ping_status":"closed","template":"","meta":{"_acf_changed":false,"footnotes":""},"class_list":["post-263","page","type-page","status-publish","has-post-thumbnail","hentry"],"acf":[],"_links":{"self":[{"href":"https:\/\/me.yrittajat.fi\/vastuu-kannattaa\/wp-json\/wp\/v2\/pages\/263","targetHints":{"allow":["GET"]}}],"collection":[{"href":"https:\/\/me.yrittajat.fi\/vastuu-kannattaa\/wp-json\/wp\/v2\/pages"}],"about":[{"href":"https:\/\/me.yrittajat.fi\/vastuu-kannattaa\/wp-json\/wp\/v2\/types\/page"}],"author":[{"embeddable":true,"href":"https:\/\/me.yrittajat.fi\/vastuu-kannattaa\/wp-json\/wp\/v2\/users\/72"}],"replies":[{"embeddable":true,"href":"https:\/\/me.yrittajat.fi\/vastuu-kannattaa\/wp-json\/wp\/v2\/comments?post=263"}],"version-history":[{"count":24,"href":"https:\/\/me.yrittajat.fi\/vastuu-kannattaa\/wp-json\/wp\/v2\/pages\/263\/revisions"}],"predecessor-version":[{"id":563,"href":"https:\/\/me.yrittajat.fi\/vastuu-kannattaa\/wp-json\/wp\/v2\/pages\/263\/revisions\/563"}],"wp:featuredmedia":[{"embeddable":true,"href":"https:\/\/me.yrittajat.fi\/vastuu-kannattaa\/wp-json\/wp\/v2\/media\/315"}],"wp:attachment":[{"href":"https:\/\/me.yrittajat.fi\/vastuu-kannattaa\/wp-json\/wp\/v2\/media?parent=263"}],"curies":[{"name":"wp","href":"https:\/\/api.w.org\/{rel}","templated":true}]}}