{"id":3,"date":"2023-12-19T12:36:08","date_gmt":"2023-12-19T10:36:08","guid":{"rendered":"https:\/\/me.yrittajat.fi\/vastuu-kannattaa\/etusivu\/"},"modified":"2025-10-30T07:53:46","modified_gmt":"2025-10-30T05:53:46","slug":"etusivu","status":"publish","type":"page","link":"https:\/\/me.yrittajat.fi\/vastuu-kannattaa\/","title":{"rendered":"Etusivu"},"content":{"rendered":"\n<figure class=\"wp-block-image size-full\"><a href=\"https:\/\/forms.gle\/c2mbeKJkqi5Qi1o3A\"><img loading=\"lazy\" decoding=\"async\" width=\"1000\" height=\"250\" src=\"https:\/\/me.yrittajat.fi\/vastuu-kannattaa\/app\/uploads\/sites\/81\/2024\/12\/vastuullisuuskyselyymme2.jpg\" alt=\"\" class=\"wp-image-965\" srcset=\"https:\/\/me.yrittajat.fi\/app\/uploads\/sites\/81\/2024\/12\/vastuullisuuskyselyymme2.jpg 1000w, https:\/\/me.yrittajat.fi\/app\/uploads\/sites\/81\/2024\/12\/vastuullisuuskyselyymme2-300x75.jpg 300w, https:\/\/me.yrittajat.fi\/app\/uploads\/sites\/81\/2024\/12\/vastuullisuuskyselyymme2-768x192.jpg 768w\" sizes=\"auto, (max-width: 1000px) 100vw, 1000px\" \/><\/a><\/figure>\n\n\n\n<p> <br><\/p>\n\n\n\n<p><\/p>\n\n\n\n\t<div id=\"gb-ingress-block_89ebc1ab91d8964567abacffc97665b1\"\n\t     class=\"gb-ingress gb-ingress-block_89ebc1ab91d8964567abacffc97665b1\">\n\t\t\t\t\t<p class=\"gb-ingress__content\">\n\t\t\t\tKehitt\u00e4misohjelma auttaa pk-yritt\u00e4ji\u00e4 saamaan oikeat tiedot toimintaymp\u00e4rist\u00f6n muutoksesta ja vastuullisen liiketoiminnan odotuksista.\t\t\t<\/p>\n\t\t\t<\/div>\n\n\n\n\n<p><strong><em>1.6.2023 \u2013 31.5.2026<\/em><\/strong><\/p>\n\n\n\n<figure class=\"wp-block-image size-full\"><img loading=\"lazy\" decoding=\"async\" width=\"932\" height=\"441\" src=\"https:\/\/me.yrittajat.fi\/vastuu-kannattaa\/app\/uploads\/sites\/81\/2024\/01\/kestava-kehitys-nettisvuille1-1.png\" alt=\"\" class=\"wp-image-305\" srcset=\"https:\/\/me.yrittajat.fi\/app\/uploads\/sites\/81\/2024\/01\/kestava-kehitys-nettisvuille1-1.png 932w, https:\/\/me.yrittajat.fi\/app\/uploads\/sites\/81\/2024\/01\/kestava-kehitys-nettisvuille1-1-300x142.png 300w, https:\/\/me.yrittajat.fi\/app\/uploads\/sites\/81\/2024\/01\/kestava-kehitys-nettisvuille1-1-768x363.png 768w\" sizes=\"auto, (max-width: 932px) 100vw, 932px\" \/><\/figure>\n\n\n\n\t<div id=\"gb-background-block_89379285d24e4fe1e885a3047fa7e479\" class=\"gb-background gb-background-block_89379285d24e4fe1e885a3047fa7e479 bg-white\">\n\t\t<div class=\"container\">\n\t\t\t<div class=\"gutenberg-content\">\n\t\t\t\t\t\t\t\t\n\n\t<div id=\"gb-anchor-block_0b499f9bd55ad5801127039107bde33e\" class=\"gb-anchor gb-anchor-block_0b499f9bd55ad5801127039107bde33e\">\n\t\t\t\t\t<div class=\"gb-anchor__anchor\" id=\"tavoitteet\"><\/div>\n\n\t\t\t\t\t\t<\/div>\n\n\n\n\n<h2 class=\"wp-block-heading\">Tavoitteet<\/h2>\n\n\n\n<p>Vastuullinen yritystoiminta Pohjois-Karjalassa -hankkeen p\u00e4\u00e4tavoitteena on tehd\u00e4 vastuullisuuteen liittyvist\u00e4 k\u00e4sitteist\u00e4, vaatimuksista, lains\u00e4\u00e4d\u00e4nn\u00f6ist\u00e4 selke\u00e4mpi\u00e4 ja ymm\u00e4rrett\u00e4vimpi\u00e4 yritt\u00e4jille. T\u00e4m\u00e4 tarkoittaa sek\u00e4 vastuullisuuteen liittyvien vaatimusten ett\u00e4 mahdollisuuksien avaamista hankkeen tapahtumissa, jotta yritt\u00e4j\u00e4t voivat hy\u00f6dynt\u00e4\u00e4 niit\u00e4 liiketoimintansa kehitt\u00e4misess\u00e4.<\/p>\n\n\n\n<p>Tietoisuuden ja ymm\u00e4rryksen lis\u00e4\u00e4misen ohella tavoitteena on innostaa ja valmentaa yritt\u00e4ji\u00e4 tarttumaan uusiin mahdollisuuksiin saavuttaa kilpailuetua, kasvattaa toimintaansa, hy\u00f6dynt\u00e4\u00e4 Euroopan ja maailmanlaajuisesti kansainv\u00e4liset tilaisuudet ja saada ty\u00f6paikat kasvuun Pohjois-Karjalassa.<\/p>\n\n\n\n<p>Vastuullinen yritystoiminta Pohjois-Karjalassa -hankkeena aikana j\u00e4rjest\u00e4mme erilaisia tapahtumia, jotka k\u00e4sittelev\u00e4t vastuullisuusaiheita, kuten ymp\u00e4rist\u00f6vastuullisuutta, asiakkaita, henkil\u00f6st\u00f6\u00e4, yhteiskuntaa, kiertotaloutta, ty\u00f6llisyytt\u00e4 ja viestint\u00e4\u00e4.<\/p>\n\n\n\n<p><strong>Vastuullisuus on enemm\u00e4n kuin vain sana<\/strong>; se on sitoumus toimia oikein ymp\u00e4rist\u00f6n, ihmisten ja yhteiskunnan hyv\u00e4ksi. Vastuullisen liiketoiminnan taustalla on <a href=\"https:\/\/www.ykliitto.fi\/kestava-kehitys\">YK:n Kest\u00e4v\u00e4n kehityksen globaali toimintaohjelma Agenda 2030<\/a><a href=\"http:\/\/www.sehvi.fi\">.<\/a> <\/p>\n\n\n\n<p>T\u00e4m\u00e4n ohjelman tavoitteet ovat yhteiset kaikille maailman maille, ja hallitukset ovat sitoutuneet laatimaan kansalliset suunnitelmat kest\u00e4v\u00e4n kehityksen tavoitteiden saavuttamiseksi.<\/p>\n\n\n\n<p>Vastuullisesti toimiva yritys tunnistaa toimintansa vaikutukset ymp\u00e4rist\u00f6\u00f6n, ihmisiin, talouteen ja yhteiskuntaan. Se pyrkii vahvistamaan positiivisia ja minimoimaan negatiivisia vaikutuksia.<\/p>\n\n\n\t\t\t<\/div>\n\t\t<\/div>\n\t<\/div>\n\n\n\n\n<p class=\"has-black-color has-text-color has-link-color wp-elements-174c9807a691ed896bd580bfe91e0f54\" style=\"font-size:22px\"><\/p>\n\n\n\n<hr class=\"wp-block-separator has-alpha-channel-opacity is-style-wide\" \/>\n\n\n\n<p class=\"has-text-align-center\">&#8211; Hanketta rahoittavat &#8211;<\/p>\n\n\n\n<figure class=\"wp-block-image size-full\"><img loading=\"lazy\" decoding=\"async\" width=\"1000\" height=\"250\" src=\"https:\/\/me.yrittajat.fi\/vastuu-kannattaa\/app\/uploads\/sites\/81\/2024\/12\/logot_nettisivuille.jpg\" alt=\"\" class=\"wp-image-968\" srcset=\"https:\/\/me.yrittajat.fi\/app\/uploads\/sites\/81\/2024\/12\/logot_nettisivuille.jpg 1000w, https:\/\/me.yrittajat.fi\/app\/uploads\/sites\/81\/2024\/12\/logot_nettisivuille-300x75.jpg 300w, https:\/\/me.yrittajat.fi\/app\/uploads\/sites\/81\/2024\/12\/logot_nettisivuille-768x192.jpg 768w\" sizes=\"auto, (max-width: 1000px) 100vw, 1000px\" \/><\/figure>\n\n\n\n<p><\/p>\n","protected":false},"excerpt":{"rendered":"<p>1.6.2023 \u2013 31.5.2026 &#8211; Hanketta rahoittavat &#8211;<\/p>\n","protected":false},"author":72,"featured_media":410,"parent":0,"menu_order":0,"comment_status":"closed","ping_status":"closed","template":"","meta":{"_acf_changed":false,"footnotes":""},"class_list":["post-3","page","type-page","status-publish","has-post-thumbnail","hentry"],"acf":[],"_links":{"self":[{"href":"https:\/\/me.yrittajat.fi\/vastuu-kannattaa\/wp-json\/wp\/v2\/pages\/3","targetHints":{"allow":["GET"]}}],"collection":[{"href":"https:\/\/me.yrittajat.fi\/vastuu-kannattaa\/wp-json\/wp\/v2\/pages"}],"about":[{"href":"https:\/\/me.yrittajat.fi\/vastuu-kannattaa\/wp-json\/wp\/v2\/types\/page"}],"author":[{"embeddable":true,"href":"https:\/\/me.yrittajat.fi\/vastuu-kannattaa\/wp-json\/wp\/v2\/users\/72"}],"replies":[{"embeddable":true,"href":"https:\/\/me.yrittajat.fi\/vastuu-kannattaa\/wp-json\/wp\/v2\/comments?post=3"}],"version-history":[{"count":5,"href":"https:\/\/me.yrittajat.fi\/vastuu-kannattaa\/wp-json\/wp\/v2\/pages\/3\/revisions"}],"predecessor-version":[{"id":1457,"href":"https:\/\/me.yrittajat.fi\/vastuu-kannattaa\/wp-json\/wp\/v2\/pages\/3\/revisions\/1457"}],"wp:featuredmedia":[{"embeddable":true,"href":"https:\/\/me.yrittajat.fi\/vastuu-kannattaa\/wp-json\/wp\/v2\/media\/410"}],"wp:attachment":[{"href":"https:\/\/me.yrittajat.fi\/vastuu-kannattaa\/wp-json\/wp\/v2\/media?parent=3"}],"curies":[{"name":"wp","href":"https:\/\/api.w.org\/{rel}","templated":true}]}}