{"id":375,"date":"2024-01-29T12:05:07","date_gmt":"2024-01-29T10:05:07","guid":{"rendered":"https:\/\/me.yrittajat.fi\/vastuu-kannattaa\/?page_id=375"},"modified":"2025-02-14T09:25:52","modified_gmt":"2025-02-14T07:25:52","slug":"yhteystiedot","status":"publish","type":"page","link":"https:\/\/me.yrittajat.fi\/vastuu-kannattaa\/yhteystiedot\/","title":{"rendered":"Yhteystiedot"},"content":{"rendered":"\n<p class=\"has-text-align-center\">Her\u00e4sik\u00f6 sinulle jotain kysytt\u00e4v\u00e4\u00e4?  Ota meihin yhteytt\u00e4!<\/p>\n\n\n<div id=\"gb-manual-contact-lift-block_15f74f50d1a4850ff17886afeee91d64\" class=\"gb-manual-contact-lift gb-manual-contact-lift-block_15f74f50d1a4850ff17886afeee91d64\">\n\t<div class=\"gb-manual-contact-lift__column gb-manual-contact-lift__column--first\">\n\t\t<div class=\"gb-manual-contact-lift__image\">\n\t\t\t\t\t\t\t<img loading=\"lazy\" decoding=\"async\" width=\"200\" height=\"200\" src=\"data:image\/gif;base64,R0lGODlhAQABAIAAAAAAAP\/\/\/yH5BAEAAAAALAAAAAABAAEAAAIBRAA7\" class=\"attachment-single-contact size-single-contact\" alt=\"\" data-src=\"https:\/\/me.yrittajat.fi\/app\/uploads\/sites\/81\/2024\/01\/gyongyi-netti-1-1-200x200-1.png\" data-srcset=\"https:\/\/me.yrittajat.fi\/app\/uploads\/sites\/81\/2024\/01\/gyongyi-netti-1-1-200x200-1.png 200w, https:\/\/me.yrittajat.fi\/app\/uploads\/sites\/81\/2024\/01\/gyongyi-netti-1-1-200x200-1-150x150.png 150w\" data-sizes=\"(max-width: 200px) 100vw, 200px\" data-lazy=\"\" \/>\t\t\t\t\t<\/div>\n\n\t\t<div class=\"gb-manual-contact-lift__info-wrapper\">\n\t\t\t\t\t\t\t<h3 class=\"gb-manual-contact-lift__name\">\n\t\t\t\t\t Gy\u00f6ngyi M\u00e1tray\t\t\t\t<\/h3>\n\t\t\t\t\t\t\t\t\t\t<div class=\"gb-manual-contact-lift__job_title\">\n\t\t\t\t\tProjektip\u00e4\u00e4llikk\u00f6\t\t\t\t<\/div>\n\t\t\t\t\t\t\t\t\t\t<div class=\"gb-manual-contact-lift__company-name\">\n\t\t\t\t\tPohjois-Karjalan Yritt\u00e4j\u00e4t\t\t\t\t<\/div>\n\t\t\t\t\t<\/div>\n\t<\/div>\n\t<div class=\"gb-manual-contact-lift__column gb-manual-contact-lift__column--second\">\n\t\t\t\t\t<div class=\"gb-manual-contact-lift__phone\">\n\t\t\t\t<svg xmlns=\"http:\/\/www.w3.org\/2000\/svg\" viewBox=\"0 0 18 18\"><path d=\"M13.503 17.337C6.42 17.327.68 11.587.67 4.503A3.833 3.833 0 014.503.67c.216-.002.43.018.642.058.204.03.405.08.6.15a.833.833 0 01.542.625l1.141 5a.833.833 0 01-.216.767c-.109.117-.117.125-1.142.658a8.258 8.258 0 004.058 4.075c.542-1.033.55-1.041.667-1.15a.833.833 0 01.767-.216l5 1.141c.28.065.506.27.6.542a3.647 3.647 0 01.208 1.242 3.833 3.833 0 01-3.867 3.775z\"\/><\/svg>\t\t\t\t<a href=\"tel:050 557 8652\">\n\t\t\t\t\t050 557 8652\t\t\t\t<\/a>\n\t\t\t<\/div>\n\t\t\t\t\t\t\t<div class=\"gb-manual-contact-lift__email\">\n\t\t\t\t<svg xmlns=\"http:\/\/www.w3.org\/2000\/svg\" viewBox=\"0 0 18 14\"><path d=\"M14.837.33a2.5 2.5 0 012.5 2.5v8.333a2.5 2.5 0 01-2.5 2.5H3.17a2.5 2.5 0 01-2.5-2.5V2.83a2.5 2.5 0 012.5-2.5zM3.17 1.997l5.417 3.725a.833.833 0 00.833 0l5.417-3.725z\"\/><\/svg>\t\t\t\t<a href=\"mailto:&#103;&#121;&#111;n&#103;yi.mat&#114;ay&#064;&#121;&#114;i&#116;&#116;&#097;ja&#116;.f&#105;\">\n\t\t\t\t\tg&#121;&#111;&#110;g&#121;i&#046;m&#097;&#116;ra&#121;&#064;&#121;r&#105;t&#116;a&#106;&#097;t.&#102;&#105;\t\t\t\t<\/a>\n\t\t\t<\/div>\n\t\t\t<\/div>\n\n<\/div>\n\n\n<div id=\"gb-manual-contact-lift-block_d31b86c8985326f676daecbdcd407037\" class=\"gb-manual-contact-lift gb-manual-contact-lift-block_d31b86c8985326f676daecbdcd407037\">\n\t<div class=\"gb-manual-contact-lift__column gb-manual-contact-lift__column--first\">\n\t\t<div class=\"gb-manual-contact-lift__image\">\n\t\t\t\t\t\t\t<img loading=\"lazy\" decoding=\"async\" width=\"200\" height=\"200\" src=\"data:image\/gif;base64,R0lGODlhAQABAIAAAAAAAP\/\/\/yH5BAEAAAAALAAAAAABAAEAAAIBRAA7\" class=\"attachment-single-contact size-single-contact\" alt=\"\" data-src=\"https:\/\/me.yrittajat.fi\/app\/uploads\/sites\/81\/2024\/01\/tuomas-riikonen-2-200x200-1.png\" data-srcset=\"https:\/\/me.yrittajat.fi\/app\/uploads\/sites\/81\/2024\/01\/tuomas-riikonen-2-200x200-1.png 200w, https:\/\/me.yrittajat.fi\/app\/uploads\/sites\/81\/2024\/01\/tuomas-riikonen-2-200x200-1-150x150.png 150w\" data-sizes=\"(max-width: 200px) 100vw, 200px\" data-lazy=\"\" \/>\t\t\t\t\t<\/div>\n\n\t\t<div class=\"gb-manual-contact-lift__info-wrapper\">\n\t\t\t\t\t\t\t<h3 class=\"gb-manual-contact-lift__name\">\n\t\t\t\t\tTuomas Riikonen\t\t\t\t<\/h3>\n\t\t\t\t\t\t\t\t\t\t<div class=\"gb-manual-contact-lift__job_title\">\n\t\t\t\t\tProjektisihteeri\t\t\t\t<\/div>\n\t\t\t\t\t\t\t\t\t\t<div class=\"gb-manual-contact-lift__company-name\">\n\t\t\t\t\tPohjois-Karjalan Yritt\u00e4j\u00e4t\t\t\t\t<\/div>\n\t\t\t\t\t<\/div>\n\t<\/div>\n\t<div class=\"gb-manual-contact-lift__column gb-manual-contact-lift__column--second\">\n\t\t\t\t\t<div class=\"gb-manual-contact-lift__phone\">\n\t\t\t\t<svg xmlns=\"http:\/\/www.w3.org\/2000\/svg\" viewBox=\"0 0 18 18\"><path d=\"M13.503 17.337C6.42 17.327.68 11.587.67 4.503A3.833 3.833 0 014.503.67c.216-.002.43.018.642.058.204.03.405.08.6.15a.833.833 0 01.542.625l1.141 5a.833.833 0 01-.216.767c-.109.117-.117.125-1.142.658a8.258 8.258 0 004.058 4.075c.542-1.033.55-1.041.667-1.15a.833.833 0 01.767-.216l5 1.141c.28.065.506.27.6.542a3.647 3.647 0 01.208 1.242 3.833 3.833 0 01-3.867 3.775z\"\/><\/svg>\t\t\t\t<a href=\"tel:050 340 4649\">\n\t\t\t\t\t050 340 4649\t\t\t\t<\/a>\n\t\t\t<\/div>\n\t\t\t\t\t\t\t<div class=\"gb-manual-contact-lift__email\">\n\t\t\t\t<svg xmlns=\"http:\/\/www.w3.org\/2000\/svg\" viewBox=\"0 0 18 14\"><path d=\"M14.837.33a2.5 2.5 0 012.5 2.5v8.333a2.5 2.5 0 01-2.5 2.5H3.17a2.5 2.5 0 01-2.5-2.5V2.83a2.5 2.5 0 012.5-2.5zM3.17 1.997l5.417 3.725a.833.833 0 00.833 0l5.417-3.725z\"\/><\/svg>\t\t\t\t<a href=\"mailto:&#116;uom&#097;s&#046;&#114;&#105;i&#107;&#111;&#110;e&#110;&#064;y&#114;&#105;tta&#106;&#097;t.fi\">\n\t\t\t\t\t&#116;&#117;om&#097;&#115;&#046;r&#105;&#105;ko&#110;&#101;&#110;&#064;y&#114;i&#116;t&#097;jat.fi\t\t\t\t<\/a>\n\t\t\t<\/div>\n\t\t\t<\/div>\n\n<\/div>\n\n\n<div id=\"gb-manual-contact-lift-block_50120d956306187f76a974d116f8c5a4\" class=\"gb-manual-contact-lift gb-manual-contact-lift-block_50120d956306187f76a974d116f8c5a4\">\n\t<div class=\"gb-manual-contact-lift__column gb-manual-contact-lift__column--first\">\n\t\t<div class=\"gb-manual-contact-lift__image\">\n\t\t\t\t\t\t\t<img loading=\"lazy\" decoding=\"async\" width=\"200\" height=\"200\" src=\"data:image\/gif;base64,R0lGODlhAQABAIAAAAAAAP\/\/\/yH5BAEAAAAALAAAAAABAAEAAAIBRAA7\" class=\"attachment-single-contact size-single-contact\" alt=\"\" data-src=\"https:\/\/me.yrittajat.fi\/app\/uploads\/sites\/81\/2024\/01\/dsc8565-edit-200x200-1.jpg\" data-srcset=\"https:\/\/me.yrittajat.fi\/app\/uploads\/sites\/81\/2024\/01\/dsc8565-edit-200x200-1.jpg 200w, https:\/\/me.yrittajat.fi\/app\/uploads\/sites\/81\/2024\/01\/dsc8565-edit-200x200-1-150x150.jpg 150w\" data-sizes=\"(max-width: 200px) 100vw, 200px\" data-lazy=\"\" \/>\t\t\t\t\t<\/div>\n\n\t\t<div class=\"gb-manual-contact-lift__info-wrapper\">\n\t\t\t\t\t\t\t<h3 class=\"gb-manual-contact-lift__name\">\n\t\t\t\t\t Merja Blomberg\t\t\t\t<\/h3>\n\t\t\t\t\t\t\t\t\t\t<div class=\"gb-manual-contact-lift__job_title\">\n\t\t\t\t\tToimitusjohtaja\t\t\t\t<\/div>\n\t\t\t\t\t\t\t\t\t\t<div class=\"gb-manual-contact-lift__company-name\">\n\t\t\t\t\tPohjois-Karjalan Yritt\u00e4j\u00e4t\t\t\t\t<\/div>\n\t\t\t\t\t<\/div>\n\t<\/div>\n\t<div class=\"gb-manual-contact-lift__column gb-manual-contact-lift__column--second\">\n\t\t\t\t\t<div class=\"gb-manual-contact-lift__phone\">\n\t\t\t\t<svg xmlns=\"http:\/\/www.w3.org\/2000\/svg\" viewBox=\"0 0 18 18\"><path d=\"M13.503 17.337C6.42 17.327.68 11.587.67 4.503A3.833 3.833 0 014.503.67c.216-.002.43.018.642.058.204.03.405.08.6.15a.833.833 0 01.542.625l1.141 5a.833.833 0 01-.216.767c-.109.117-.117.125-1.142.658a8.258 8.258 0 004.058 4.075c.542-1.033.55-1.041.667-1.15a.833.833 0 01.767-.216l5 1.141c.28.065.506.27.6.542a3.647 3.647 0 01.208 1.242 3.833 3.833 0 01-3.867 3.775z\"\/><\/svg>\t\t\t\t<a href=\"tel:050 367 5194\">\n\t\t\t\t\t050 367 5194\t\t\t\t<\/a>\n\t\t\t<\/div>\n\t\t\t\t\t\t\t<div class=\"gb-manual-contact-lift__email\">\n\t\t\t\t<svg xmlns=\"http:\/\/www.w3.org\/2000\/svg\" viewBox=\"0 0 18 14\"><path d=\"M14.837.33a2.5 2.5 0 012.5 2.5v8.333a2.5 2.5 0 01-2.5 2.5H3.17a2.5 2.5 0 01-2.5-2.5V2.83a2.5 2.5 0 012.5-2.5zM3.17 1.997l5.417 3.725a.833.833 0 00.833 0l5.417-3.725z\"\/><\/svg>\t\t\t\t<a href=\"mailto:&#109;&#101;r&#106;a.&#098;&#108;o&#109;b&#101;&#114;g&#064;y&#114;it&#116;&#097;j&#097;t.fi\">\n\t\t\t\t\tm&#101;rj&#097;.b&#108;o&#109;berg&#064;&#121;r&#105;t&#116;aj&#097;&#116;&#046;fi\t\t\t\t<\/a>\n\t\t\t<\/div>\n\t\t\t<\/div>\n\n<\/div>\n\n\n\n<p class=\"has-text-align-center\"><strong>Seuraa meit\u00e4 somessa!<\/strong><\/p>\n\n\n\n<div class=\"wp-block-columns is-layout-flex wp-container-core-columns-is-layout-1 wp-block-columns-is-layout-flex\">\n<div class=\"wp-block-column is-vertically-aligned-bottom is-layout-flow wp-block-column-is-layout-flow\"><div class=\"wp-block-image\">\n<figure class=\"aligncenter size-full is-resized\"><a href=\"https:\/\/www.facebook.com\/people\/Vastuu-kannattaa\/61552499294954\/\"><img loading=\"lazy\" decoding=\"async\" width=\"150\" height=\"150\" src=\"https:\/\/me.yrittajat.fi\/app\/uploads\/sites\/81\/2025\/02\/Face.jpg\" alt=\"\" class=\"wp-image-1053\" style=\"width:200px\" \/><\/a><\/figure><\/div><\/div>\n\n\n\n<div class=\"wp-block-column is-vertically-aligned-top is-layout-flow wp-block-column-is-layout-flow\"><div class=\"wp-block-image\">\n<figure class=\"aligncenter size-full is-resized\"><a href=\"https:\/\/www.instagram.com\/vastuu_kannattaa\/\"><img loading=\"lazy\" decoding=\"async\" width=\"150\" height=\"150\" src=\"https:\/\/me.yrittajat.fi\/app\/uploads\/sites\/81\/2025\/02\/Insta.jpg\" alt=\"\" class=\"wp-image-1054\" style=\"width:200px\" \/><\/a><\/figure><\/div><\/div>\n<\/div>\n\n\n\n<p><\/p>\n","protected":false},"excerpt":{"rendered":"<p>Her\u00e4sik\u00f6 sinulle jotain kysytt\u00e4v\u00e4\u00e4? Ota meihin yhteytt\u00e4! Seuraa meit\u00e4 somessa!<\/p>\n","protected":false},"author":72,"featured_media":410,"parent":0,"menu_order":0,"comment_status":"closed","ping_status":"closed","template":"","meta":{"_acf_changed":false,"footnotes":""},"class_list":["post-375","page","type-page","status-publish","has-post-thumbnail","hentry"],"acf":[],"_links":{"self":[{"href":"https:\/\/me.yrittajat.fi\/vastuu-kannattaa\/wp-json\/wp\/v2\/pages\/375","targetHints":{"allow":["GET"]}}],"collection":[{"href":"https:\/\/me.yrittajat.fi\/vastuu-kannattaa\/wp-json\/wp\/v2\/pages"}],"about":[{"href":"https:\/\/me.yrittajat.fi\/vastuu-kannattaa\/wp-json\/wp\/v2\/types\/page"}],"author":[{"embeddable":true,"href":"https:\/\/me.yrittajat.fi\/vastuu-kannattaa\/wp-json\/wp\/v2\/users\/72"}],"replies":[{"embeddable":true,"href":"https:\/\/me.yrittajat.fi\/vastuu-kannattaa\/wp-json\/wp\/v2\/comments?post=375"}],"version-history":[{"count":5,"href":"https:\/\/me.yrittajat.fi\/vastuu-kannattaa\/wp-json\/wp\/v2\/pages\/375\/revisions"}],"predecessor-version":[{"id":1059,"href":"https:\/\/me.yrittajat.fi\/vastuu-kannattaa\/wp-json\/wp\/v2\/pages\/375\/revisions\/1059"}],"wp:featuredmedia":[{"embeddable":true,"href":"https:\/\/me.yrittajat.fi\/vastuu-kannattaa\/wp-json\/wp\/v2\/media\/410"}],"wp:attachment":[{"href":"https:\/\/me.yrittajat.fi\/vastuu-kannattaa\/wp-json\/wp\/v2\/media?parent=375"}],"curies":[{"name":"wp","href":"https:\/\/api.w.org\/{rel}","templated":true}]}}