{"id":484,"date":"2024-02-13T09:54:40","date_gmt":"2024-02-13T07:54:40","guid":{"rendered":"https:\/\/me.yrittajat.fi\/vastuu-kannattaa\/?page_id=484"},"modified":"2024-02-13T10:39:34","modified_gmt":"2024-02-13T08:39:34","slug":"avoimuus-taklaa-viherpesun","status":"publish","type":"page","link":"https:\/\/me.yrittajat.fi\/vastuu-kannattaa\/avoimuus-taklaa-viherpesun\/","title":{"rendered":"Avoimuus taklaa viherpesun\u00a0"},"content":{"rendered":"\n<p><\/p>\n\n\n\n<p><em>Yritt\u00e4jyydess\u00e4 matkaan mahtuu mutkia, saavutuksia, ihmettely\u00e4 ja harhautumisia, mutta etenkin arjen ty\u00f6t\u00e4 ja tekemist\u00e4. Ne, jotka kertovat tarinastaan erottuvat \u2013 usein edell\u00e4k\u00e4vij\u00f6in\u00e4. Sama p\u00e4tee my\u00f6s vastuullisuuteen.<\/em>&nbsp;<\/p>\n\n\n\n<p>Vastuullisuudesta viestiminen koetaan kuitenkin vaativana. Ket\u00e4 kiinnostaa? Mit\u00e4 min\u00e4 nyt t\u00e4st\u00e4 kertoisin? Uskallanko kertoa, ettei tulkita v\u00e4\u00e4rin?&nbsp;&nbsp;<\/p>\n\n\n\n<p>Varmaa on, ett\u00e4 vastuullisuusviestinn\u00e4n hy\u00f6dyt p\u00e4ihitt\u00e4v\u00e4t riskit. Maine ja br\u00e4ndi vahvistuvat, ty\u00f6nantajamielikuva kirkastuu, asiakasluottamus ja rahoitusmahdollisuudet kohenevat. Liikkeell\u00e4 kannattaa olla nyt, sill\u00e4 esimerkiksi tuoreeseen <a href=\"https:\/\/www.op.fi\/yritykset\/asiakkuus\/suuryritykset\/suuryritystutkimus\" target=\"_blank\" rel=\"noreferrer noopener\">Osuuspankin suuryritystutkimukseen<\/a> vastanneista 56 prosenttia on joutunut vaihtamaan alihankkijoita tai toimittajia \u200b\u200bvastuullisuusvelvoitteiden takia. Viestint\u00e4 liittyy olennaisesti n\u00e4ihin vastuullisuusodotuksiin.&nbsp;&nbsp;<\/p>\n\n\n\n<p><strong>S\u00e4\u00e4ntely kiritt\u00e4\u00e4 toimiin<\/strong>&nbsp;<\/p>\n\n\n\n<p>Usein parjattu EU-s\u00e4\u00e4ntely toimii vastuullisuusviestinn\u00e4n ajurina. T\u00e4m\u00e4n vuoden alusta voimaan tullut <a href=\"https:\/\/finance.ec.europa.eu\/regulation-and-supervision\/financial-services-legislation\/implementing-and-delegated-acts\/corporate-sustainability-reporting-directive_en\" target=\"_blank\" rel=\"noreferrer noopener\">CSRD-direktiivi<\/a> edellytt\u00e4\u00e4 suurilta yrityksilt\u00e4 kest\u00e4vyysraportointia, joka on entist\u00e4 laajempaa ja yksityiskohtaisempaa. Vuoden p\u00e4\u00e4st\u00e4 s\u00e4\u00e4ntelyn piiriss\u00e4 ovat my\u00f6s suurehkot pk-yritykset. Eik\u00e4 raportointi katso en\u00e4\u00e4 pelk\u00e4st\u00e4\u00e4n taaksep\u00e4in, vaan tulevaisuusn\u00e4k\u00f6kulmakin sis\u00e4ltyy vaatimuksiin. Vaatimukset tulevat heijastumaan my\u00f6s pienempiin yrityksiin, joten niill\u00e4kin kannattaa olla vastuullisuusty\u00f6st\u00e4\u00e4n luotettavaa dataa selke\u00e4sti viestittyn\u00e4.&nbsp;&nbsp;<\/p>\n\n\n\n<p><strong>Viherpesu kuriin<\/strong>&nbsp;<\/p>\n\n\n\n<p>Optimisti n\u00e4kee EU-s\u00e4\u00e4ntelyn raamina, joka helpottaa tekemist\u00e4. Ehdotus EU:n viherpesudirektiiviksi <a href=\"https:\/\/environment.ec.europa.eu\/topics\/circular-economy\/green-claims_en\" target=\"_blank\" rel=\"noreferrer noopener\">(Green Claims)<\/a> suitsii harhaanjohtavia ymp\u00e4rist\u00f6v\u00e4itt\u00e4mi\u00e4 ja vaatii tilalle faktoja ja rehellisyytt\u00e4. Sen soveltamisalan piiriin kuuluvat kaikki yli 10 hengen yritykset. Rotia tarvitaan, sill\u00e4 useiden tutkimusten mukaan jopa yli puolet yritysten ymp\u00e4rist\u00f6v\u00e4itteist\u00e4 on harhaanjohtavia, liioiteltuja tai virheellisi\u00e4. Esimerkiksi pari vuotta sitten <a href=\"https:\/\/julkaisut.valtioneuvosto.fi\/handle\/10024\/164261\" target=\"_blank\" rel=\"noreferrer noopener\">Suomen ymp\u00e4rist\u00f6keskus (SYKE) analysoi suomalaisia verkkomainoksia.<\/a> Ymp\u00e4rist\u00f6v\u00e4itteist\u00e4 arvioitiin ep\u00e4asiallisiksi yli puolet (56 %).&nbsp;&nbsp;<\/p>\n\n\n\n<p>Ilmaisut, kuten <strong>\u201dvihre\u00e4\u201d<\/strong>, <strong>\u201dekologinen\u201d<\/strong>, <strong>\u201dymp\u00e4rist\u00f6yst\u00e4v\u00e4llinen\u201d<\/strong> joutavat likapyykkikoriin, ellei niiden tueksi ole esitt\u00e4\u00e4 todennettavia tosiasioita. Vastuullisuus-termin yleisluonteinen k\u00e4ytt\u00f6 kuuluu sekin suurennuslasin alle. Visuaalisuuteenkin p\u00e4tee rehti meininki: vihreiden tunnelmakuvien aika on ohi.&nbsp;&nbsp;<\/p>\n\n\n\n<p>S\u00e4\u00e4ntely siis rajoittaa p\u00e4\u00e4lle liimattuja sloganeita ja kuluttajia h\u00e4mment\u00e4vi\u00e4 lupauksia. Se ei rajoita viestimist\u00e4, p\u00e4invastoin.&nbsp;&nbsp;<\/p>\n\n\n\n<p><strong>Sidosryhm\u00e4t mukaan entist\u00e4 paremmin<\/strong>&nbsp;<\/p>\n\n\n\n<p>Sidosryhmien kuuleminen on olennainen osa vastuullisuusviestint\u00e4\u00e4 ja -raportointia. Avoin viestint\u00e4 kertoo arvostuksesta asiakkaita, kumppaneita ja henkil\u00f6st\u00f6\u00e4 kohtaan. Heit\u00e4 kuunnellaan, ollaan avoimia ja reiluja. Vastavuoroisesti he osoittavat luottamustaan ja arvostustaan kertomalla mielell\u00e4\u00e4n vastuullisuusteoistasi eteenp\u00e4in.&nbsp;&nbsp;<\/p>\n\n\n\n<p>Kun yrityksen vastuullisuuden polkua aletaan kaivaa hangesta esiin, tulee viestinn\u00e4n startata jo ennen kuin rukkaset on vedetty k\u00e4teen. Reitti selkenee, tarina ter\u00e4v\u00f6ityy ja sidosryhm\u00e4t tiet\u00e4v\u00e4t miss\u00e4 menn\u00e4\u00e4n. \u200b\u200bHikikin virtaa, ja parantamisen varaa l\u00f6ytyy aina, koska vastuullisuus ei tule koskaan t\u00e4ysin valmiiksi.&nbsp;&nbsp;<\/p>\n\n\n\n<p><strong>Kuinka liikkeelle?<\/strong>&nbsp;<\/p>\n\n\n\n<p>N\u00e4ill\u00e4 konsteilla p\u00e4\u00e4set vastuullisuusviestinn\u00e4ss\u00e4 alkuun ja samalla tulee tarkistettua, ettei vihersanastoa ole tullut k\u00e4ytetty\u00e4 harhaanjohtavasti.&nbsp;<\/p>\n\n\n\n<ol class=\"wp-block-list\" start=\"1\">\n<li>Kirkasta yrityksenne keskeisimm\u00e4t vastuullisuuden painopisteet ja suunnitelma niiden toteutumiselle.&nbsp;<\/li>\n<\/ol>\n\n\n\n<ol class=\"wp-block-list\" start=\"2\">\n<li>Tarkista, ovatko sis\u00e4inen ja ulkoinen viestint\u00e4nne linjassa vastuullisuuden painopisteiden kanssa.&nbsp;<\/li>\n<\/ol>\n\n\n\n<ol class=\"wp-block-list\" start=\"3\">\n<li>K\u00e4y l\u00e4pi keskeisimm\u00e4t viestint\u00e4materiaalinne ja kanavanne. Onko esimerkiksi verkkosivuilla k\u00e4yt\u00f6ss\u00e4 ilmaisuja, kuten \u201dvastuullinen, vihre\u00e4, ymp\u00e4rist\u00f6yst\u00e4v\u00e4llinen, ekologinen\u201d ilman niit\u00e4 avaavia ja tarkentavia kuvauksia? Onko niiden tueksi faktoja?&nbsp;&nbsp;<\/li>\n<\/ol>\n\n\n\n<ol class=\"wp-block-list\" start=\"4\">\n<li>Tutustu Kilpailu- ja kuluttajaviraston ohjeisiin. Kannattaa muistaa, ett\u00e4 viherpesuun puututaan jo nyt, jos se on harhaanjohtavaa. <a href=\"https:\/\/www.kkv.fi\/kuluttaja-asiat\/tietoa-ja-ohjeita-yrityksille\/ohjeet-yrityksille-ymparistomarkkinointiin\/\" target=\"_blank\" rel=\"noreferrer noopener\">https:\/\/www.kkv.fi\/kuluttaja-asiat\/tietoa-ja-ohjeita-yrityksille\/ohjeet-yrityksille-ymparistomarkkinointiin\/<\/a>&nbsp;&nbsp;<\/li>\n<\/ol>\n\n\n\n<p><strong>Tutustu my\u00f6s:<\/strong>&nbsp;<\/p>\n\n\n\n<ul class=\"wp-block-list\">\n<li>Linnunmaa Lex Oy:n blogikirjoitus 26.1.2024: Miss\u00e4 EU:n vastuullisuuss\u00e4\u00e4ntelyss\u00e4 menn\u00e4\u00e4n? <a href=\"https:\/\/www.linnunmaalex.fi\/2024\/01\/26\/muutoksessa-mukana-missa-eun-vastuullisuussaantelyssa-mennaan\/\" target=\"_blank\" rel=\"noreferrer noopener\">https:\/\/www.linnunmaalex.fi\/2024\/01\/26\/muutoksessa-mukana-missa-eun-vastuullisuussaantelyssa-mennaan\/<\/a>&nbsp;<\/li>\n\n\n\n<li>Elinkeinoel\u00e4m\u00e4n keskusliitto: Kartalle EU:n vastuullisuuss\u00e4\u00e4n\u00adtelyst\u00e4 \u2013 miss\u00e4 menn\u00e4\u00e4n? (21.11.2023)&nbsp; <a href=\"https:\/\/ek.fi\/ajankohtaista\/uutiset\/eun-vastuullisuussaantely-etenee-keskeiset-hankkeet-5-minuutissa\/#_Toc136422878\" target=\"_blank\" rel=\"noreferrer noopener\">https:\/\/ek.fi\/ajankohtaista\/uutiset\/eun-vastuullisuussaantely-etenee-keskeiset-hankkeet-5-minuutissa\/#_Toc136422878<\/a>&nbsp;&nbsp;<\/li>\n<\/ul>\n\n\n<div class=\"wp-block-image\">\n<figure class=\"aligncenter size-full is-resized\"><img loading=\"lazy\" decoding=\"async\" width=\"300\" height=\"300\" src=\"https:\/\/me.yrittajat.fi\/vastuu-kannattaa\/app\/uploads\/sites\/81\/2024\/02\/nimeton-malli1.jpg\" alt=\"\" class=\"wp-image-503\" style=\"object-fit:cover;width:150px;height:150px\" srcset=\"https:\/\/me.yrittajat.fi\/app\/uploads\/sites\/81\/2024\/02\/nimeton-malli1.jpg 300w, https:\/\/me.yrittajat.fi\/app\/uploads\/sites\/81\/2024\/02\/nimeton-malli1-150x150.jpg 150w\" sizes=\"auto, (max-width: 300px) 100vw, 300px\" \/><\/figure><\/div>\n\n\n<p class=\"has-text-align-center\"><strong><em>Kirjoittaja: <\/em><\/strong><br><em>Anu Ruusila, <\/em><br><em>Cordial Communications Oy, <\/em><br><a href=\"http:\/\/www.cordial.fi\" target=\"_blank\" rel=\"noreferrer noopener\"><em>www.cordial.fi<\/em><\/a><em>&nbsp;<\/em>&nbsp;<\/p>\n\n\n\n<p><em>Anu Ruusila on vastuullisuuden ja viestinn\u00e4n asiantuntija ja valmentaja. H\u00e4n on ty\u00f6skennellyt viestinn\u00e4n ja kest\u00e4v\u00e4n kehityksen teemojen parissa jo 30 vuotta. Asiakkaitaan Anu luotsaa vastuullisuuspolun eri vaiheissa \u2013 aina valmennuksesta strategiseen suunnitteluun ja p\u00e4ivitt\u00e4isen viestinn\u00e4n toteutukseen.<\/em>&nbsp;<\/p>\n","protected":false},"excerpt":{"rendered":"<p>Yritt\u00e4jyydess\u00e4 matkaan mahtuu mutkia, saavutuksia, ihmettely\u00e4 ja harhautumisia, mutta etenkin arjen ty\u00f6t\u00e4 ja tekemist\u00e4. Ne, jotka kertovat tarinastaan erottuvat \u2013 usein edell\u00e4k\u00e4vij\u00f6in\u00e4. Sama p\u00e4tee my\u00f6s vastuullisuuteen.&nbsp; Vastuullisuudesta viestiminen koetaan kuitenkin vaativana. Ket\u00e4 kiinnostaa? Mit\u00e4 min\u00e4 nyt t\u00e4st\u00e4 kertoisin? Uskallanko kertoa, ettei tulkita v\u00e4\u00e4rin?&nbsp;&nbsp; Varmaa on, ett\u00e4 vastuullisuusviestinn\u00e4n hy\u00f6dyt p\u00e4ihitt\u00e4v\u00e4t riskit. Maine ja br\u00e4ndi vahvistuvat, ty\u00f6nantajamielikuva &hellip; <a href=\"https:\/\/me.yrittajat.fi\/vastuu-kannattaa\/avoimuus-taklaa-viherpesun\/\">Lue lis\u00e4\u00e4<\/a><\/p>\n","protected":false},"author":72,"featured_media":491,"parent":0,"menu_order":0,"comment_status":"closed","ping_status":"closed","template":"","meta":{"_acf_changed":false,"footnotes":""},"class_list":["post-484","page","type-page","status-publish","has-post-thumbnail","hentry"],"acf":[],"_links":{"self":[{"href":"https:\/\/me.yrittajat.fi\/vastuu-kannattaa\/wp-json\/wp\/v2\/pages\/484","targetHints":{"allow":["GET"]}}],"collection":[{"href":"https:\/\/me.yrittajat.fi\/vastuu-kannattaa\/wp-json\/wp\/v2\/pages"}],"about":[{"href":"https:\/\/me.yrittajat.fi\/vastuu-kannattaa\/wp-json\/wp\/v2\/types\/page"}],"author":[{"embeddable":true,"href":"https:\/\/me.yrittajat.fi\/vastuu-kannattaa\/wp-json\/wp\/v2\/users\/72"}],"replies":[{"embeddable":true,"href":"https:\/\/me.yrittajat.fi\/vastuu-kannattaa\/wp-json\/wp\/v2\/comments?post=484"}],"version-history":[{"count":14,"href":"https:\/\/me.yrittajat.fi\/vastuu-kannattaa\/wp-json\/wp\/v2\/pages\/484\/revisions"}],"predecessor-version":[{"id":510,"href":"https:\/\/me.yrittajat.fi\/vastuu-kannattaa\/wp-json\/wp\/v2\/pages\/484\/revisions\/510"}],"wp:featuredmedia":[{"embeddable":true,"href":"https:\/\/me.yrittajat.fi\/vastuu-kannattaa\/wp-json\/wp\/v2\/media\/491"}],"wp:attachment":[{"href":"https:\/\/me.yrittajat.fi\/vastuu-kannattaa\/wp-json\/wp\/v2\/media?parent=484"}],"curies":[{"name":"wp","href":"https:\/\/api.w.org\/{rel}","templated":true}]}}