{"id":535,"date":"2024-03-04T10:39:22","date_gmt":"2024-03-04T08:39:22","guid":{"rendered":"https:\/\/me.yrittajat.fi\/vastuu-kannattaa\/?page_id=535"},"modified":"2025-09-26T13:38:57","modified_gmt":"2025-09-26T10:38:57","slug":"vastuullisuus-on-arkisia-ja-pienia-asioita","status":"publish","type":"page","link":"https:\/\/me.yrittajat.fi\/vastuu-kannattaa\/vastuullisuus-on-arkisia-ja-pienia-asioita\/","title":{"rendered":"Vastuullisuus on arkisia ja pieni\u00e4 asioita"},"content":{"rendered":"\n<p><strong>Vastuullisuus on arkisia ja pieni\u00e4 asioita, pohtii joensuulaisen autoliikkeen yritt\u00e4j\u00e4 Mia Aatamila<\/strong><\/p>\n\n\n\n<p>Perheyritys Auto Aatamilan <strong>Mia Aatamila <\/strong>p\u00e4\u00e4tti vuonna 2023 ottaa syv\u00e4sukelluksen vastuullisuusaiheeseen ja osallistua Pohjois-Karjalan Yritt\u00e4jien vastuuhankkeen tarjoamille vastuullisuusluennoille. Aatamila kertoo, ett\u00e4 ennen kurssitusta laajempaa faktatietoa ei vastuullisuudesta h\u00e4nell\u00e4 ollut, vaikka olikin lukenut aiheesta medioista ja keskustellut siit\u00e4 tuttujen ja yst\u00e4vien kanssa.&nbsp;<\/p>\n\n\n\n<p>Mia Aatamila kertoo oivaltaneensa, ett\u00e4 Suomessa yritykset toimivat ihan l\u00e4ht\u00f6kohtaisesti monissa asioissa vastuullisesti, ilman, ett\u00e4 sit\u00e4 huomataan erikseen ajatella, saati korostaa.&nbsp;<\/p>\n\n\n\n<p>&#8211; Esimerkiksi olemme joensuulainen perheyritys ja suosittelemme k\u00e4ytt\u00e4m\u00e4\u00e4n muidenkin paikallisten yritt\u00e4jien palveluita, maksamme suomeen verot, ostamme autojen varaosat joensuulaisilta yrityksilt\u00e4 ja hoidamme yrityksen hallinnon kuten pit\u00e4\u00e4. Sit\u00e4 ei osaa ajatellakaan, miss\u00e4 kaikessa toimimme vastuullisesti, kun se on niin luonnollista, mutta kun t\u00e4t\u00e4 aihetta aletaan puimaan l\u00e4pi, mit\u00e4 vastuullisuus konkreettisesti tarkoittaa, niin sitten huomataan, ett\u00e4 oikeastaan ollaankin monissa asioissa aika vastuullisia.&nbsp;<\/p>\n\n\n\n<p>Mia Aatamila sanoo, ett\u00e4 vastuullisuusteot voivat olla ihan pieni\u00e4, arkisia juttuja. Esimerkiksi tasa-arvoisuutta ajatellen liiketilojen esteett\u00f6myys ja palvelun saaminen eri kielill\u00e4 ovat vastuullisuutta.&nbsp;<\/p>\n\n\n\n<p>&#8211; Kurssilla oli oivalluksen hetki monta kertaa, kun huomasin, ett\u00e4 vastuullisuus ei ole vain hiilijalanj\u00e4ljen laskentaa.&nbsp;<\/p>\n\n\n\n<p><strong>Kun vastuullisuus<\/strong> tuli Miia Aatamilalle tutuksi, halusi h\u00e4n kiinnitt\u00e4\u00e4 huomiota entist\u00e4 enemm\u00e4n siihen, miss\u00e4 kaikissa asioissa voisi toimia entist\u00e4 paremmin. Monet konkreettiset muutokset olivat arkisia, pieni\u00e4 asioita. Kun useat pienet teot niputtaa, alkaakin synty\u00e4 isompi kokonaisuus.&nbsp;<\/p>\n\n\n\n<p>&#8211; Ennen, kun asiakkaalle tarjottiin kahvit, miell\u00e4 oli k\u00e4yt\u00f6ss\u00e4 pahvimukit ja muovilusikat. Nyt kahvi tarjoillaan meill\u00e4 posliinimukeista. K\u00e4sipyyhepaperit vessassa ovat vaihtuneet froteepyyhkeisiin ja kun firmassa sy\u00f6d\u00e4\u00e4n lounasta, haetaan take away -ruoka omiin astioihin, h\u00e4n kuvailee.&nbsp;<\/p>\n\n\n\n<p>T\u00e4llaiset pienet muutokset ovat Aatamilan mukaan ei vain ymp\u00e4rist\u00f6n huomioimista, vaan my\u00f6s taloudellisesti vastuullista.&nbsp;<\/p>\n\n\n\n<p>&#8211; Huomasin, ett\u00e4 meill\u00e4 syntyi yll\u00e4tt\u00e4v\u00e4n paljon kahvikuppi- ja vessapaperiroskaa, ja se oli ihan jonninjoutavaa.&nbsp;<\/p>\n\n\n\n<p>Pienet valinnat v\u00e4hensiv\u00e4t siis sek\u00e4 roskam\u00e4\u00e4r\u00e4\u00e4 ett\u00e4 toivat s\u00e4\u00e4st\u00f6j\u00e4.&nbsp;<\/p>\n\n\n\n<p><strong>Mia Aatamila<\/strong> kertoo, ett\u00e4 autokaupassa vastuullisuus voi n\u00e4ky\u00e4 myyt\u00e4vien tuotteiden valikoimissa. Auto Aatamilassa haluttiin alkaa tarjota asiakkaille vaihtoehdoiksi my\u00f6s biokaasuautoja ja kevythybridej\u00e4.&nbsp;<\/p>\n\n\n\n<p>&#8211; On tietysti muistettava, ett\u00e4 kaikille ei sovi s\u00e4hk\u00f6- tai hybridiautoilu, joten meill\u00e4 on oltava autoja tarjolla joka l\u00e4ht\u00f6\u00f6n, h\u00e4n mainitsee.&nbsp;<\/p>\n\n\n\n<p>Autokaupassa vastuullinen n\u00e4k\u00f6kulma voi olla my\u00f6s kaupantekoon liittyvien asiakirjojen s\u00e4hk\u00f6isyys, mik\u00e4 puolestaan v\u00e4hent\u00e4\u00e4 paperin m\u00e4\u00e4r\u00e4\u00e4. Toinen n\u00e4k\u00f6kulma voi olla vaikkapa myyt\u00e4vien autojen fiksaus: Mia Aatamila halusi tarkistaa fiksaajalta, ett\u00e4 h\u00e4nen k\u00e4ytt\u00e4m\u00e4ns\u00e4 tuotteet ovat ekologisia ja varmistaa, ett\u00e4 pesuvedet on ohjattu oikeisiin kaivoihin.&nbsp;<\/p>\n\n\n\n<p>&#8211; On ollut mielenkiintoista n\u00e4hd\u00e4, miten yhteisty\u00f6kumppaneillakin on asiat hallussa.&nbsp;<\/p>\n\n\n\n<p>Voidaankin siis sanoa, ett\u00e4 kun yksi yritys kiinnitt\u00e4\u00e4 vastuullisuusarvoihin huomiota, se s\u00e4teilee my\u00f6s l\u00e4hiymp\u00e4rist\u00f6\u00f6ns\u00e4 ja muihin yrityksiin.&nbsp;<\/p>\n\n\n\n<p>&#8211; Vastuullisuudesta keskustelu on t\u00e4rke\u00e4\u00e4. Siit\u00e4 tulee keskustella ja lis\u00e4t\u00e4 tietoa. Kerralla kukaan ei varmasti pysty tekem\u00e4\u00e4n kaikkea, mutta pikkuhiljaa asioita voi muuttaa.&nbsp;<\/p>\n\n\n\n<div class=\"wp-block-buttons is-layout-flex wp-block-buttons-is-layout-flex\">\n<div class=\"wp-block-button\"><a class=\"wp-block-button__link wp-element-button\" href=\"https:\/\/www.instagram.com\/reel\/C0QssMriDsM\/?utm_source=ig_web_copy_link&amp;igsh=MzRlODBiNWFlZA==\">Katso video t\u00e4\u00e4lt\u00e4<\/a><\/div>\n<\/div>\n\n\n\n<p>Teksti: Suvi Palosaari<br>Kuva: Auto Aatamila Oy<\/p>\n","protected":false},"excerpt":{"rendered":"<p>Vastuullisuus on arkisia ja pieni\u00e4 asioita, pohtii joensuulaisen autoliikkeen yritt\u00e4j\u00e4 Mia Aatamila Perheyritys Auto Aatamilan Mia Aatamila p\u00e4\u00e4tti vuonna 2023 ottaa syv\u00e4sukelluksen vastuullisuusaiheeseen ja osallistua Pohjois-Karjalan Yritt\u00e4jien vastuuhankkeen tarjoamille vastuullisuusluennoille. Aatamila kertoo, ett\u00e4 ennen kurssitusta laajempaa faktatietoa ei vastuullisuudesta h\u00e4nell\u00e4 ollut, vaikka olikin lukenut aiheesta medioista ja keskustellut siit\u00e4 tuttujen ja yst\u00e4vien kanssa.&nbsp; Mia Aatamila &hellip; <a href=\"https:\/\/me.yrittajat.fi\/vastuu-kannattaa\/vastuullisuus-on-arkisia-ja-pienia-asioita\/\">Lue lis\u00e4\u00e4<\/a><\/p>\n","protected":false},"author":72,"featured_media":542,"parent":0,"menu_order":0,"comment_status":"closed","ping_status":"closed","template":"","meta":{"_acf_changed":false,"footnotes":""},"class_list":["post-535","page","type-page","status-publish","has-post-thumbnail","hentry"],"acf":[],"_links":{"self":[{"href":"https:\/\/me.yrittajat.fi\/vastuu-kannattaa\/wp-json\/wp\/v2\/pages\/535","targetHints":{"allow":["GET"]}}],"collection":[{"href":"https:\/\/me.yrittajat.fi\/vastuu-kannattaa\/wp-json\/wp\/v2\/pages"}],"about":[{"href":"https:\/\/me.yrittajat.fi\/vastuu-kannattaa\/wp-json\/wp\/v2\/types\/page"}],"author":[{"embeddable":true,"href":"https:\/\/me.yrittajat.fi\/vastuu-kannattaa\/wp-json\/wp\/v2\/users\/72"}],"replies":[{"embeddable":true,"href":"https:\/\/me.yrittajat.fi\/vastuu-kannattaa\/wp-json\/wp\/v2\/comments?post=535"}],"version-history":[{"count":5,"href":"https:\/\/me.yrittajat.fi\/vastuu-kannattaa\/wp-json\/wp\/v2\/pages\/535\/revisions"}],"predecessor-version":[{"id":1407,"href":"https:\/\/me.yrittajat.fi\/vastuu-kannattaa\/wp-json\/wp\/v2\/pages\/535\/revisions\/1407"}],"wp:featuredmedia":[{"embeddable":true,"href":"https:\/\/me.yrittajat.fi\/vastuu-kannattaa\/wp-json\/wp\/v2\/media\/542"}],"wp:attachment":[{"href":"https:\/\/me.yrittajat.fi\/vastuu-kannattaa\/wp-json\/wp\/v2\/media?parent=535"}],"curies":[{"name":"wp","href":"https:\/\/api.w.org\/{rel}","templated":true}]}}