{"id":668,"date":"2024-06-18T10:39:52","date_gmt":"2024-06-18T07:39:52","guid":{"rendered":"https:\/\/me.yrittajat.fi\/vastuu-kannattaa\/?page_id=668"},"modified":"2026-03-30T13:09:50","modified_gmt":"2026-03-30T10:09:50","slug":"vastuullisuus-yritysten-uusi-normaali","status":"publish","type":"page","link":"https:\/\/me.yrittajat.fi\/vastuu-kannattaa\/vastuullisuus-yritysten-uusi-normaali\/","title":{"rendered":"Vastuullisuus \u2013 Yritysten uusi normaali\u00a0"},"content":{"rendered":"\n<h2 class=\"wp-block-heading\">Vastuullisuus &#8211; Yritysten uusi normaali<\/h2>\n\n\n\n<p><br><strong>Vastuullinen yritystoiminta Pohjois-Karjalassa &#8211; Ensimm\u00e4isen vuoden yhteenveto<\/strong>&nbsp;<\/p>\n\n\n\n<p>Kest\u00e4v\u00e4\u00e4n kehitykseen liittyv\u00e4 keskustelu on muuttanut tapaamme tarkastella yritystoimintaa. Yh\u00e4 useammin keskusteluissa korostuu, miten yritykset voivat yhdist\u00e4\u00e4 taloudellisen kasvun sosiaaliseen ja ekologiseen kest\u00e4vyyteen maapallon kantokyvyn rajoissa. Vastuullisuusvaatimusten my\u00f6t\u00e4 yritysten toiminnan vaikutukset ymp\u00e4rist\u00f6\u00f6n, ihmisiin ja yhteiskuntaan tiedostetaan paremmin, ja viestint\u00e4\u00e4n kiinnit\u00e4mme enemm\u00e4n huomiota.&nbsp;<\/p>\n\n\n\n<p>N\u00e4m\u00e4 ovat keskeisi\u00e4 teemoja my\u00f6s &#8220;Vastuullinen yritystoiminta Pohjois-Karjalassa&#8221; -kehitt\u00e4misohjelman seminaareissa ja ty\u00f6pajoissa, joissa k\u00e4sitell\u00e4\u00e4n yritysvastuun eri osa-alueita. Tapahtumissamme pohdimme vastuullisuuss\u00e4\u00e4ntelyn tarjoamia hy\u00f6tyj\u00e4 ja mahdollisuuksia yrityksille. Asiantuntijoiden avustuksella tutustumme keinoihin ja ty\u00f6kaluihin, joilla yritykset voivat kehitt\u00e4\u00e4 kest\u00e4v\u00e4n kehityksen periaatteisiin perustuvia uusia liiketoimintamalleja.&nbsp;<\/p>\n\n\n\n<p><strong>Ensimm\u00e4inen vuosi: Avausseminaarista konkreettisiin toimiin<\/strong>&nbsp;<\/p>\n\n\n\n<p>Syksyll\u00e4 2023 hankkeen avausseminaarissa Joensuussa, alan asiantuntijat k\u00e4sitteliv\u00e4t vastuullisuuden eri ulottuvuuksia. Seuraavien kuukausien aikana j\u00e4rjestimme 14 ty\u00f6pajaa Pohjois-Karjalan alueella. Ty\u00f6pajoissa yritt\u00e4j\u00e4t syventyiv\u00e4t vastuullisuustoimenpiteiden tarpeisiin sek\u00e4 arvioivat yrityksens\u00e4 nykytilaa ja suunnittelivat tulevia vastuullisuustoimijaan. Joensuun lis\u00e4ksi ty\u00f6pajoja pidettiin Kiteell\u00e4, Ilomantsissa, Pyh\u00e4sel\u00e4ss\u00e4, Tohmaj\u00e4rvell\u00e4, Liperiss\u00e4 ja Kontiolahdella.&nbsp;<\/p>\n\n\n\n<p>Ty\u00f6pajakonseptimme, joka sis\u00e4lt\u00e4\u00e4 sek\u00e4 l\u00e4hity\u00f6skentely\u00e4 ett\u00e4 Suomen Yritt\u00e4jien verkkokoulutusta, oli suosittu. Vuoden aikana hybridity\u00f6pajoihin osallistui yhteens\u00e4 137 yrityst\u00e4. Verkkokoulutuksen yhteydess\u00e4 j\u00e4rjest\u00e4mme viikoittain Torstai-kanava-keskusteluja, joissa yritt\u00e4j\u00e4t jakavat vastuullisuuteen liittyvi\u00e4 ajatuksiaan ja saavat tukea vastuullisuusty\u00f6skentelyyn. Kokonaisuuden p\u00e4\u00e4tteeksi jaamme Vastuu kannattaa -osaamismerkin, joka osoittaa, ett\u00e4 yritys on sitoutunut kehitt\u00e4m\u00e4\u00e4n ja parantamaan vastuullisuuttaan liiketoiminnassaan.&nbsp;<\/p>\n\n\n\n<p><strong>Vastuullisuusviestinn\u00e4n merkitys<\/strong>&nbsp;<\/p>\n\n\n\n<p>Monet yritykset ovat oivaltaneet, ett\u00e4 vastuullisuus on my\u00f6s arjen ty\u00f6t\u00e4 ja sen toteuttaminen pienin askelin on mahdollista. Ty\u00f6pajoihin osallistuneilla yritt\u00e4jill\u00e4 ymp\u00e4rist\u00f6vastuuseen liittyv\u00e4t aiheet ovat olleet tutumpia ja moni yritys edist\u00e4\u00e4 sosiaalista ja kulttuurista vastuuta tiet\u00e4m\u00e4tt\u00e4\u00e4n. K\u00e4sill\u00e4 olevat lains\u00e4\u00e4d\u00e4nn\u00f6n muutokset ja tekniset seikat, kuten p\u00e4\u00e4st\u00f6laskenta, ovat her\u00e4tt\u00e4neet eniten kysymyksi\u00e4.&nbsp;&nbsp;<\/p>\n\n\n\n<p>Yrityksill\u00e4 on usein jo k\u00e4yt\u00f6ss\u00e4\u00e4n vastuullisia k\u00e4yt\u00e4nt\u00f6j\u00e4, kuten logistiikan optimointi, henkil\u00f6st\u00f6n hyvinvointi, kierr\u00e4tys ja l\u00e4hiruoan suosiminen. Kuitenkin n\u00e4iden toimintatapojen liitt\u00e4minen laajemmin vastuullisuuden kontekstiin ja niist\u00e4 viestiminen asiakkaille sek\u00e4 sidosryhmille on monelle uutta. Erityisesti vastuullisuusviestinn\u00e4n kehitt\u00e4misell\u00e4 on huomattu olevan tarvetta ja potentiaalia kilpailuedun l\u00f6yt\u00e4miseen.&nbsp;<\/p>\n\n\n\n<p>N\u00e4m\u00e4 havainnot korostavat tarvetta jatkuvalle keskustelulle ja konkreettisille esimerkeille vastuullisuuden eri osa-alueista, jotta yritykset voivat entist\u00e4 paremmin integroida vastuullisuuden osaksi liiketoimintaansa.&nbsp;<\/p>\n\n\n\n<p><strong>Kiitokset ja tulevat tapahtumat<\/strong>&nbsp;<\/p>\n\n\n\n<p>Yhteenvetona voidaan todeta, ett\u00e4 hankkeen ensimm\u00e4isen vuoden aikana olemme onnistuneet tarjoamaan yritt\u00e4jille kattavan paketin vastuullisen yritystoiminnan edist\u00e4miseksi Pohjois-Karjalassa. Jatkamme vastuullisuusty\u00f6pajojen tarjoamista tulevina vuosina ja lis\u00e4ksi tuotamme teemaseminaareja ja ty\u00f6pajoja muun muassa vastuullisuusraportoinnista ja kiertotaloudesta.&nbsp;<\/p>\n\n\n\n<p>Kiitos kaikille osallistuneille!&nbsp;<\/p>\n\n\n\n<p>Kiitos my\u00f6s kouluttajille, jotka olivat v\u00e4sym\u00e4tt\u00e4 mukana ensimm\u00e4isen vuoden aikana edist\u00e4m\u00e4ss\u00e4 yritysten vastuullisuustoimet alueellamme:<a href=\"https:\/\/www.aurana.fi\/\"> Aurana Oy<\/a>, <a href=\"https:\/\/cordial.fi\/\">Cordialal Communications Oy<\/a>, <a href=\"https:\/\/fabrik.fi\/\">Fabrik Advertising Agency Ltd<\/a> ja Lietsu palvelut Oy. <br><br>Tutustu ja ilmoittaudu mukaan&nbsp;tuleviin tapahtumiimme <a href=\"https:\/\/me.yrittajat.fi\/vastuu-kannattaa\/tapahtumat\/\">t\u00e4st\u00e4<\/a> ja ota seurantaan my\u00f6s somekanavamme: <a href=\"https:\/\/www.facebook.com\/people\/Vastuu-kannattaa\/61552499294954\/\">Facebook<\/a> ja <a href=\"https:\/\/www.instagram.com\/vastuu_kannattaa\/\">Instagram<\/a><\/p>\n\n\n\n<p>Kiitos, ett\u00e4 olet mukana viem\u00e4ss\u00e4 vastuullisuutta osaksi yritysten arkea my\u00f6s tulevana vuonna!&nbsp;<\/p>\n\n\n\n<hr class=\"wp-block-separator has-alpha-channel-opacity is-style-default\" \/>\n\n\n\n<p class=\"has-text-align-center\">Kirjoittaja:&nbsp;&nbsp;<\/p>\n\n\n\n<p class=\"has-text-align-center\">Gy\u00f6ngyi M\u00e1tray&nbsp;&nbsp;<br><em>Projektip\u00e4\u00e4llikk\u00f6&nbsp;&nbsp;<\/em><br>Vastuullinen yritystoiminta Pohjois-Karjalassa \u2013 kehitt\u00e4misohjelma&nbsp;<\/p>\n","protected":false},"excerpt":{"rendered":"<p>Vastuullisuus &#8211; Yritysten uusi normaali Vastuullinen yritystoiminta Pohjois-Karjalassa &#8211; Ensimm\u00e4isen vuoden yhteenveto&nbsp; Kest\u00e4v\u00e4\u00e4n kehitykseen liittyv\u00e4 keskustelu on muuttanut tapaamme tarkastella yritystoimintaa. Yh\u00e4 useammin keskusteluissa korostuu, miten yritykset voivat yhdist\u00e4\u00e4 taloudellisen kasvun sosiaaliseen ja ekologiseen kest\u00e4vyyteen maapallon kantokyvyn rajoissa. Vastuullisuusvaatimusten my\u00f6t\u00e4 yritysten toiminnan vaikutukset ymp\u00e4rist\u00f6\u00f6n, ihmisiin ja yhteiskuntaan tiedostetaan paremmin, ja viestint\u00e4\u00e4n kiinnit\u00e4mme enemm\u00e4n huomiota.&nbsp; N\u00e4m\u00e4 &hellip; <a href=\"https:\/\/me.yrittajat.fi\/vastuu-kannattaa\/vastuullisuus-yritysten-uusi-normaali\/\">Lue lis\u00e4\u00e4<\/a><\/p>\n","protected":false},"author":72,"featured_media":678,"parent":0,"menu_order":0,"comment_status":"closed","ping_status":"closed","template":"","meta":{"_acf_changed":false,"footnotes":""},"class_list":["post-668","page","type-page","status-publish","has-post-thumbnail","hentry"],"acf":[],"_links":{"self":[{"href":"https:\/\/me.yrittajat.fi\/vastuu-kannattaa\/wp-json\/wp\/v2\/pages\/668","targetHints":{"allow":["GET"]}}],"collection":[{"href":"https:\/\/me.yrittajat.fi\/vastuu-kannattaa\/wp-json\/wp\/v2\/pages"}],"about":[{"href":"https:\/\/me.yrittajat.fi\/vastuu-kannattaa\/wp-json\/wp\/v2\/types\/page"}],"author":[{"embeddable":true,"href":"https:\/\/me.yrittajat.fi\/vastuu-kannattaa\/wp-json\/wp\/v2\/users\/72"}],"replies":[{"embeddable":true,"href":"https:\/\/me.yrittajat.fi\/vastuu-kannattaa\/wp-json\/wp\/v2\/comments?post=668"}],"version-history":[{"count":5,"href":"https:\/\/me.yrittajat.fi\/vastuu-kannattaa\/wp-json\/wp\/v2\/pages\/668\/revisions"}],"predecessor-version":[{"id":1735,"href":"https:\/\/me.yrittajat.fi\/vastuu-kannattaa\/wp-json\/wp\/v2\/pages\/668\/revisions\/1735"}],"wp:featuredmedia":[{"embeddable":true,"href":"https:\/\/me.yrittajat.fi\/vastuu-kannattaa\/wp-json\/wp\/v2\/media\/678"}],"wp:attachment":[{"href":"https:\/\/me.yrittajat.fi\/vastuu-kannattaa\/wp-json\/wp\/v2\/media?parent=668"}],"curies":[{"name":"wp","href":"https:\/\/api.w.org\/{rel}","templated":true}]}}