{"id":710,"date":"2024-06-28T09:55:43","date_gmt":"2024-06-28T06:55:43","guid":{"rendered":"https:\/\/me.yrittajat.fi\/vastuu-kannattaa\/?page_id=710"},"modified":"2026-02-05T08:47:37","modified_gmt":"2026-02-05T06:47:37","slug":"yritystarinat","status":"publish","type":"page","link":"https:\/\/me.yrittajat.fi\/vastuu-kannattaa\/yritystarinat\/","title":{"rendered":"Yritystarinat"},"content":{"rendered":"\n<div class=\"wp-block-media-text is-stacked-on-mobile\" style=\"grid-template-columns:25% auto\"><figure class=\"wp-block-media-text__media\"><a href=\"https:\/\/me.yrittajat.fi\/vastuu-kannattaa\/linja-autot-lentoon-jo-2040\/\"><img loading=\"lazy\" decoding=\"async\" width=\"1024\" height=\"576\" src=\"https:\/\/me.yrittajat.fi\/app\/uploads\/sites\/81\/2026\/02\/Kopio-Vastuullinen-yritystoiminta28-1024x576.jpg\" alt=\"\" class=\"wp-image-1658 size-full\" srcset=\"https:\/\/me.yrittajat.fi\/app\/uploads\/sites\/81\/2026\/02\/Kopio-Vastuullinen-yritystoiminta28-1024x576.jpg 1024w, https:\/\/me.yrittajat.fi\/app\/uploads\/sites\/81\/2026\/02\/Kopio-Vastuullinen-yritystoiminta28-300x169.jpg 300w, https:\/\/me.yrittajat.fi\/app\/uploads\/sites\/81\/2026\/02\/Kopio-Vastuullinen-yritystoiminta28-768x432.jpg 768w, https:\/\/me.yrittajat.fi\/app\/uploads\/sites\/81\/2026\/02\/Kopio-Vastuullinen-yritystoiminta28-1536x864.jpg 1536w, https:\/\/me.yrittajat.fi\/app\/uploads\/sites\/81\/2026\/02\/Kopio-Vastuullinen-yritystoiminta28-318x178.jpg 318w, https:\/\/me.yrittajat.fi\/app\/uploads\/sites\/81\/2026\/02\/Kopio-Vastuullinen-yritystoiminta28-1364x768.jpg 1364w, https:\/\/me.yrittajat.fi\/app\/uploads\/sites\/81\/2026\/02\/Kopio-Vastuullinen-yritystoiminta28.jpg 1920w\" sizes=\"auto, (max-width: 1024px) 100vw, 1024px\" \/><\/a><\/figure><div class=\"wp-block-media-text__content\">\n<p class=\"has-text-align-center\">&#8220;<strong>L\u00e4hivuosina sanomme heipat perinteisille dieselbusseille<\/strong>&#8220;<br>Savo-Karjalan Linja Oy<\/p>\n<\/div><\/div>\n\n\n\n<div class=\"wp-block-media-text is-stacked-on-mobile\" style=\"grid-template-columns:25% auto\"><figure class=\"wp-block-media-text__media\"><a href=\"https:\/\/me.yrittajat.fi\/vastuu-kannattaa\/second-handista-liikeidea-myos-yksinyrittajalle\/\"><img loading=\"lazy\" decoding=\"async\" width=\"1024\" height=\"576\" src=\"https:\/\/me.yrittajat.fi\/app\/uploads\/sites\/81\/2026\/01\/Kopio-Vastuullinen-yritystoiminta18-1024x576.jpg\" alt=\"\" class=\"wp-image-1626 size-full\" srcset=\"https:\/\/me.yrittajat.fi\/app\/uploads\/sites\/81\/2026\/01\/Kopio-Vastuullinen-yritystoiminta18-1024x576.jpg 1024w, https:\/\/me.yrittajat.fi\/app\/uploads\/sites\/81\/2026\/01\/Kopio-Vastuullinen-yritystoiminta18-300x169.jpg 300w, https:\/\/me.yrittajat.fi\/app\/uploads\/sites\/81\/2026\/01\/Kopio-Vastuullinen-yritystoiminta18-768x432.jpg 768w, https:\/\/me.yrittajat.fi\/app\/uploads\/sites\/81\/2026\/01\/Kopio-Vastuullinen-yritystoiminta18-1536x864.jpg 1536w, https:\/\/me.yrittajat.fi\/app\/uploads\/sites\/81\/2026\/01\/Kopio-Vastuullinen-yritystoiminta18-318x178.jpg 318w, https:\/\/me.yrittajat.fi\/app\/uploads\/sites\/81\/2026\/01\/Kopio-Vastuullinen-yritystoiminta18-1364x768.jpg 1364w, https:\/\/me.yrittajat.fi\/app\/uploads\/sites\/81\/2026\/01\/Kopio-Vastuullinen-yritystoiminta18.jpg 1920w\" sizes=\"auto, (max-width: 1024px) 100vw, 1024px\" \/><\/a><\/figure><div class=\"wp-block-media-text__content\">\n<p class=\"has-text-align-center\">&#8220;<strong>Second handista liikeidea my\u00f6s yksinyritt\u00e4j\u00e4lle?<\/strong>&#8220;<br>Er\u00e4stuote<\/p>\n<\/div><\/div>\n\n\n\n<div class=\"wp-block-media-text is-stacked-on-mobile\" style=\"grid-template-columns:25% auto\"><figure class=\"wp-block-media-text__media\"><a href=\"https:\/\/youtu.be\/-FntMXWOJd0\"><img loading=\"lazy\" decoding=\"async\" width=\"1024\" height=\"576\" src=\"https:\/\/me.yrittajat.fi\/app\/uploads\/sites\/81\/2025\/11\/Vastuu-kannattaa_3-1024x576.jpg\" alt=\"\" class=\"wp-image-1478 size-full\" srcset=\"https:\/\/me.yrittajat.fi\/app\/uploads\/sites\/81\/2025\/11\/Vastuu-kannattaa_3-1024x576.jpg 1024w, https:\/\/me.yrittajat.fi\/app\/uploads\/sites\/81\/2025\/11\/Vastuu-kannattaa_3-300x169.jpg 300w, https:\/\/me.yrittajat.fi\/app\/uploads\/sites\/81\/2025\/11\/Vastuu-kannattaa_3-768x432.jpg 768w, https:\/\/me.yrittajat.fi\/app\/uploads\/sites\/81\/2025\/11\/Vastuu-kannattaa_3-1536x864.jpg 1536w, https:\/\/me.yrittajat.fi\/app\/uploads\/sites\/81\/2025\/11\/Vastuu-kannattaa_3-318x178.jpg 318w, https:\/\/me.yrittajat.fi\/app\/uploads\/sites\/81\/2025\/11\/Vastuu-kannattaa_3-1364x768.jpg 1364w, https:\/\/me.yrittajat.fi\/app\/uploads\/sites\/81\/2025\/11\/Vastuu-kannattaa_3.jpg 1920w\" sizes=\"auto, (max-width: 1024px) 100vw, 1024px\" \/><\/a><\/figure><div class=\"wp-block-media-text__content\">\n<p class=\"has-text-align-center\"><strong>Vastuullisempi tulevaisuus<\/strong><br>Hoitokoti Aatos Oy<\/p>\n<\/div><\/div>\n\n\n\n<div class=\"wp-block-media-text is-stacked-on-mobile\" style=\"grid-template-columns:25% auto\"><figure class=\"wp-block-media-text__media\"><a href=\"https:\/\/youtu.be\/1HfZt6R7bFg\"><img loading=\"lazy\" decoding=\"async\" width=\"1024\" height=\"576\" src=\"https:\/\/me.yrittajat.fi\/app\/uploads\/sites\/81\/2025\/10\/Vastuu-kannattaa_2-1024x576.jpg\" alt=\"\" class=\"wp-image-1463 size-full\" srcset=\"https:\/\/me.yrittajat.fi\/app\/uploads\/sites\/81\/2025\/10\/Vastuu-kannattaa_2-1024x576.jpg 1024w, https:\/\/me.yrittajat.fi\/app\/uploads\/sites\/81\/2025\/10\/Vastuu-kannattaa_2-300x169.jpg 300w, https:\/\/me.yrittajat.fi\/app\/uploads\/sites\/81\/2025\/10\/Vastuu-kannattaa_2-768x432.jpg 768w, https:\/\/me.yrittajat.fi\/app\/uploads\/sites\/81\/2025\/10\/Vastuu-kannattaa_2-1536x864.jpg 1536w, https:\/\/me.yrittajat.fi\/app\/uploads\/sites\/81\/2025\/10\/Vastuu-kannattaa_2-318x178.jpg 318w, https:\/\/me.yrittajat.fi\/app\/uploads\/sites\/81\/2025\/10\/Vastuu-kannattaa_2-1364x768.jpg 1364w, https:\/\/me.yrittajat.fi\/app\/uploads\/sites\/81\/2025\/10\/Vastuu-kannattaa_2.jpg 1920w\" sizes=\"auto, (max-width: 1024px) 100vw, 1024px\" \/><\/a><\/figure><div class=\"wp-block-media-text__content\">\n<p class=\"has-text-align-center\"><strong>Vastuullisempi tulevaisuus<\/strong><br>Hausmates Oy<\/p>\n<\/div><\/div>\n\n\n\n<div class=\"wp-block-media-text is-stacked-on-mobile\" style=\"grid-template-columns:25% auto\"><figure class=\"wp-block-media-text__media\"><a href=\"https:\/\/youtu.be\/gGy77xEphlE\"><img loading=\"lazy\" decoding=\"async\" width=\"1024\" height=\"576\" src=\"https:\/\/me.yrittajat.fi\/app\/uploads\/sites\/81\/2025\/10\/Vastuu-kannattaa_1-1024x576.jpg\" alt=\"\" class=\"wp-image-1458 size-full\" srcset=\"https:\/\/me.yrittajat.fi\/app\/uploads\/sites\/81\/2025\/10\/Vastuu-kannattaa_1-1024x576.jpg 1024w, https:\/\/me.yrittajat.fi\/app\/uploads\/sites\/81\/2025\/10\/Vastuu-kannattaa_1-300x169.jpg 300w, https:\/\/me.yrittajat.fi\/app\/uploads\/sites\/81\/2025\/10\/Vastuu-kannattaa_1-768x432.jpg 768w, https:\/\/me.yrittajat.fi\/app\/uploads\/sites\/81\/2025\/10\/Vastuu-kannattaa_1-1536x864.jpg 1536w, https:\/\/me.yrittajat.fi\/app\/uploads\/sites\/81\/2025\/10\/Vastuu-kannattaa_1-318x178.jpg 318w, https:\/\/me.yrittajat.fi\/app\/uploads\/sites\/81\/2025\/10\/Vastuu-kannattaa_1-1364x768.jpg 1364w, https:\/\/me.yrittajat.fi\/app\/uploads\/sites\/81\/2025\/10\/Vastuu-kannattaa_1.jpg 1920w\" sizes=\"auto, (max-width: 1024px) 100vw, 1024px\" \/><\/a><\/figure><div class=\"wp-block-media-text__content\">\n<p class=\"has-text-align-center\"><strong>Vastuullisempi tulevaisuus<\/strong><br>Kuuksenvaaran Konepalvelu<\/p>\n<\/div><\/div>\n\n\n\n<div class=\"wp-block-media-text is-stacked-on-mobile\" style=\"grid-template-columns:25% auto\"><figure class=\"wp-block-media-text__media\"><a href=\"https:\/\/www.instagram.com\/reel\/C2jhATxMxsO\/?utm_source=ig_web_copy_link&amp;igsh=MzRlODBiNWFlZA==\"><img loading=\"lazy\" decoding=\"async\" width=\"1024\" height=\"538\" src=\"https:\/\/me.yrittajat.fi\/vastuu-kannattaa\/app\/uploads\/sites\/81\/2024\/11\/logo-08-1024x538.jpg\" alt=\"\" class=\"wp-image-910 size-full\" srcset=\"https:\/\/me.yrittajat.fi\/app\/uploads\/sites\/81\/2024\/11\/logo-08-1024x538.jpg 1024w, https:\/\/me.yrittajat.fi\/app\/uploads\/sites\/81\/2024\/11\/logo-08-300x158.jpg 300w, https:\/\/me.yrittajat.fi\/app\/uploads\/sites\/81\/2024\/11\/logo-08-768x403.jpg 768w, https:\/\/me.yrittajat.fi\/app\/uploads\/sites\/81\/2024\/11\/logo-08.jpg 1200w\" sizes=\"auto, (max-width: 1024px) 100vw, 1024px\" \/><\/a><\/figure><div class=\"wp-block-media-text__content\">\n<p class=\"has-text-align-center\"><strong>&#8220;Osallistu arjen kiertotalouteen&#8221;<\/strong><br>Circutus Oy<\/p>\n<\/div><\/div>\n\n\n\n<div class=\"wp-block-media-text is-stacked-on-mobile\" style=\"grid-template-columns:25% auto\"><figure class=\"wp-block-media-text__media\"><a href=\"https:\/\/me.yrittajat.fi\/vastuu-kannattaa\/vastuullisuus-on-arkisia-ja-pienia-asioita\/\"><img loading=\"lazy\" decoding=\"async\" width=\"932\" height=\"441\" src=\"https:\/\/me.yrittajat.fi\/vastuu-kannattaa\/app\/uploads\/sites\/81\/2024\/03\/kestava-kehitys-nettisvuille2.jpg\" alt=\"\" class=\"wp-image-544 size-full\" srcset=\"https:\/\/me.yrittajat.fi\/app\/uploads\/sites\/81\/2024\/03\/kestava-kehitys-nettisvuille2.jpg 932w, https:\/\/me.yrittajat.fi\/app\/uploads\/sites\/81\/2024\/03\/kestava-kehitys-nettisvuille2-300x142.jpg 300w, https:\/\/me.yrittajat.fi\/app\/uploads\/sites\/81\/2024\/03\/kestava-kehitys-nettisvuille2-768x363.jpg 768w\" sizes=\"auto, (max-width: 932px) 100vw, 932px\" \/><\/a><\/figure><div class=\"wp-block-media-text__content\">\n<p class=\"has-text-align-center\"><strong>&#8220;Vastuullisuus on arkisia ja pieni\u00e4 asioita<\/strong>&#8220;<br>Auto-Aatamila Oy<\/p>\n<\/div><\/div>\n\n\n\n<div class=\"wp-block-media-text is-stacked-on-mobile\" style=\"grid-template-columns:25% auto\"><figure class=\"wp-block-media-text__media\"><a href=\"https:\/\/www.lukusali.fi\/?p=Pohjois-Karjalan%20Yritt%C3%A4j%C3%A4t%20ry&amp;ss=f0a84217-3523-4d67-bb9d-84df65f080c2&amp;i=e9cac873-12d4-4c73-a969-6be5487f8b66\"><img loading=\"lazy\" decoding=\"async\" width=\"932\" height=\"441\" src=\"https:\/\/me.yrittajat.fi\/vastuu-kannattaa\/app\/uploads\/sites\/81\/2024\/08\/tyopajapaiva-nettisivuille-932-x-441-px9.jpg\" alt=\"\" class=\"wp-image-754 size-full\" srcset=\"https:\/\/me.yrittajat.fi\/app\/uploads\/sites\/81\/2024\/08\/tyopajapaiva-nettisivuille-932-x-441-px9.jpg 932w, https:\/\/me.yrittajat.fi\/app\/uploads\/sites\/81\/2024\/08\/tyopajapaiva-nettisivuille-932-x-441-px9-300x142.jpg 300w, https:\/\/me.yrittajat.fi\/app\/uploads\/sites\/81\/2024\/08\/tyopajapaiva-nettisivuille-932-x-441-px9-768x363.jpg 768w\" sizes=\"auto, (max-width: 932px) 100vw, 932px\" \/><\/a><\/figure><div class=\"wp-block-media-text__content\">\n<p class=\"has-text-align-center\"><strong>&#8220;Isoja ja pieni\u00e4 tekoja&#8221;<\/strong><br>Lue yritysten vastuullisuudesta 1\/2024 Neuvokkaasta<\/p>\n<\/div><\/div>\n\n\n\n<p><\/p>\n","protected":false},"excerpt":{"rendered":"<p>&#8220;L\u00e4hivuosina sanomme heipat perinteisille dieselbusseille&#8220;Savo-Karjalan Linja Oy &#8220;Second handista liikeidea my\u00f6s yksinyritt\u00e4j\u00e4lle?&#8220;Er\u00e4stuote Vastuullisempi tulevaisuusHoitokoti Aatos Oy Vastuullisempi tulevaisuusHausmates Oy Vastuullisempi tulevaisuusKuuksenvaaran Konepalvelu &#8220;Osallistu arjen kiertotalouteen&#8221;Circutus Oy &#8220;Vastuullisuus on arkisia ja pieni\u00e4 asioita&#8220;Auto-Aatamila Oy &#8220;Isoja ja pieni\u00e4 tekoja&#8221;Lue yritysten vastuullisuudesta 1\/2024 Neuvokkaasta<\/p>\n","protected":false},"author":72,"featured_media":410,"parent":0,"menu_order":0,"comment_status":"closed","ping_status":"closed","template":"","meta":{"_acf_changed":false,"footnotes":""},"class_list":["post-710","page","type-page","status-publish","has-post-thumbnail","hentry"],"acf":[],"_links":{"self":[{"href":"https:\/\/me.yrittajat.fi\/vastuu-kannattaa\/wp-json\/wp\/v2\/pages\/710","targetHints":{"allow":["GET"]}}],"collection":[{"href":"https:\/\/me.yrittajat.fi\/vastuu-kannattaa\/wp-json\/wp\/v2\/pages"}],"about":[{"href":"https:\/\/me.yrittajat.fi\/vastuu-kannattaa\/wp-json\/wp\/v2\/types\/page"}],"author":[{"embeddable":true,"href":"https:\/\/me.yrittajat.fi\/vastuu-kannattaa\/wp-json\/wp\/v2\/users\/72"}],"replies":[{"embeddable":true,"href":"https:\/\/me.yrittajat.fi\/vastuu-kannattaa\/wp-json\/wp\/v2\/comments?post=710"}],"version-history":[{"count":5,"href":"https:\/\/me.yrittajat.fi\/vastuu-kannattaa\/wp-json\/wp\/v2\/pages\/710\/revisions"}],"predecessor-version":[{"id":1659,"href":"https:\/\/me.yrittajat.fi\/vastuu-kannattaa\/wp-json\/wp\/v2\/pages\/710\/revisions\/1659"}],"wp:featuredmedia":[{"embeddable":true,"href":"https:\/\/me.yrittajat.fi\/vastuu-kannattaa\/wp-json\/wp\/v2\/media\/410"}],"wp:attachment":[{"href":"https:\/\/me.yrittajat.fi\/vastuu-kannattaa\/wp-json\/wp\/v2\/media?parent=710"}],"curies":[{"name":"wp","href":"https:\/\/api.w.org\/{rel}","templated":true}]}}