{"id":844,"date":"2024-09-04T10:33:12","date_gmt":"2024-09-04T07:33:12","guid":{"rendered":"https:\/\/me.yrittajat.fi\/vastuu-kannattaa\/?page_id=844"},"modified":"2024-09-04T10:40:03","modified_gmt":"2024-09-04T07:40:03","slug":"kestavyysraportointi-koskee-yha-useampaa-yritysta","status":"publish","type":"page","link":"https:\/\/me.yrittajat.fi\/vastuu-kannattaa\/kestavyysraportointi-koskee-yha-useampaa-yritysta\/","title":{"rendered":"Kest\u00e4vyysraportointi koskee yh\u00e4 useampaa yrityst\u00e4"},"content":{"rendered":"\n<p><strong>Kest\u00e4vyysraportointi koskee yh\u00e4 useampaa yrityst\u00e4<\/strong><\/p>\n\n\n\n<p><strong>Apua valmistautumiseen on saatavilla sek\u00e4 Yritt\u00e4jien vastuullisuuskoulutuksista ett\u00e4 eri rahoitusl\u00e4hteist\u00e4<\/strong><\/p>\n\n\n\n<p>Joko sinun yritykselt\u00e4si on tiedusteltu hiilijalanj\u00e4lke\u00e4 tai ilmastonmuutokseen varautumissuunnitelmaa? Ent\u00e4 kyselev\u00e4tk\u00f6 asiakkaasi k\u00e4ytt\u00e4miesi raaka-aineiden tuotannon ty\u00f6oloista tai j\u00e4temateriaalien loppusijoituksesta?<\/p>\n\n\n\n<p>Vastuullisuusasioiden huomioimisen merkitys yritystoiminnalle on kasvanut viime vuosina sek\u00e4 asiakkaiden vaatimusten ett\u00e4 s\u00e4\u00e4ntelyn kiristymisen my\u00f6t\u00e4. EU:n kest\u00e4vyysraportointidirektiivi (CSRD) vaatii suurilta p\u00f6rssiyhti\u00f6ilt\u00e4 kattavan raportoinnin kest\u00e4vyysseikoista jo vuoden 2024 osalta, ja velvollisuus laajenee yli 250 henke\u00e4 ty\u00f6llist\u00e4viin ja\/tai liikevaihdoltaan yli 40 miljoonan tai taseeltaan yli 20 miljoonan kokoluokan yrityksiin jo seuraavana vuonna. Pk- ja mikroyritysten osalta s\u00e4\u00e4ntelyn aikataulu on viel\u00e4 avoin, mutta arvoketjuissa raportointivaateet valuvat alihankkijoille jo nyt isompien yritysten pakollisen raportoinnin yhteydess\u00e4. Tuore jokihelmisimpukoihin liittynyt ymp\u00e4rist\u00f6katastrofi ei ainakaan v\u00e4henn\u00e4 suuryritysten halua perata alihankkijoidensa toimintaprosesseja.<\/p>\n\n\n\n<p>Kest\u00e4vyysraportointidirektiivin toteutukseen on laadittu yhten\u00e4iset standardit EU-tasolla (ESRS). Ne koostuvat sek\u00e4 pakollisista ett\u00e4 yrityskohtaisista elementeist\u00e4, jotka karsitaan ns. kaksoisolennaisuusanalyysin avulla. Jokaisen kest\u00e4vyysseikan (esim. ilmastonmuutos) kohdalla tarkastellaan, onko yrityksen toiminnalla siihen olennaista vaikutusta, tai onko kest\u00e4vyysseikalla puolestaan taloudellista vaikutusta yrityksen toimintaan. Kaikki v\u00e4hint\u00e4\u00e4n toisesta n\u00e4k\u00f6kulmasta olennaiset vaikutukset raportoidaan, ja asiaan erityisen p\u00e4tevyyden hankkineet tilintarkastajat auditoivat raportin. Pk- ja mikroyrityksille on parhaillaan kehitteill\u00e4 yksinkertaistetut vapaaehtoiset standardit (VSME) tukemaan raportointia.<\/p>\n\n\n\n<p>Vastuullisuusraportointi on ajankohtaista etenkin yrityksille, jotka tekev\u00e4t suoraa kansainv\u00e4list\u00e4 kauppaa tai ovat osa kansainv\u00e4lisi\u00e4 arvoketjuja. Kest\u00e4vyysraportointidirektiivin lis\u00e4ksi my\u00f6s muu s\u00e4\u00e4ntely kuten uudistunut EU:n yritysvastuulaki velvoittavat vastuullisuusasioihin paneutumiseen. Apua asiaan perehtymiseen on nyt saatavilla Pohjois-Karjalan Yritt\u00e4jien Vastuu kannattaa -hankkeen kautta. Syksyn aikana j\u00e4rjestet\u00e4\u00e4n ty\u00f6pajoja ja koulutuksia mm. vastuullisesta yritystoiminnasta, vastuullisuusviestinn\u00e4st\u00e4 sek\u00e4 kiertotaloudesta, ja k\u00e4yt\u00f6ss\u00e4 on my\u00f6s Suomen Yritt\u00e4jien laadukas verkkokurssikokonaisuus. Koulutukset ja verkkokurssin suoritettuaan saa palkinnoksi Vastuu kannattaa -osaamismerkin osoittamaan kerrytetty\u00e4 vastuullisuusosaamista.<\/p>\n\n\n\n<p><strong>Rahoittajat arvioivat entist\u00e4 kattavammin yritysten vastuullisuutta<\/strong><\/p>\n\n\n\n<p>Vastuullisuus on iso teema my\u00f6s rahoitusj\u00e4rjestelyiss\u00e4 ja rahoittajien luottop\u00e4\u00e4t\u00f6sprosesseissa. Nykyisin niin suuryritysten kuin pk-yritystenkin rahoitushankkeita&nbsp;arvioidaan rahoituslaitoksissa ja sijoittajien p\u00f6ydiss\u00e4 my\u00f6s ymp\u00e4rist\u00f6n, sosiaalisten ja hyv\u00e4\u00e4n hallintotapaan liittyvien n\u00e4k\u00f6kohtien osalta.&nbsp;Esimerkiksi Finnverassa on otettu my\u00f6s pk-yritysten rahoitusp\u00e4\u00e4t\u00f6sten tueksi Suomen Asiakastiedon tuottamat vastuullisuusraportit.<\/p>\n\n\n\n<p>N\u00e4m\u00e4 Suomen Asiakastiedon ESG-raportit kokoavat julkisista ja yksityisist\u00e4 tietol\u00e4hteist\u00e4 yritysten vastuullisuuteen liittyvi\u00e4 tietoja, kuten tietoja luvista, sertifikaateista, rikkeist\u00e4 ja tuomioista. Rahoittajien tavoitteena on auttaa yrityksi\u00e4 toimimaan vastuullisesti ja varmistaa rahoituksen kohdentuminen vastuullisesti toimiville yrityksille.<\/p>\n\n\n\n<p>Rahoituksen hintakin kytket\u00e4\u00e4n entist\u00e4 useammin vastuullisuuden kehitykseen ja rahoitusalalle on syntynyt runsaasti uusia kest\u00e4vi\u00e4 rahoitustuotteita. Monilla pankeilla on valikoimissaan ns. vihreit\u00e4 lainoja ja kest\u00e4vyyskriteerilainoja, joissa lainan marginaali voi vaihdella sen mukaan, kuinka hyvin yritys saavuttaa kest\u00e4vyystavoitteensa. T\u00e4llainen kest\u00e4vyyskriteereihin perustuva laina edellytt\u00e4\u00e4 yritykselt\u00e4 vuosittaista raportointia, joista saadaan selville vuosittaiset toteumat sovituissa mittareissa. N\u00e4in pankki voi seurata asiakkaansa edistymist\u00e4 kest\u00e4vyystavoitteissaan ja arvioida oman vihre\u00e4n rahoituksensa vaikuttavuutta. Regulaatio ja keskuspankkien vaatimukset edellytt\u00e4v\u00e4t pankeiltakin aiempaa tarkempaa raportointia ja siksi pankit edellytt\u00e4v\u00e4t sit\u00e4 my\u00f6s asiakkailtaan.<\/p>\n\n\n\n<p>My\u00f6s Finnvera on viime vuonna k\u00e4ynnist\u00e4nyt suorien Ilmasto- ja ymp\u00e4rist\u00f6lainojen my\u00f6nt\u00e4misen, jotka toteutetaan yhteisty\u00f6ss\u00e4 Euroopan investointirahaston (EIR) kanssa. N\u00e4it\u00e4 lainoja on mahdollista my\u00f6nt\u00e4\u00e4 suhteellisen edullisin ehdoin InvestEU -takauksen ansiosta. Ilmasto- ja ymp\u00e4rist\u00f6lainat ovat tarkoitettu suomalaisille yrityksille, jotka edist\u00e4v\u00e4t esimerkiksi uusiutuvien energial\u00e4hteiden k\u00e4ytt\u00f6\u00e4, energiatehokkuutta, ymp\u00e4rist\u00f6n kannalta kest\u00e4vien materiaalien k\u00e4ytt\u00f6\u00e4, tai siirtymist\u00e4 kiertotalouteen tai v\u00e4h\u00e4p\u00e4\u00e4st\u00f6iseen talouteen.<\/p>\n\n\n\n<p>Vastuullisuuteen liittyv\u00e4t kiristyneet vaatimukset kannattaa kuitenkin n\u00e4hd\u00e4 my\u00f6s mahdollisuutena suomalaisissa yrityksiss\u00e4. Jos vastuullisuusasiat ovat meill\u00e4 kunnossa, niin se tuo kilpailuetua ja on mahdollistamassa p\u00e4\u00e4sy\u00e4 maailmallakin sellaisiin arvoketjuihin ja alihankintaverkostoihin, joihin yrityksell\u00e4 ei ehk\u00e4 aiemmin ole ollut p\u00e4\u00e4sy\u00e4. Vastuullisuusraportointiin ja sen l\u00e4pin\u00e4kyvyyteen panostaminen parantaa yrityksen asemia my\u00f6s rahoittajien silmiss\u00e4. <\/p>\n\n\n\n<p><em>Teksti: Helena Puhakka-Tarvainen ja Hanna Koponen<\/em><\/p>\n\n\n\n<figure class=\"wp-block-image size-full is-resized\"><img loading=\"lazy\" decoding=\"async\" width=\"300\" height=\"150\" src=\"https:\/\/me.yrittajat.fi\/vastuu-kannattaa\/app\/uploads\/sites\/81\/2024\/09\/nimeton-malli8.png\" alt=\"\" class=\"wp-image-846\" style=\"width:300px\" \/><\/figure>\n\n\n\n<p><em>Lietsu Palvelut Oy toimii kouluttajana syksyn 2024 Vastuullinen yritystoiminta -ty\u00f6pajoissa.<\/em><\/p>\n","protected":false},"excerpt":{"rendered":"<p>Kest\u00e4vyysraportointi koskee yh\u00e4 useampaa yrityst\u00e4 Apua valmistautumiseen on saatavilla sek\u00e4 Yritt\u00e4jien vastuullisuuskoulutuksista ett\u00e4 eri rahoitusl\u00e4hteist\u00e4 Joko sinun yritykselt\u00e4si on tiedusteltu hiilijalanj\u00e4lke\u00e4 tai ilmastonmuutokseen varautumissuunnitelmaa? Ent\u00e4 kyselev\u00e4tk\u00f6 asiakkaasi k\u00e4ytt\u00e4miesi raaka-aineiden tuotannon ty\u00f6oloista tai j\u00e4temateriaalien loppusijoituksesta? Vastuullisuusasioiden huomioimisen merkitys yritystoiminnalle on kasvanut viime vuosina sek\u00e4 asiakkaiden vaatimusten ett\u00e4 s\u00e4\u00e4ntelyn kiristymisen my\u00f6t\u00e4. EU:n kest\u00e4vyysraportointidirektiivi (CSRD) vaatii suurilta p\u00f6rssiyhti\u00f6ilt\u00e4 &hellip; <a href=\"https:\/\/me.yrittajat.fi\/vastuu-kannattaa\/kestavyysraportointi-koskee-yha-useampaa-yritysta\/\">Lue lis\u00e4\u00e4<\/a><\/p>\n","protected":false},"author":72,"featured_media":850,"parent":0,"menu_order":0,"comment_status":"closed","ping_status":"closed","template":"","meta":{"_acf_changed":false,"footnotes":""},"class_list":["post-844","page","type-page","status-publish","has-post-thumbnail","hentry"],"acf":[],"_links":{"self":[{"href":"https:\/\/me.yrittajat.fi\/vastuu-kannattaa\/wp-json\/wp\/v2\/pages\/844","targetHints":{"allow":["GET"]}}],"collection":[{"href":"https:\/\/me.yrittajat.fi\/vastuu-kannattaa\/wp-json\/wp\/v2\/pages"}],"about":[{"href":"https:\/\/me.yrittajat.fi\/vastuu-kannattaa\/wp-json\/wp\/v2\/types\/page"}],"author":[{"embeddable":true,"href":"https:\/\/me.yrittajat.fi\/vastuu-kannattaa\/wp-json\/wp\/v2\/users\/72"}],"replies":[{"embeddable":true,"href":"https:\/\/me.yrittajat.fi\/vastuu-kannattaa\/wp-json\/wp\/v2\/comments?post=844"}],"version-history":[{"count":5,"href":"https:\/\/me.yrittajat.fi\/vastuu-kannattaa\/wp-json\/wp\/v2\/pages\/844\/revisions"}],"predecessor-version":[{"id":852,"href":"https:\/\/me.yrittajat.fi\/vastuu-kannattaa\/wp-json\/wp\/v2\/pages\/844\/revisions\/852"}],"wp:featuredmedia":[{"embeddable":true,"href":"https:\/\/me.yrittajat.fi\/vastuu-kannattaa\/wp-json\/wp\/v2\/media\/850"}],"wp:attachment":[{"href":"https:\/\/me.yrittajat.fi\/vastuu-kannattaa\/wp-json\/wp\/v2\/media?parent=844"}],"curies":[{"name":"wp","href":"https:\/\/api.w.org\/{rel}","templated":true}]}}