{"id":103,"date":"2021-10-06T16:04:55","date_gmt":"2021-10-06T13:04:55","guid":{"rendered":"https:\/\/me.yrittajat.fi\/yhdessa-eteenpain\/?page_id=103"},"modified":"2022-03-18T11:53:23","modified_gmt":"2022-03-18T09:53:23","slug":"jouko-ahola","status":"publish","type":"page","link":"https:\/\/me.yrittajat.fi\/yhdessa-eteenpain\/etusivu\/yrittajatarinoita\/jouko-ahola\/","title":{"rendered":"Jouko Ahola"},"content":{"rendered":"\n<h2 class=\"wp-block-heading\">Jouko Ahola | Like Liikuntakeskus<\/h2>\n\n\n\n<blockquote class=\"wp-block-quote is-style-large is-layout-flow wp-block-quote-is-layout-flow\"><p>\u201dEn osaa olla muuta kuin yritt\u00e4j\u00e4\u201d<\/p><\/blockquote>\n\n\n\n<p>Jouko Ahola laskee olleensa uransa aikana kaksi vuotta palkkat\u00f6iss\u00e4. Sen j\u00e4lkeen yritt\u00e4jyys vei menness\u00e4\u00e4n.<\/p>\n\n\n\n<p>\u2013 Yritt\u00e4jyys on antanut mahdollisuuden valita, mit\u00e4 teen ja koska teen. Yritt\u00e4j\u00e4n\u00e4 voin esimerkiksi vaikuttaa siihen, ett\u00e4 talvisin voin tehd\u00e4 vain sis\u00e4t\u00f6it\u00e4, rakennusalalla pitk\u00e4\u00e4n toiminut Ahola sanoo.<\/p>\n\n\n\n<p>Viime vuosina Ahola on keskittynyt kuntosaliyritt\u00e4jyyteen. H\u00e4n py\u00f6ritt\u00e4\u00e4 salia H\u00e4meenlinnan Tiiri\u00f6ss\u00e4. Erikoisuutena on pihalle tehty laajamittainen esterata, jonka Ahola on suunnitellut ja rakentanut kokonaan itse.<\/p>\n\n\n\n<p>Yritt\u00e4j\u00e4n\u00e4 Aholaa kuvaa parhaiten toimeliaisuus. H\u00e4nen vahvuutensa on k\u00e4sill\u00e4 tekeminen.<\/p>\n\n\n\n<p>\u2013 Olen ihminen, joka tarvitsee koko ajan jotain tekemist\u00e4. Teen paljon t\u00f6it\u00e4, mutta samaan aikaan pid\u00e4n siit\u00e4 mit\u00e4 teen. En kaipaa juurikaan vapaa-aikaa. Itse asiassa en tied\u00e4, mit\u00e4 vapaa-ajalla tekisin.<\/p>\n\n\n\n<p>Yritt\u00e4jyys ei ole l\u00e4hesk\u00e4\u00e4n aina ollut Aholalle ruusuilla tanssimista. Silloin on tarvittu hyv\u00e4 riskin- ja stressinsietokyky\u00e4.<\/p>\n\n\n\n<p>\u2013 En ole koskaan miettinyt huomista enk\u00e4 murehtinut menneit\u00e4. Menneelle ei voi mit\u00e4\u00e4n eik\u00e4 tulevasta tied\u00e4. Isona tukena ja turvana ovat olleet tietenkin el\u00e4m\u00e4nkumppanini Hanna sek\u00e4 veljeni ja vanhempani. Jos joku asia on mennyt m\u00f6nk\u00e4\u00e4n, siihen on saanut apua. Vastoink\u00e4ymiset ovat opettaneet sen, ett\u00e4 asioiden murehtiminen ei auta vaan on ment\u00e4v\u00e4 eteenp\u00e4in ja yritett\u00e4v\u00e4 parhaansa.<\/p>\n\n\n\n<h3 class=\"wp-block-heading\">Ilman virheit\u00e4 en olisi se, joka olen<\/h3>\n\n\n\n<p>Uransa aikana Ahola on kokenut paljon. H\u00e4n on saanut nauttia ammattiurheilijan t\u00e4hteydest\u00e4, elokuvarooleista kansainv\u00e4lisiss\u00e4 tuotannoissa sek\u00e4 tavallisesta yritt\u00e4j\u00e4n arjesta.<\/p>\n\n\n\n<p>\u2013 Etenkin kilpailuaikoinani kuulin monesti niit\u00e4 \u201dkyll\u00e4 m\u00e4kin jos\u201d -lauseita. Olen tehnyt paljon virheit\u00e4, mutta olen my\u00f6s onnistunut. Ilman tekemi\u00e4ni virheit\u00e4 en olisi se, joka olen. Ainakaan minun ei tarvitse koskaan mietti\u00e4, mit\u00e4 jos.<\/p>\n\n\n\n<p>Seuraava haaste ja kokemus on luvassa syyskuussa, kun Aholan perheeseen syntyy toinen lapsi.<\/p>\n\n\n\n<p>\u2013 Yksi asia on varma. En tule pit\u00e4m\u00e4\u00e4n isyyslomaa enk\u00e4 vapaita.<\/p>\n\n\n\n<h3 class=\"wp-block-heading\">Vaikea korona-aika<\/h3>\n\n\n\n<p>Korona-aika on kohdellut kaltoin monia kuntosaliyritt\u00e4ji\u00e4. Ahola my\u00f6nt\u00e4\u00e4, ett\u00e4 huonosti on mennyt.<\/p>\n\n\n\n<p>\u2013 Ainoat, jotka ovat tulleet vastaan, ovat vuokranantajani ja vakuutusyhti\u00f6. Ne ovat kohdelleet vuokralaistaan hyvin. Pankin kanssa ollut sen sijaan ollut ongelmia. En ole saanut maksuaikaa siin\u00e4 m\u00e4\u00e4rin, kun se olisi taloudellisesti ollut mahdollista ja mist\u00e4 olisin voinut suoriutua.<\/p>\n\n\n\n<p>Seurauksena Aholan piti myyd\u00e4 kaksi sijoitusasuntoaan, joista toinen oli s\u00e4\u00e4stetty el\u00e4kep\u00e4ivien turvaksi.<\/p>\n\n\n\n<p>\u2013 Pankin mielest\u00e4 minulla oli liikaa vastuita. Sielt\u00e4 sanottiin, ett\u00e4 asunto on myyt\u00e4v\u00e4 hinnalla mill\u00e4 hyv\u00e4ns\u00e4 tai sitten se pakkohuutokaupataan.<\/p>\n\n\n\n<p>Vaikeuksista huolimatta Ahola p\u00e4\u00e4tti laajentaa kuntosaliaan, kun siihen tuli mahdollisuus samasta kiinteist\u00f6st\u00e4 vapautuneen tilan my\u00f6t\u00e4.<\/p>\n\n\n\n<p>\u2013 Jos ja kun ajat paranevat, sille on k\u00e4ytt\u00f6\u00e4. Muussa tapauksessa hakkaan vain p\u00e4\u00e4t\u00e4 sein\u00e4\u00e4n.<\/p>\n","protected":false},"excerpt":{"rendered":"<p>Jouko Ahola | Like Liikuntakeskus \u201dEn osaa olla muuta kuin yritt\u00e4j\u00e4\u201d Jouko Ahola laskee olleensa uransa aikana kaksi vuotta palkkat\u00f6iss\u00e4. Sen j\u00e4lkeen yritt\u00e4jyys vei menness\u00e4\u00e4n. \u2013 Yritt\u00e4jyys on antanut mahdollisuuden valita, mit\u00e4 teen ja koska teen. Yritt\u00e4j\u00e4n\u00e4 voin esimerkiksi vaikuttaa siihen, ett\u00e4 talvisin voin tehd\u00e4 vain sis\u00e4t\u00f6it\u00e4, rakennusalalla pitk\u00e4\u00e4n toiminut Ahola sanoo. Viime vuosina Ahola &hellip; <a href=\"https:\/\/me.yrittajat.fi\/yhdessa-eteenpain\/etusivu\/yrittajatarinoita\/jouko-ahola\/\">Lue lis\u00e4\u00e4<\/a><\/p>\n","protected":false},"author":4,"featured_media":93,"parent":107,"menu_order":5,"comment_status":"closed","ping_status":"closed","template":"","meta":{"_acf_changed":false,"footnotes":""},"class_list":["post-103","page","type-page","status-publish","has-post-thumbnail","hentry"],"acf":[],"_links":{"self":[{"href":"https:\/\/me.yrittajat.fi\/yhdessa-eteenpain\/wp-json\/wp\/v2\/pages\/103","targetHints":{"allow":["GET"]}}],"collection":[{"href":"https:\/\/me.yrittajat.fi\/yhdessa-eteenpain\/wp-json\/wp\/v2\/pages"}],"about":[{"href":"https:\/\/me.yrittajat.fi\/yhdessa-eteenpain\/wp-json\/wp\/v2\/types\/page"}],"author":[{"embeddable":true,"href":"https:\/\/me.yrittajat.fi\/yhdessa-eteenpain\/wp-json\/wp\/v2\/users\/4"}],"replies":[{"embeddable":true,"href":"https:\/\/me.yrittajat.fi\/yhdessa-eteenpain\/wp-json\/wp\/v2\/comments?post=103"}],"version-history":[{"count":8,"href":"https:\/\/me.yrittajat.fi\/yhdessa-eteenpain\/wp-json\/wp\/v2\/pages\/103\/revisions"}],"predecessor-version":[{"id":117,"href":"https:\/\/me.yrittajat.fi\/yhdessa-eteenpain\/wp-json\/wp\/v2\/pages\/103\/revisions\/117"}],"up":[{"embeddable":true,"href":"https:\/\/me.yrittajat.fi\/yhdessa-eteenpain\/wp-json\/wp\/v2\/pages\/107"}],"wp:featuredmedia":[{"embeddable":true,"href":"https:\/\/me.yrittajat.fi\/yhdessa-eteenpain\/wp-json\/wp\/v2\/media\/93"}],"wp:attachment":[{"href":"https:\/\/me.yrittajat.fi\/yhdessa-eteenpain\/wp-json\/wp\/v2\/media?parent=103"}],"curies":[{"name":"wp","href":"https:\/\/api.w.org\/{rel}","templated":true}]}}