{"id":125,"date":"2021-10-06T16:20:00","date_gmt":"2021-10-06T13:20:00","guid":{"rendered":"https:\/\/me.yrittajat.fi\/yhdessa-eteenpain\/?page_id=125"},"modified":"2021-10-06T16:21:39","modified_gmt":"2021-10-06T13:21:39","slug":"isabella-asplund","status":"publish","type":"page","link":"https:\/\/me.yrittajat.fi\/yhdessa-eteenpain\/etusivu\/yrittajatarinoita\/isabella-asplund\/","title":{"rendered":"Isabella Asplund"},"content":{"rendered":"\n<h2 class=\"wp-block-heading\">Isabella Asplund | Liha- ja kalakauppa K\u00f6ttdisken<\/h2>\n\n\n\n<blockquote class=\"wp-block-quote is-style-large is-layout-flow wp-block-quote-is-layout-flow\"><p>&#8220;Luulin ett\u00e4 yritt\u00e4j\u00e4n tulee aina p\u00e4rj\u00e4t\u00e4 yksin.&#8221;<\/p><\/blockquote>\n\n\n\n<p>Kun tiet\u00e4\u00e4, mit\u00e4 tahtoo, on sit\u00e4 helppo l\u00e4hte\u00e4 toteuttamaan \u2013 jopa ilman mit\u00e4\u00e4n kokemusta liiketoiminnasta. T\u00e4m\u00e4n on kokenut Yritt\u00e4jien maalahtelainen j\u00e4senyritt\u00e4j\u00e4 Isabella Asplund. H\u00e4n on aina voinut luottaa siihen, ett\u00e4 Yritt\u00e4j\u00e4t neuvovat tiukan paikan tullen.<\/p>\n\n\n\n<p>Kuusi vuotta sitten Asplund perusti ensimm\u00e4isen yrityksens\u00e4 liha- ja kalakauppa K\u00f6ttdiskenin. Nainen l\u00e4hti matkaan ilman mit\u00e4\u00e4n kokemusta yritt\u00e4jyydest\u00e4. Mukana oli ainoastaan vahva usko omaan liikeideaan.<\/p>\n\n\n\n<p>\u00ad \u2013 Uskoin vaan unelmaani tarjota puhtaita, laadukkaita ruoka-aineksia ihmisille my\u00f6s maaseudulla. Minusta oli hullua, ett\u00e4 vaikka maalla tuotetaan kaikkea hyv\u00e4\u00e4, tavallisista kaupoista l\u00f6ytyi vain jauhelihaa, marinoitua broileria ja norjalaista lohta, Isabella Asplund kertoo.<\/p>\n\n\n\n<p>K\u00f6ttdiskenin alkuvaiheiden j\u00e4lkeen on tapahtunut jo paljon. Asplund on avannut toisenkin kaupan sek\u00e4 ravintolan Vaasaan. Nyky\u00e4\u00e4n omistajan arkeen kuuluu kaikkien toimipisteiden ohjaus, yhteisty\u00f6 tavarantoimittajien kanssa, henkil\u00f6kunnan hallinnointi, uusien ideoiden kehitys ja toteutus sek\u00e4 paljon muuta. Jokainen p\u00e4iv\u00e4 vaatii uutta ajattelua ja opettelua.<\/p>\n\n\n\n<p>\u2013 Olen aina sanonut: jos haluat oppia paljon, sinusta pit\u00e4\u00e4 tulla yritt\u00e4j\u00e4, h\u00e4n kiteytt\u00e4\u00e4.<\/p>\n\n\n\n<p>Asplund on saanut huomata my\u00f6s, ettei yritt\u00e4jyyden ja muun el\u00e4m\u00e4n yhdist\u00e4minen tule itsest\u00e4\u00e4n.<\/p>\n\n\n\n<p>\u2013 Kun el\u00e4t pikkulapsiarkea t\u00e4ysp\u00e4iv\u00e4isen\u00e4 yritt\u00e4j\u00e4n\u00e4 ja rakennat samalla perheelle omakotitaloa, ei riitt\u00e4m\u00e4tt\u00f6myyden tunteelta voi v\u00e4ltty\u00e4. Ne hetket, kun kolmivuotias tyt\u00e4r katsoo anovasti silmiin ja ty\u00f6puhelu vain jatkuu, s\u00e4rkee syd\u00e4men. Yritt\u00e4j\u00e4n arki ei ole aina hohtoista. Aikaa on aina liian v\u00e4h\u00e4n. En silti vaihtaisi pois p\u00e4iv\u00e4\u00e4k\u00e4\u00e4n.<\/p>\n\n\n\n<p>Suurin haaste h\u00e4nen yritt\u00e4jyydess\u00e4\u00e4n on kuitenkin ollut oma j\u00e4\u00e4r\u00e4p\u00e4inen mieli. Aluksi Asplund ei osannut pyyt\u00e4\u00e4 ollenkaan apua. Nimike yritt\u00e4j\u00e4 tarkoitti h\u00e4nen mielest\u00e4\u00e4n sit\u00e4, ett\u00e4 kaikki tulee tehd\u00e4 itse. T\u00e4m\u00e4 ajatus sai kuitenkin kyyti\u00e4 jo K\u00f6ttdiskenin avajaisp\u00e4iv\u00e4n\u00e4, kun asiakkaiden jono ylsi pihalle asti ja Isabella Asplund sai soittaa yst\u00e4v\u00e4ns\u00e4 apuun.<\/p>\n\n\n\n<p>\u2013 Nyt olen ollut jo 6 vuotta yritt\u00e4j\u00e4n\u00e4, mutta p\u00e4iv\u00e4\u00e4k\u00e4\u00e4n en ole p\u00e4rj\u00e4nnyt yksin.<\/p>\n\n\n\n<p>Ehk\u00e4 olisi ollut helpompaa jakaa omistajuus jonkun kanssa, mutta se ei olisi varmasti opettanut Asplundille niin paljon.<\/p>\n\n\n\n<p>\u2013 Kaikkea ei onneksi tarvitse tehd\u00e4 yksin. Kuuden vuoden j\u00e4senyyden j\u00e4lkeen tied\u00e4n, ett\u00e4 voin aina luottaa Yritt\u00e4jiin. Tied\u00e4n, ett\u00e4 voin aina kysy\u00e4 heilt\u00e4 neuvoa, ja luotan siihen, ett\u00e4 he auttavat. Ja jos he eiv\u00e4t tied\u00e4 vastausta, niin he tiet\u00e4v\u00e4t varmasti kenelt\u00e4 kannattaa kysy\u00e4, Isabella Asplund painottaa.<\/p>\n","protected":false},"excerpt":{"rendered":"<p>Isabella Asplund | Liha- ja kalakauppa K\u00f6ttdisken &#8220;Luulin ett\u00e4 yritt\u00e4j\u00e4n tulee aina p\u00e4rj\u00e4t\u00e4 yksin.&#8221; Kun tiet\u00e4\u00e4, mit\u00e4 tahtoo, on sit\u00e4 helppo l\u00e4hte\u00e4 toteuttamaan \u2013 jopa ilman mit\u00e4\u00e4n kokemusta liiketoiminnasta. T\u00e4m\u00e4n on kokenut Yritt\u00e4jien maalahtelainen j\u00e4senyritt\u00e4j\u00e4 Isabella Asplund. H\u00e4n on aina voinut luottaa siihen, ett\u00e4 Yritt\u00e4j\u00e4t neuvovat tiukan paikan tullen. Kuusi vuotta sitten Asplund perusti ensimm\u00e4isen &hellip; <a href=\"https:\/\/me.yrittajat.fi\/yhdessa-eteenpain\/etusivu\/yrittajatarinoita\/isabella-asplund\/\">Lue lis\u00e4\u00e4<\/a><\/p>\n","protected":false},"author":4,"featured_media":93,"parent":107,"menu_order":15,"comment_status":"closed","ping_status":"closed","template":"","meta":{"_acf_changed":false,"footnotes":""},"class_list":["post-125","page","type-page","status-publish","has-post-thumbnail","hentry"],"acf":[],"_links":{"self":[{"href":"https:\/\/me.yrittajat.fi\/yhdessa-eteenpain\/wp-json\/wp\/v2\/pages\/125","targetHints":{"allow":["GET"]}}],"collection":[{"href":"https:\/\/me.yrittajat.fi\/yhdessa-eteenpain\/wp-json\/wp\/v2\/pages"}],"about":[{"href":"https:\/\/me.yrittajat.fi\/yhdessa-eteenpain\/wp-json\/wp\/v2\/types\/page"}],"author":[{"embeddable":true,"href":"https:\/\/me.yrittajat.fi\/yhdessa-eteenpain\/wp-json\/wp\/v2\/users\/4"}],"replies":[{"embeddable":true,"href":"https:\/\/me.yrittajat.fi\/yhdessa-eteenpain\/wp-json\/wp\/v2\/comments?post=125"}],"version-history":[{"count":4,"href":"https:\/\/me.yrittajat.fi\/yhdessa-eteenpain\/wp-json\/wp\/v2\/pages\/125\/revisions"}],"predecessor-version":[{"id":130,"href":"https:\/\/me.yrittajat.fi\/yhdessa-eteenpain\/wp-json\/wp\/v2\/pages\/125\/revisions\/130"}],"up":[{"embeddable":true,"href":"https:\/\/me.yrittajat.fi\/yhdessa-eteenpain\/wp-json\/wp\/v2\/pages\/107"}],"wp:featuredmedia":[{"embeddable":true,"href":"https:\/\/me.yrittajat.fi\/yhdessa-eteenpain\/wp-json\/wp\/v2\/media\/93"}],"wp:attachment":[{"href":"https:\/\/me.yrittajat.fi\/yhdessa-eteenpain\/wp-json\/wp\/v2\/media?parent=125"}],"curies":[{"name":"wp","href":"https:\/\/api.w.org\/{rel}","templated":true}]}}