{"id":132,"date":"2021-10-06T16:27:00","date_gmt":"2021-10-06T13:27:00","guid":{"rendered":"https:\/\/me.yrittajat.fi\/yhdessa-eteenpain\/?page_id=132"},"modified":"2021-10-06T16:28:37","modified_gmt":"2021-10-06T13:28:37","slug":"tuulikki-castren","status":"publish","type":"page","link":"https:\/\/me.yrittajat.fi\/yhdessa-eteenpain\/etusivu\/yrittajatarinoita\/tuulikki-castren\/","title":{"rendered":"Tuulikki Castr\u00e9n"},"content":{"rendered":"\n<h2 class=\"wp-block-heading\">Tuulikki Castr\u00e9n | El\u00e4inl\u00e4\u00e4k\u00e4riasema Aitovet<\/h2>\n\n\n\n<blockquote class=\"wp-block-quote is-style-large is-layout-flow wp-block-quote-is-layout-flow\"><p>\u201dJonkun on syyt\u00e4 pit\u00e4\u00e4 meteli\u00e4 meist\u00e4kin!\u201d<\/p><\/blockquote>\n\n\n\n<p>Nopeasti laajentunut el\u00e4inl\u00e4\u00e4k\u00e4riasema Aitovet pit\u00e4\u00e4 Kouvolan seudulla huolta pienist\u00e4 ja suurista el\u00e4imist\u00e4. El\u00e4inl\u00e4\u00e4k\u00e4ri Tuulikki Castr\u00e9nille on ollut t\u00e4rke\u00e4\u00e4 kuulla toisia yritt\u00e4ji\u00e4, sill\u00e4 se avartaa omaa ajattelua. Taustalla turvallista tunnetta luo se, ett\u00e4 Yritt\u00e4j\u00e4t ajaa pienten yritt\u00e4jien asiaa.<\/p>\n\n\n\n<p>Kyl\u00e4koulun lopettamisella voi olla hyvi\u00e4kin seurauksia. Kouvolalainen el\u00e4inl\u00e4\u00e4k\u00e4ri Tuulikki Castr\u00e9n katseli ikkunasta, kun naapurissa sijaitseva Aitom\u00e4en koulurakennus tyhjeni. H\u00e4n piti ammatinharjoittajana el\u00e4inl\u00e4\u00e4k\u00e4rin vastaanottoa kotonaan.<\/p>\n\n\n\n<p>\u2013 Mietin itsekseni, ett\u00e4 onpa kurjaa, ett\u00e4 koulutoiminta loppuu. Toiseksi parasta, mit\u00e4 rakennuksessa voisi tapahtua, olisi el\u00e4inl\u00e4\u00e4k\u00e4riaseman py\u00f6ritt\u00e4minen. Siell\u00e4 voisi hoitaa my\u00f6s isot el\u00e4imet, Castr\u00e9n kertoo.<\/p>\n\n\n\n<p>H\u00e4n k\u00e4vi harrastuksekseen Nuorisoseurantalolla zumbaamassa, ja samassa ryhm\u00e4ss\u00e4 jumppasi klinikkael\u00e4intenhoitaja Katja V\u00e4kiparta. Katjalla oli ollut samanlaisia ajatuksia kyl\u00e4koulusta, mutta Tuulikki ehti lausua ne \u00e4\u00e4neen ensin. Siit\u00e4 se sitten l\u00e4hti: yhteinen yritys Aitovet Oy syntyi vuonna 2014.<\/p>\n\n\n\n<p>Ensin yrityksess\u00e4 oli kaksi el\u00e4inl\u00e4\u00e4k\u00e4ri\u00e4 ja kolme el\u00e4inhoitajaa; nyt kuusi vuotta my\u00f6hemmin yrityksess\u00e4 ty\u00f6skentelee jo parikymment\u00e4 henke\u00e4. Palvelut kattavat niin pien- ja suurel\u00e4inten vaativista tutkimuksista hoitoihin.<\/p>\n\n\n\n<p>\u2013 Olemme vastanneet kysynt\u00e4\u00e4n ja hankkineet sek\u00e4 laitteita ett\u00e4 erikoisosaamista paikallisten asiakkaiden tarpeisiin, Tuulikki Castr\u00e9n kertoo.<\/p>\n\n\n\n<h3 class=\"wp-block-heading\">Yritt\u00e4j\u00e4t toistensa tukena<\/h3>\n\n\n\n<p>Kummallakaan perustajista ei ollut yritt\u00e4j\u00e4koulutusta. Kun yrityksen henkil\u00f6st\u00f6 on moninkertaistunut, on tullut my\u00f6s uudenlaisia haasteita. Esimerkiksi ty\u00f6vuorosuunnittelu, viestint\u00e4 ja kirjanpito vaativat erilaista osaamista ja ty\u00f6aikaa. Viime vuonna Aitovetin liikevaihto oli 1,5 miljoonaa euroa.<\/p>\n\n\n\n<p>\u2013 Onneksi meill\u00e4 on eritt\u00e4in ammattitaitoinen ja itseohjautuva porukka. Mutta kielt\u00e4m\u00e4tt\u00e4 on tullut tilanteita, joissa ammattimainen yritt\u00e4j\u00e4osaaminen olisi ollut tarpeen, Castr\u00e9n sanoo.<\/p>\n\n\n\n<p>Paikallisen ELY-keskuksen kurssilla kumppanukset huomasivat, miten paljon hy\u00f6ty\u00e4 toisten yritt\u00e4jien kanssa keskustelusta on.<\/p>\n\n\n\n<p>\u2013 Olemme saaneet paljon apua ja neuvoja eri alojen yritt\u00e4jilt\u00e4. Oma ajattelu avartuu siin\u00e4 kummasti. Esimerkiksi myyminen on pitk\u00e4lti samanlaista, myip\u00e4 sitten palvelua tai tuotetta, Tuulikki Castr\u00e9n toteaa.<\/p>\n\n\n\n<p>Siksi Yritt\u00e4j\u00e4t on h\u00e4nen mielest\u00e4\u00e4n hyvin t\u00e4rke\u00e4 tukipilari yritt\u00e4j\u00e4toiminnan taustalla.<\/p>\n\n\n\n<p>\u2013 On suuri apu, ett\u00e4 Yritt\u00e4jilt\u00e4 saa tarvittaessa esimerkiksi juridista neuvontaa. Ja on t\u00e4rke\u00e4\u00e4, ett\u00e4 joku ajaa meid\u00e4n yhteist\u00e4 asiaamme. Sill\u00e4 yritt\u00e4j\u00e4th\u00e4n t\u00e4t\u00e4 maata kannattelevat, pienet ja suuret. Jonkun on syyt\u00e4 pit\u00e4\u00e4 meteli\u00e4 meist\u00e4kin!<\/p>\n","protected":false},"excerpt":{"rendered":"<p>Tuulikki Castr\u00e9n | El\u00e4inl\u00e4\u00e4k\u00e4riasema Aitovet \u201dJonkun on syyt\u00e4 pit\u00e4\u00e4 meteli\u00e4 meist\u00e4kin!\u201d Nopeasti laajentunut el\u00e4inl\u00e4\u00e4k\u00e4riasema Aitovet pit\u00e4\u00e4 Kouvolan seudulla huolta pienist\u00e4 ja suurista el\u00e4imist\u00e4. El\u00e4inl\u00e4\u00e4k\u00e4ri Tuulikki Castr\u00e9nille on ollut t\u00e4rke\u00e4\u00e4 kuulla toisia yritt\u00e4ji\u00e4, sill\u00e4 se avartaa omaa ajattelua. Taustalla turvallista tunnetta luo se, ett\u00e4 Yritt\u00e4j\u00e4t ajaa pienten yritt\u00e4jien asiaa. Kyl\u00e4koulun lopettamisella voi olla hyvi\u00e4kin seurauksia. Kouvolalainen &hellip; <a href=\"https:\/\/me.yrittajat.fi\/yhdessa-eteenpain\/etusivu\/yrittajatarinoita\/tuulikki-castren\/\">Lue lis\u00e4\u00e4<\/a><\/p>\n","protected":false},"author":4,"featured_media":93,"parent":107,"menu_order":20,"comment_status":"closed","ping_status":"closed","template":"","meta":{"_acf_changed":false,"footnotes":""},"class_list":["post-132","page","type-page","status-publish","has-post-thumbnail","hentry"],"acf":[],"_links":{"self":[{"href":"https:\/\/me.yrittajat.fi\/yhdessa-eteenpain\/wp-json\/wp\/v2\/pages\/132","targetHints":{"allow":["GET"]}}],"collection":[{"href":"https:\/\/me.yrittajat.fi\/yhdessa-eteenpain\/wp-json\/wp\/v2\/pages"}],"about":[{"href":"https:\/\/me.yrittajat.fi\/yhdessa-eteenpain\/wp-json\/wp\/v2\/types\/page"}],"author":[{"embeddable":true,"href":"https:\/\/me.yrittajat.fi\/yhdessa-eteenpain\/wp-json\/wp\/v2\/users\/4"}],"replies":[{"embeddable":true,"href":"https:\/\/me.yrittajat.fi\/yhdessa-eteenpain\/wp-json\/wp\/v2\/comments?post=132"}],"version-history":[{"count":4,"href":"https:\/\/me.yrittajat.fi\/yhdessa-eteenpain\/wp-json\/wp\/v2\/pages\/132\/revisions"}],"predecessor-version":[{"id":137,"href":"https:\/\/me.yrittajat.fi\/yhdessa-eteenpain\/wp-json\/wp\/v2\/pages\/132\/revisions\/137"}],"up":[{"embeddable":true,"href":"https:\/\/me.yrittajat.fi\/yhdessa-eteenpain\/wp-json\/wp\/v2\/pages\/107"}],"wp:featuredmedia":[{"embeddable":true,"href":"https:\/\/me.yrittajat.fi\/yhdessa-eteenpain\/wp-json\/wp\/v2\/media\/93"}],"wp:attachment":[{"href":"https:\/\/me.yrittajat.fi\/yhdessa-eteenpain\/wp-json\/wp\/v2\/media?parent=132"}],"curies":[{"name":"wp","href":"https:\/\/api.w.org\/{rel}","templated":true}]}}