{"id":138,"date":"2021-10-07T09:18:03","date_gmt":"2021-10-07T06:18:03","guid":{"rendered":"https:\/\/me.yrittajat.fi\/yhdessa-eteenpain\/?page_id=138"},"modified":"2021-10-07T09:20:36","modified_gmt":"2021-10-07T06:20:36","slug":"juha-enlund","status":"publish","type":"page","link":"https:\/\/me.yrittajat.fi\/yhdessa-eteenpain\/etusivu\/yrittajatarinoita\/juha-enlund\/","title":{"rendered":"Juha Enlund"},"content":{"rendered":"\n<h2 class=\"wp-block-heading\">Juha Enlund | Pept Oy<\/h2>\n\n\n\n<blockquote class=\"wp-block-quote is-style-large is-layout-flow wp-block-quote-is-layout-flow\"><p>\u201dJokainen kaipaa v\u00e4h\u00e4n tukea ja sparrausta\u201d<\/p><\/blockquote>\n\n\n\n<p>Pept Oy:n perustaja ja toimitusjohtaja Juha Enlund on joutunut opettelemaan monta asiaa kantap\u00e4\u00e4n kautta. Siksi h\u00e4n haluaa nyt auttaa etenkin nuoria yritt\u00e4ji\u00e4. Enlund itse pist\u00e4\u00e4 Yritt\u00e4jien neuvontanumeron pirisem\u00e4\u00e4n useita kertoja joka viikko. Asiantunteva apu tulee aina nopeasti.<br>Pept Oy tunnetaan hyvin Keski-Pohjanmaalla. Eristys- ja telinepalveluita py\u00f6ritt\u00e4v\u00e4 perheyritys tarjoaa ty\u00f6t\u00e4 sadoille ty\u00f6ntekij\u00f6ille niin Suomessa kuin ulkomailla. Kun teollisuudessa tarvitaan esimerkiksi telineratkaisuja, eristys- ja peltit\u00f6it\u00e4 tai ty\u00f6maavalaistusta, tiedet\u00e4\u00e4n, ett\u00e4 Kaustisella osataan.<\/p>\n\n\n\n<p>Toimitusjohtaja Juha Enlund perusti firman vuonna 1992. Vastaavanlaisessa yhti\u00f6ss\u00e4 ty\u00f6skennelleen\u00e4 h\u00e4n n\u00e4ki, ett\u00e4 alalla t\u00f6it\u00e4 riitt\u00e4\u00e4. Enlund halusi itse olla luomassa ty\u00f6paikat.<\/p>\n\n\n\n<h3 class=\"wp-block-heading\">Kasvuvauhtia ulkomailta<\/h3>\n\n\n\n<p>\u2013 Ei silloin tehty mit\u00e4\u00e4n markkinatutkimuksia. Idea oli, ett\u00e4 itselle ja kaverille pit\u00e4\u00e4 l\u00f6yty\u00e4 t\u00f6it\u00e4. Huomasimme aika nopeasti, ett\u00e4 lama-Suomessa oli vaikeaa l\u00f6yt\u00e4\u00e4 t\u00f6it\u00e4 isommalle joukolle, joten l\u00e4ksimme Saksan-markkinoille, Juha Enlund kertoo.<\/p>\n\n\n\n<p>Onnistuneiden projektien j\u00e4lkeen yhti\u00f6 laajeni my\u00f6s Ruotsiin, ja kokeiluja tehtiin niin Ven\u00e4j\u00e4ll\u00e4 kuin Tanskassakin. 2000-luvun alussa Enlund sai ostotarjouksen saksalaisilta. Perheyhti\u00f6ss\u00e4 oli pohdinnan paikka: myyd\u00e4\u00e4nk\u00f6 vai jatketaanko?<\/p>\n\n\n\n<p>\u2013 Meill\u00e4 on kaksi poikaa, ja kysyimme vaimon kanssa, haluavatko he jatkaa ty\u00f6t\u00e4mme. Pojat saivat osakkeet joululahjaksi, ja lahjavero maksettiin osingoilla. Vaimo on jo j\u00e4\u00e4nyt el\u00e4kkeelle, mutta min\u00e4 jatkan viel\u00e4 poikien kanssa, Juha Enlund kertoo.<\/p>\n\n\n\n<p>H\u00e4nell\u00e4 on omistusta yhteens\u00e4 seitsem\u00e4ss\u00e4 yrityksess\u00e4, sill\u00e4 pakettiin kuuluu my\u00f6s muun muassa henkil\u00f6st\u00f6vuokrausta. Toimintaa on ymp\u00e4ri Suomea ja Ruotsia ja ty\u00f6ntekij\u00f6it\u00e4 t\u00e4ll\u00e4 hetkell\u00e4 noin 250.<\/p>\n\n\n\n<h3 class=\"wp-block-heading\">Yritt\u00e4j\u00e4n pit\u00e4\u00e4 saada vastaus nopeasti<\/h3>\n\n\n\n<p>Yritt\u00e4j\u00e4n\u00e4 Enlund on itseoppinut.<\/p>\n\n\n\n<p>\u2013 Olen sit\u00e4 tyyppi\u00e4, ett\u00e4 opettelen mieluummin itse kuin maksan palkkioita konsulteille. Mutta paljolta olisin s\u00e4\u00e4stynyt, jos joku olisi ollut neuvomassa esimerkiksi Ven\u00e4j\u00e4lle menness\u00e4mme, Enlund sanoo.<\/p>\n\n\n\n<p>H\u00e4n neuvoo nyt nuorempia Kaustisen Yritt\u00e4jiss\u00e4.<\/p>\n\n\n\n<p>\u2013 Nuoret yritt\u00e4j\u00e4t ovat nyky\u00e4\u00e4n todella fiksuja, mutta jokainen kaipaa v\u00e4h\u00e4n tukea ja sparrausta. Esimerkiksi markkinointi on kaikille vaikeaa, Juha Enlund sanoo.<\/p>\n\n\n\n<p>H\u00e4n tiet\u00e4\u00e4, mit\u00e4 yritt\u00e4j\u00e4 eniten tarvitsee: nopeita vastauksia. Ei ole aikaa perehty\u00e4 itse kaikkeen, ja siksi Yritt\u00e4jien neuvontapalvelu on ollut my\u00f6s Pept Oy:ss\u00e4 kovassa k\u00e4yt\u00f6ss\u00e4 esimerkiksi henkil\u00f6st\u00f6hallintoon liittyviss\u00e4 asioissa. \u00ad<\/p>\n\n\n\n<p>\u2013 Soitamme ja kysymme milloin mist\u00e4kin asiasta, useita kertoja viikossa, ja aina saamme nopeasti asiantuntevaa apua, Enlund kertoo.<\/p>\n","protected":false},"excerpt":{"rendered":"<p>Juha Enlund | Pept Oy \u201dJokainen kaipaa v\u00e4h\u00e4n tukea ja sparrausta\u201d Pept Oy:n perustaja ja toimitusjohtaja Juha Enlund on joutunut opettelemaan monta asiaa kantap\u00e4\u00e4n kautta. Siksi h\u00e4n haluaa nyt auttaa etenkin nuoria yritt\u00e4ji\u00e4. Enlund itse pist\u00e4\u00e4 Yritt\u00e4jien neuvontanumeron pirisem\u00e4\u00e4n useita kertoja joka viikko. Asiantunteva apu tulee aina nopeasti.Pept Oy tunnetaan hyvin Keski-Pohjanmaalla. Eristys- ja telinepalveluita &hellip; <a href=\"https:\/\/me.yrittajat.fi\/yhdessa-eteenpain\/etusivu\/yrittajatarinoita\/juha-enlund\/\">Lue lis\u00e4\u00e4<\/a><\/p>\n","protected":false},"author":4,"featured_media":93,"parent":107,"menu_order":25,"comment_status":"closed","ping_status":"closed","template":"","meta":{"_acf_changed":false,"footnotes":""},"class_list":["post-138","page","type-page","status-publish","has-post-thumbnail","hentry"],"acf":[],"_links":{"self":[{"href":"https:\/\/me.yrittajat.fi\/yhdessa-eteenpain\/wp-json\/wp\/v2\/pages\/138","targetHints":{"allow":["GET"]}}],"collection":[{"href":"https:\/\/me.yrittajat.fi\/yhdessa-eteenpain\/wp-json\/wp\/v2\/pages"}],"about":[{"href":"https:\/\/me.yrittajat.fi\/yhdessa-eteenpain\/wp-json\/wp\/v2\/types\/page"}],"author":[{"embeddable":true,"href":"https:\/\/me.yrittajat.fi\/yhdessa-eteenpain\/wp-json\/wp\/v2\/users\/4"}],"replies":[{"embeddable":true,"href":"https:\/\/me.yrittajat.fi\/yhdessa-eteenpain\/wp-json\/wp\/v2\/comments?post=138"}],"version-history":[{"count":3,"href":"https:\/\/me.yrittajat.fi\/yhdessa-eteenpain\/wp-json\/wp\/v2\/pages\/138\/revisions"}],"predecessor-version":[{"id":142,"href":"https:\/\/me.yrittajat.fi\/yhdessa-eteenpain\/wp-json\/wp\/v2\/pages\/138\/revisions\/142"}],"up":[{"embeddable":true,"href":"https:\/\/me.yrittajat.fi\/yhdessa-eteenpain\/wp-json\/wp\/v2\/pages\/107"}],"wp:featuredmedia":[{"embeddable":true,"href":"https:\/\/me.yrittajat.fi\/yhdessa-eteenpain\/wp-json\/wp\/v2\/media\/93"}],"wp:attachment":[{"href":"https:\/\/me.yrittajat.fi\/yhdessa-eteenpain\/wp-json\/wp\/v2\/media?parent=138"}],"curies":[{"name":"wp","href":"https:\/\/api.w.org\/{rel}","templated":true}]}}