{"id":143,"date":"2021-10-07T09:24:31","date_gmt":"2021-10-07T06:24:31","guid":{"rendered":"https:\/\/me.yrittajat.fi\/yhdessa-eteenpain\/?page_id=143"},"modified":"2021-10-07T09:24:32","modified_gmt":"2021-10-07T06:24:32","slug":"kaius-gestranius","status":"publish","type":"page","link":"https:\/\/me.yrittajat.fi\/yhdessa-eteenpain\/etusivu\/yrittajatarinoita\/kaius-gestranius\/","title":{"rendered":"Kaius Gestranius"},"content":{"rendered":"\n<h2 class=\"wp-block-heading\">Kaius Gestranius | J\u00e4vla S\u00e5s Bolag Oy<\/h2>\n\n\n\n<blockquote class=\"wp-block-quote is-style-large is-layout-flow wp-block-quote-is-layout-flow\"><p><em>\u201dIdeoiden pallottelu on valtavan t\u00e4rke\u00e4\u00e4\u201d<\/em><\/p><\/blockquote>\n\n\n\n<p>J\u00e4vla S\u00e5s -kastikkeiden is\u00e4 Kaius Gestranius on tavannut Yritt\u00e4jien kautta paljon t\u00e4rkeit\u00e4 kumppaneita. Nyt h\u00e4n tahtoo auttaa my\u00f6s muita eteenp\u00e4in. Yritt\u00e4jien uutiskirje kertoo, mit\u00e4 yritt\u00e4j\u00e4maailmassa tapahtuu, ja tapaamisissa p\u00e4\u00e4see vaihtamaan ajatuksia muiden kanssa.<br>J\u00e4vla S\u00e5s Bolagin kastikkeet saivat lent\u00e4v\u00e4n l\u00e4hd\u00f6n Leijonan luola -tv-ohjelmasta. Kotikeitti\u00f6ss\u00e4 ensin kastikkeitaan keitellyt Kaius Gestranius huomasi, ett\u00e4 kaikkea ei yksin pysty hoitamaan. Nyt Vuoksenniskan vanhassa Siwassa h\u00e4\u00e4rii kolme ty\u00f6ntekij\u00e4\u00e4, ja tuotteita on myynniss\u00e4 ymp\u00e4ri Suomea S- ja K-kauppojen valikoimissa.<\/p>\n\n\n\n<p>\u2013 Huolella juostaan ees taas, h\u00e4n kuvaa yritt\u00e4j\u00e4n arkea.<\/p>\n\n\n\n<p>Vaikka tuotanto on sin\u00e4ns\u00e4 yksinkertaista \u2013 ainekset keitet\u00e4\u00e4n kastikkeiksi ja ne pullotetaan \u2013 , tuotekehitys ja markkinointi pit\u00e4v\u00e4t yritt\u00e4j\u00e4n kiireisen\u00e4.<\/p>\n\n\n\n<h3 class=\"wp-block-heading\">Puhtaita makuja uutuustuotteissa<\/h3>\n\n\n\n<p>Yrityksen muutettua isompiin tiloihin Gestranius on voinut my\u00f6s laajentaa tuotevalikoimaansa lempiharrastustensa eli grillauksen ja savustuksen suuntaan: Vuoksenniskalla j\u00e4rjestet\u00e4\u00e4n aika ajoin my\u00f6s pop up -henkist\u00e4 ruuan ulosmyynti\u00e4.<\/p>\n\n\n\n<p>\u2013 Se k\u00e4y niin helposti. Panen lihat aamulla savustumaan ja ilmoittelen sosiaalisessa mediassa, ett\u00e4 tulkaapa hakemaan, Gestranius kuvailee.<\/p>\n\n\n\n<p>Ruokatuotteille yksi keino tavoittaa kuluttajia ovat maistatukset. Koronakriisin my\u00f6t\u00e4 ne j\u00e4iv\u00e4t pois samoin kuin yleis\u00f6tilaisuudet, kuten markkinat. Onneksi ne ovat hiljalleen palaamassa.<\/p>\n\n\n\n<p>\u2013 Korona toi my\u00f6s hyvi\u00e4 asioita, Suomalaiset tuntuvat arvostavan kotimaisia tuotteita entist\u00e4 enemm\u00e4n, ja entist\u00e4 enemm\u00e4n kiinnostaa tuotteiden alkuper\u00e4 sek\u00e4 vastuullisuus, joka meid\u00e4n osaltamme on hieno asia.<\/p>\n\n\n\n<p>H\u00e4nell\u00e4 on my\u00f6s myynniss\u00e4 Traeger- ja Big Green Egg -grillej\u00e4, joissa valmistetaan hitaasti kypsyvi\u00e4 grilliherkkuja.<\/p>\n\n\n\n<p>Kastikesarjaan on parhaillaan kehitteill\u00e4 uusia makuja, joita ei viel\u00e4 voi paljastaa.<\/p>\n\n\n\n<p>\u2013 Samaa tuttua linjaa, puhtaita hyvi\u00e4 makuja, ja mahdollisimman paljon kotimaisia raaka-aineita ilman h\u00e4vikki\u00e4, Gestranius sanoo.<\/p>\n\n\n\n<p>Vasta kolme vuotta toimineelle yritykselle on ollut t\u00e4rke\u00e4\u00e4 l\u00e4hiseudun kokeneempien yritt\u00e4jien apu ja tuki, ett\u00e4 l\u00e4hiseudun kokeneemmat yritt\u00e4j\u00e4t ovat antaneet tukea ja apua.<\/p>\n\n\n\n<p>\u2013 Liityin heti firman perustettuani Kaakkois-Suomen Yritt\u00e4jiin. Yhdistyksen uutiskirje on minulle t\u00e4rke\u00e4 kanava seurata, mit\u00e4 yritt\u00e4j\u00e4maailmassa tapahtuu.<\/p>\n\n\n\n<p>J\u00e4vla S\u00e5s Bolagin perustajat ovat verkostoituneet paikallisten yritt\u00e4jien kanssa. Yhteisist\u00e4 tapaamisista saa sek\u00e4 tukea ett\u00e4 tietoa.<\/p>\n\n\n\n<p>\u2013 Ideoiden pallottelu ja kokemusten jakaminen on valtavan t\u00e4rke\u00e4\u00e4. Itsekin yrit\u00e4n aina ajatella, voinko jotenkin auttaa muita, Kaius Gestranius sanoo.<\/p>\n","protected":false},"excerpt":{"rendered":"<p>Kaius Gestranius | J\u00e4vla S\u00e5s Bolag Oy \u201dIdeoiden pallottelu on valtavan t\u00e4rke\u00e4\u00e4\u201d J\u00e4vla S\u00e5s -kastikkeiden is\u00e4 Kaius Gestranius on tavannut Yritt\u00e4jien kautta paljon t\u00e4rkeit\u00e4 kumppaneita. Nyt h\u00e4n tahtoo auttaa my\u00f6s muita eteenp\u00e4in. Yritt\u00e4jien uutiskirje kertoo, mit\u00e4 yritt\u00e4j\u00e4maailmassa tapahtuu, ja tapaamisissa p\u00e4\u00e4see vaihtamaan ajatuksia muiden kanssa.J\u00e4vla S\u00e5s Bolagin kastikkeet saivat lent\u00e4v\u00e4n l\u00e4hd\u00f6n Leijonan luola -tv-ohjelmasta. Kotikeitti\u00f6ss\u00e4 &hellip; <a href=\"https:\/\/me.yrittajat.fi\/yhdessa-eteenpain\/etusivu\/yrittajatarinoita\/kaius-gestranius\/\">Lue lis\u00e4\u00e4<\/a><\/p>\n","protected":false},"author":4,"featured_media":93,"parent":107,"menu_order":30,"comment_status":"closed","ping_status":"closed","template":"","meta":{"_acf_changed":false,"footnotes":""},"class_list":["post-143","page","type-page","status-publish","has-post-thumbnail","hentry"],"acf":[],"_links":{"self":[{"href":"https:\/\/me.yrittajat.fi\/yhdessa-eteenpain\/wp-json\/wp\/v2\/pages\/143","targetHints":{"allow":["GET"]}}],"collection":[{"href":"https:\/\/me.yrittajat.fi\/yhdessa-eteenpain\/wp-json\/wp\/v2\/pages"}],"about":[{"href":"https:\/\/me.yrittajat.fi\/yhdessa-eteenpain\/wp-json\/wp\/v2\/types\/page"}],"author":[{"embeddable":true,"href":"https:\/\/me.yrittajat.fi\/yhdessa-eteenpain\/wp-json\/wp\/v2\/users\/4"}],"replies":[{"embeddable":true,"href":"https:\/\/me.yrittajat.fi\/yhdessa-eteenpain\/wp-json\/wp\/v2\/comments?post=143"}],"version-history":[{"count":2,"href":"https:\/\/me.yrittajat.fi\/yhdessa-eteenpain\/wp-json\/wp\/v2\/pages\/143\/revisions"}],"predecessor-version":[{"id":145,"href":"https:\/\/me.yrittajat.fi\/yhdessa-eteenpain\/wp-json\/wp\/v2\/pages\/143\/revisions\/145"}],"up":[{"embeddable":true,"href":"https:\/\/me.yrittajat.fi\/yhdessa-eteenpain\/wp-json\/wp\/v2\/pages\/107"}],"wp:featuredmedia":[{"embeddable":true,"href":"https:\/\/me.yrittajat.fi\/yhdessa-eteenpain\/wp-json\/wp\/v2\/media\/93"}],"wp:attachment":[{"href":"https:\/\/me.yrittajat.fi\/yhdessa-eteenpain\/wp-json\/wp\/v2\/media?parent=143"}],"curies":[{"name":"wp","href":"https:\/\/api.w.org\/{rel}","templated":true}]}}