{"id":146,"date":"2021-10-07T09:28:49","date_gmt":"2021-10-07T06:28:49","guid":{"rendered":"https:\/\/me.yrittajat.fi\/yhdessa-eteenpain\/?page_id=146"},"modified":"2021-10-07T09:40:28","modified_gmt":"2021-10-07T06:40:28","slug":"mariia-harjunheimo","status":"publish","type":"page","link":"https:\/\/me.yrittajat.fi\/yhdessa-eteenpain\/etusivu\/yrittajatarinoita\/mariia-harjunheimo\/","title":{"rendered":"Mariia Harjunheimo"},"content":{"rendered":"\n<h2 class=\"wp-block-heading\">Mariia Harjunheimo | Kirppis Sakura<\/h2>\n\n\n\n<blockquote class=\"wp-block-quote is-style-large is-layout-flow wp-block-quote-is-layout-flow\"><p>\u201dTaidan olla v\u00e4h\u00e4n hullu, kun kesken koronakriisin uskalsin laajentaa.\u201d<\/p><\/blockquote>\n\n\n\n<p>Lapualla on lastenvaatteisiin erikoistunut Kirppis Sakura, jonne tullaan varta vasten jopa p\u00e4\u00e4kaupunkiseudulta saakka. Vaikka aika on vaikea, yritt\u00e4j\u00e4 Mariia Harjunheimo rakensi puotiinsa my\u00f6s kahvilan. Kollegoilta h\u00e4n sai rohkaisua ja Yritt\u00e4jist\u00e4 l\u00f6ytyy aina joku, joka osaa auttaa nopeasti \u2013 esimerkiksi postituksen kiemuroissa.<br>Kuusi vuotta sitten veljelt\u00e4\u00e4n Kirppis Sakuran ostanut Mariia Harjunheimo osui t\u00e4ydellisesti k\u00e4ytettyjen lastenvaatteiden myyntibuumiin.<\/p>\n\n\n\n<p>\u2013 Ensin meill\u00e4 oli yleiskirppari, mutta erikostumisen idea l\u00e4hti omista tarpeista, sill\u00e4 oma poikani on kohta nelivuotias. Lastenvaatteiden ja -tarvikkeiden kierr\u00e4tt\u00e4minen on j\u00e4rkev\u00e4\u00e4 ja trendik\u00e4st\u00e4. Etenkin suomalaisten valmistajien pienet tuote-er\u00e4t s\u00e4ilytt\u00e4v\u00e4t hyvin j\u00e4lleenmyyntiarvonsa, ja niiden ostajat ovat valmiita matkustamaan kaukaakin haluamiensa tuotteiden per\u00e4\u00e4n, Mariia Harjunheimo sanoo.<\/p>\n\n\n\n<p>Niinp\u00e4 esimerkiksi gugguut ja minirodinit p\u00e4\u00e4tyv\u00e4t Instagram-kuvista usein postin v\u00e4lityksell\u00e4 suoraan uusille k\u00e4ytt\u00e4jille. Toiset puolestaan kantavat kassikaupalla pieneksi j\u00e4\u00e4neit\u00e4 lastenvaatteita kirpparille. Palveluun kuuluu kiinte\u00e4hintainen myyntip\u00f6yt\u00e4, jota myyj\u00e4 voi hoitaa itse tai pyyt\u00e4\u00e4 henkil\u00f6kuntaa t\u00e4ydent\u00e4m\u00e4\u00e4n. My\u00f6s hinnoittelun voi ostaa yritykselt\u00e4. Provisiota ei myynnist\u00e4 perit\u00e4.<\/p>\n\n\n\n<h3 class=\"wp-block-heading\">V\u00e4h\u00e4n hullu t\u00e4ytyy olla<\/h3>\n\n\n\n<p>Korona iski my\u00f6s Sakuraan, ja ensimm\u00e4isess\u00e4 aallossa liike jouduttiin sulkemaan kahdeksi kuukaudeksi. Syksyyn menness\u00e4 liikevaihdon notkahdus oli kuitenkin jo kurottu kiinni, ja Mariia Harjunheimolla oli t\u00e4ydess\u00e4 vauhdissa uusi suunnitelma: liikkeen yhteyteen avattiin kahvila ja yritykseen palkattiin kondiittori. Kirpparilla oli jo ennest\u00e4\u00e4n imetysnurkkaus ja leikkinurkkaus \u2013 ja nyt siis my\u00f6s kahvila.<\/p>\n\n\n\n<p>\u2013 Taidan olla v\u00e4h\u00e4n hullu, kun kesken koronakriisin uskalsin laajentaa. Mutta ei pid\u00e4 j\u00e4\u00e4d\u00e4 tuleen makaamaan, Mariia Harjunheimo sanoo.<\/p>\n\n\n\n<p>Rohkeutta riitti loppujen lopuksi my\u00f6s liiketoiminnan laajentamiseen toiselle paikkakunnalle. Harjunheimo osti yhti\u00f6kumppaninsa kanssa liikekiinteist\u00f6n Sein\u00e4joelta. Uuden liiketilan avajaisia vietettiin 1. hein\u00e4kuuta.<\/p>\n\n\n\n<p>\u2013 Kotimaan matkailu on nyt suosiossa ja sen huomaa meill\u00e4kin. Kierr\u00e4tys ja ekologisuus ovat nykyp\u00e4iv\u00e4\u00e4. Uskon, ett\u00e4 vaikka korona ei maapallolta noin vaan poistukaan niin sen kanssa opitaan el\u00e4m\u00e4\u00e4n.<\/p>\n\n\n\n<p>Suuri tuki on tullut toisilta Lapun Yritt\u00e4jien j\u00e4senilt\u00e4.<\/p>\n\n\n\n<p>\u2013 Mielest\u00e4ni jokaisen kannattaa liitty\u00e4 Yritt\u00e4jiin. Sit\u00e4 ei osaa etuk\u00e4teen aavistaakaan, miten paljon verkostoitumisesta on hy\u00f6ty\u00e4. Olipa kyse siivouksesta tai markkinoinnista, minulla on kontakteja kaikenlaisiin yhteisty\u00f6kumppaneihin.<\/p>\n\n\n\n<p>Mariia Harjunheimo on k\u00e4ytt\u00e4nyt my\u00f6s Yritt\u00e4jien maksuttomia j\u00e4senpalveluita.<\/p>\n\n\n\n<p>\u2013 Sain aivan loistavia neuvoja esimerkiksi postituksen kiemuroista. Yritt\u00e4jilt\u00e4 saa vastauksen heti, kun jo puhelinvaihteesta ohjataan suoraan oikealle henkil\u00f6lle. Se s\u00e4\u00e4st\u00e4\u00e4 paljon aikaa.<\/p>\n","protected":false},"excerpt":{"rendered":"<p>Mariia Harjunheimo | Kirppis Sakura \u201dTaidan olla v\u00e4h\u00e4n hullu, kun kesken koronakriisin uskalsin laajentaa.\u201d Lapualla on lastenvaatteisiin erikoistunut Kirppis Sakura, jonne tullaan varta vasten jopa p\u00e4\u00e4kaupunkiseudulta saakka. Vaikka aika on vaikea, yritt\u00e4j\u00e4 Mariia Harjunheimo rakensi puotiinsa my\u00f6s kahvilan. Kollegoilta h\u00e4n sai rohkaisua ja Yritt\u00e4jist\u00e4 l\u00f6ytyy aina joku, joka osaa auttaa nopeasti \u2013 esimerkiksi postituksen kiemuroissa.Kuusi &hellip; <a href=\"https:\/\/me.yrittajat.fi\/yhdessa-eteenpain\/etusivu\/yrittajatarinoita\/mariia-harjunheimo\/\">Lue lis\u00e4\u00e4<\/a><\/p>\n","protected":false},"author":4,"featured_media":93,"parent":107,"menu_order":35,"comment_status":"closed","ping_status":"closed","template":"","meta":{"_acf_changed":false,"footnotes":""},"class_list":["post-146","page","type-page","status-publish","has-post-thumbnail","hentry"],"acf":[],"_links":{"self":[{"href":"https:\/\/me.yrittajat.fi\/yhdessa-eteenpain\/wp-json\/wp\/v2\/pages\/146","targetHints":{"allow":["GET"]}}],"collection":[{"href":"https:\/\/me.yrittajat.fi\/yhdessa-eteenpain\/wp-json\/wp\/v2\/pages"}],"about":[{"href":"https:\/\/me.yrittajat.fi\/yhdessa-eteenpain\/wp-json\/wp\/v2\/types\/page"}],"author":[{"embeddable":true,"href":"https:\/\/me.yrittajat.fi\/yhdessa-eteenpain\/wp-json\/wp\/v2\/users\/4"}],"replies":[{"embeddable":true,"href":"https:\/\/me.yrittajat.fi\/yhdessa-eteenpain\/wp-json\/wp\/v2\/comments?post=146"}],"version-history":[{"count":2,"href":"https:\/\/me.yrittajat.fi\/yhdessa-eteenpain\/wp-json\/wp\/v2\/pages\/146\/revisions"}],"predecessor-version":[{"id":160,"href":"https:\/\/me.yrittajat.fi\/yhdessa-eteenpain\/wp-json\/wp\/v2\/pages\/146\/revisions\/160"}],"up":[{"embeddable":true,"href":"https:\/\/me.yrittajat.fi\/yhdessa-eteenpain\/wp-json\/wp\/v2\/pages\/107"}],"wp:featuredmedia":[{"embeddable":true,"href":"https:\/\/me.yrittajat.fi\/yhdessa-eteenpain\/wp-json\/wp\/v2\/media\/93"}],"wp:attachment":[{"href":"https:\/\/me.yrittajat.fi\/yhdessa-eteenpain\/wp-json\/wp\/v2\/media?parent=146"}],"curies":[{"name":"wp","href":"https:\/\/api.w.org\/{rel}","templated":true}]}}