{"id":148,"date":"2021-10-07T09:32:30","date_gmt":"2021-10-07T06:32:30","guid":{"rendered":"https:\/\/me.yrittajat.fi\/yhdessa-eteenpain\/?page_id=148"},"modified":"2021-10-07T09:39:56","modified_gmt":"2021-10-07T06:39:56","slug":"saimi-hoyer","status":"publish","type":"page","link":"https:\/\/me.yrittajat.fi\/yhdessa-eteenpain\/etusivu\/yrittajatarinoita\/saimi-hoyer\/","title":{"rendered":"Saimi Hoyer"},"content":{"rendered":"\n<h2 class=\"wp-block-heading\">Saimi Hoyer | Hotelli Punkaharju<\/h2>\n\n\n\n<blockquote class=\"wp-block-quote is-style-large is-layout-flow wp-block-quote-is-layout-flow\"><p>&#8220;Vuodet ovat olleet myrskyisi\u00e4.&#8221;<\/p><\/blockquote>\n\n\n\n<p>Hotelliyritt\u00e4j\u00e4 Saimi Hoyerin yritt\u00e4j\u00e4vuosiin on mahtunut konkurssiuhkaa, vakava sairastuminen ja avioero. Kaikesta on kuitenkin selvitty ja apua h\u00e4n ammentaa esimerkiksi Yritt\u00e4jien verkostoista ja vertaistuesta.<br>Reilu nelj\u00e4 vuotta sitten Hotelli Punkaharjun yritt\u00e4j\u00e4 Saimi Hoyer otti todella rohkean askeleen. H\u00e4n osti ex-miehens\u00e4 Thomas Hoyerin kanssa vanhan ja rapakuntoisen valtionhotellin ja l\u00e4hti hotelliyritt\u00e4j\u00e4ksi. Investointikuluja on riitt\u00e4nyt niin rakennuksen kunnostamiseen kuin uuden liiketoiminnan perustamiseen. Vuosiin on mahtunut konkurssiuhkaa, omistajanvaihdoksia, oma avioero ja muita takapakkeja. Hoyer ei kuitenkaan ole harkinnut ly\u00f6v\u00e4ns\u00e4 hanskoja tiskiin<\/p>\n\n\n\n<p>\u2013 Vuodet ovat olleet myrskyisi\u00e4, mutta hyvi\u00e4 vuosia. Ihmettelen kyll\u00e4 omaakin kest\u00e4vyytt\u00e4ni v\u00e4lill\u00e4, h\u00e4n sanoo.<\/p>\n\n\n\n<p>Saimi Hoyerilla on kuitenkin supervoima, jota h\u00e4n haluaa jakaa muillekin yritt\u00e4jille. H\u00e4n nimitt\u00e4in osaa pyyt\u00e4\u00e4 apua ja neuvoja, kun ei itse osaa.<\/p>\n\n\n\n<p>\u2013 Ihmisten tulisi olla avoimempia, eik\u00e4 h\u00e4vet\u00e4. Ep\u00e4onnistumisen pelko pid\u00e4ttelee liikaa. Kannattaa hankkia sellainen kumppani, joka osaa niit\u00e4 asioita, joita itse ei osaa. Minulla on bisnes- ja numeronerona Hannu, joka on lahja. Kaikkea ei voi osata itse, Hoyer sanoo.<\/p>\n\n\n\n<p>Saimi Hoyerin mainitsema Hannu on Hannu Komu, bisneskumppani, joka selitt\u00e4\u00e4 h\u00e4nelle, mit\u00e4 Hotelli Punkaharjun numeroiden takana on. Lis\u00e4ksi Hoyerin vierell\u00e4 toimii Mari Kettunen, joka osti aikanaan Thomas Hoyerin osuuden.<\/p>\n\n\n\n<p>My\u00f6s Yritt\u00e4jien j\u00e4senyys on ollut Hoyerille arvokas tuki. Yritt\u00e4j\u00e4verkostot ja vertaistuki ovat h\u00e4nen mukaansa yritt\u00e4j\u00e4lle merkitt\u00e4v\u00e4 apu.<\/p>\n\n\n\n<p>\u2013 Verkostoituminen on t\u00e4rke\u00e4\u00e4. Se on kaikki, mink\u00e4 p\u00e4\u00e4ll\u00e4 seison. Luen paljon yritt\u00e4j\u00e4tarinoita ja kannustan muitakin tekem\u00e4\u00e4n samoin. Oppikaa toisiltanne! T\u00e4t\u00e4 Yritt\u00e4j\u00e4t tarkoittaa minulle, Saimi Hoyer sanoo.<\/p>\n\n\n\n<h3 class=\"wp-block-heading\">Takana vaiherikas el\u00e4m\u00e4<\/h3>\n\n\n\n<p>Hotelli Punkaharjulla Saimin Hoyerin rooli on operatiivisen toiminnan ohella visioida ja luoda uutta. H\u00e4n luetteleekin vahvuuksikseen pelottoman uuden luomisen, br\u00e4ndituntemuksen ja markkinoinnin. N\u00e4it\u00e4 Hoyer ammentaa monipuolisesta taustastaan.<\/p>\n\n\n\n<p>\u2013 Olen el\u00e4nyt rikkaan el\u00e4m\u00e4n. Mallina maailmalla hotelli- ja ravintolatoiminta tuli hyvin tutuksi, samoin muoti ja taide. Vanhempani ovat n\u00e4yttelij\u00f6it\u00e4, eli olen istunut teattereissa ja sirkuksessa. Olen kalastanut ja sienest\u00e4nyt. Olen kirjoittanut lehtiin ja toiminut s\u00e4\u00e4tytt\u00f6n\u00e4 sek\u00e4 tehnyt lukuisia tv-ohjelmia, mik\u00e4 antaa mediatuntemusta. Se kaikki ruokkii nykyist\u00e4 ty\u00f6t\u00e4ni, ja t\u00e4n\u00e4 vuonna tuo ty\u00f6 maksaa itse\u00e4\u00e4n takaisin, Hoyer toteaa.<\/p>\n\n\n\n<p>Hoyerinkaan hotellibisnes ei selvinnyt ensimm\u00e4isest\u00e4 koronakev\u00e4\u00e4st\u00e4 aivan kuivin jaloin, mutta alkuj\u00e4rkytyksen j\u00e4lkeen vuosi ollut kiireinen. Asiakkaita on tullut ovista ja ikkunoista. Sama toistuu kes\u00e4ll\u00e4 2021.<\/p>\n\n\n\n<p>\u2013 Meid\u00e4n asiakkaamme ovat nyt l\u00f6yt\u00e4neet meid\u00e4t. Nekin, jotka k\u00e4yv\u00e4t yleens\u00e4 Ranskassa Nizzassa ja Italian Umbriassa, tulivat t\u00e4nne, Hoyer iloitsee.<\/p>\n\n\n\n<p>Hotelli Punkaharjun ovat l\u00f6yt\u00e4neet erityisesti 30\u201345 -vuotiaat pariskunnat ja naisporukat.<\/p>\n\n\n\n<p>Ulkomaalaisia matkailijoita odotellessa Hotelli Punkaharju tekee yhteisty\u00f6ss\u00e4 SaimaaLifen Mari Pennasen kanssa joulun videostriimauksen Japaniin. Se on sek\u00e4 kivaa kehittely\u00e4 ett\u00e4 suhteiden yll\u00e4pitoa parempia aikoja odotellessa.<\/p>\n\n\n\n<p>Sill\u00e4 v\u00e4lin tapahtumat keskittyv\u00e4t suomalaisturisteihin. Tapahtumia on sovittu pitk\u00e4lle syksyyn.<\/p>\n\n\n\n<p>\u2013 Onni on, ett\u00e4 vaikka ihmiset joutuvat pys\u00e4htym\u00e4\u00e4n, luonto ja maailma ei pys\u00e4hdy. Suomalaiset ovat nyt suurin asiakasryhm\u00e4mme. On ihanaa huomata, ett\u00e4 he palaavat takaisin useampaan kertaan ja kirjoittavat omaa tarinaansa kiinni meid\u00e4n hotellimme tarinaan erilaisten el\u00e4mysten kautta, Saimi Hoyer kiittelee.<\/p>\n","protected":false},"excerpt":{"rendered":"<p>Saimi Hoyer | Hotelli Punkaharju &#8220;Vuodet ovat olleet myrskyisi\u00e4.&#8221; Hotelliyritt\u00e4j\u00e4 Saimi Hoyerin yritt\u00e4j\u00e4vuosiin on mahtunut konkurssiuhkaa, vakava sairastuminen ja avioero. Kaikesta on kuitenkin selvitty ja apua h\u00e4n ammentaa esimerkiksi Yritt\u00e4jien verkostoista ja vertaistuesta.Reilu nelj\u00e4 vuotta sitten Hotelli Punkaharjun yritt\u00e4j\u00e4 Saimi Hoyer otti todella rohkean askeleen. H\u00e4n osti ex-miehens\u00e4 Thomas Hoyerin kanssa vanhan ja rapakuntoisen valtionhotellin &hellip; <a href=\"https:\/\/me.yrittajat.fi\/yhdessa-eteenpain\/etusivu\/yrittajatarinoita\/saimi-hoyer\/\">Lue lis\u00e4\u00e4<\/a><\/p>\n","protected":false},"author":4,"featured_media":93,"parent":107,"menu_order":40,"comment_status":"closed","ping_status":"closed","template":"","meta":{"_acf_changed":false,"footnotes":""},"class_list":["post-148","page","type-page","status-publish","has-post-thumbnail","hentry"],"acf":[],"_links":{"self":[{"href":"https:\/\/me.yrittajat.fi\/yhdessa-eteenpain\/wp-json\/wp\/v2\/pages\/148","targetHints":{"allow":["GET"]}}],"collection":[{"href":"https:\/\/me.yrittajat.fi\/yhdessa-eteenpain\/wp-json\/wp\/v2\/pages"}],"about":[{"href":"https:\/\/me.yrittajat.fi\/yhdessa-eteenpain\/wp-json\/wp\/v2\/types\/page"}],"author":[{"embeddable":true,"href":"https:\/\/me.yrittajat.fi\/yhdessa-eteenpain\/wp-json\/wp\/v2\/users\/4"}],"replies":[{"embeddable":true,"href":"https:\/\/me.yrittajat.fi\/yhdessa-eteenpain\/wp-json\/wp\/v2\/comments?post=148"}],"version-history":[{"count":3,"href":"https:\/\/me.yrittajat.fi\/yhdessa-eteenpain\/wp-json\/wp\/v2\/pages\/148\/revisions"}],"predecessor-version":[{"id":159,"href":"https:\/\/me.yrittajat.fi\/yhdessa-eteenpain\/wp-json\/wp\/v2\/pages\/148\/revisions\/159"}],"up":[{"embeddable":true,"href":"https:\/\/me.yrittajat.fi\/yhdessa-eteenpain\/wp-json\/wp\/v2\/pages\/107"}],"wp:featuredmedia":[{"embeddable":true,"href":"https:\/\/me.yrittajat.fi\/yhdessa-eteenpain\/wp-json\/wp\/v2\/media\/93"}],"wp:attachment":[{"href":"https:\/\/me.yrittajat.fi\/yhdessa-eteenpain\/wp-json\/wp\/v2\/media?parent=148"}],"curies":[{"name":"wp","href":"https:\/\/api.w.org\/{rel}","templated":true}]}}