{"id":151,"date":"2021-10-07T09:36:01","date_gmt":"2021-10-07T06:36:01","guid":{"rendered":"https:\/\/me.yrittajat.fi\/yhdessa-eteenpain\/?page_id=151"},"modified":"2021-10-07T09:39:37","modified_gmt":"2021-10-07T06:39:37","slug":"miia-karhu","status":"publish","type":"page","link":"https:\/\/me.yrittajat.fi\/yhdessa-eteenpain\/etusivu\/yrittajatarinoita\/miia-karhu\/","title":{"rendered":"Miia Karhu"},"content":{"rendered":"\n<h2 class=\"wp-block-heading\">Miia Karhu | Studio 123<\/h2>\n\n\n\n<blockquote class=\"wp-block-quote is-style-large is-layout-flow wp-block-quote-is-layout-flow\"><p>\u201dOn t\u00e4rke\u00e4\u00e4 antaa yritykselle kasvot.\u201d<\/p><\/blockquote>\n\n\n\n<p>J\u00e4rvenp\u00e4\u00e4ss\u00e4 elokuvateatteri Studio 123:a py\u00f6ritt\u00e4v\u00e4 Miia Karhu kuulostelee asiakkaiden toiveita tuntosarvet herkill\u00e4. Paikkakunnan ainoa elokuvateatteri on kuin olohuone, jossa kaikilla pit\u00e4\u00e4 olla kotoisa olo. Karhu suunnittelee teatterilleen koko ajan uutta toimintaa. H\u00e4nelle on t\u00e4rke\u00e4\u00e4, ett\u00e4 Yritt\u00e4j\u00e4t pit\u00e4\u00e4 henke\u00e4 yll\u00e4 ja luo uskoa tulevaisuuteen.<\/p>\n\n\n\n<p>Elokuvateatteri on seissyt J\u00e4rvenp\u00e4\u00e4n Helsingintiell\u00e4 jo kohta 40 vuotta. Miia Karhun is\u00e4 Rauno Kivirinne otti sen hoitaakseen 1987 ja perusti perheyrityksen, jota tyt\u00e4r nyt johtaa. Perheen \u00e4iti Sinikka Kivirinne hoitaa edelleen yrityksen taloushallinnon, ja Miian veli Toni Kivirinne vastaa teknisest\u00e4 puolesta, muun muassa nettisivujen yll\u00e4pidosta.<\/p>\n\n\n\n<h3 class=\"wp-block-heading\">Mutta paikan em\u00e4nt\u00e4 on Miia Karhu.<\/h3>\n\n\n\n<p>\u2013 On ihanaa olla elokuva-alan yritt\u00e4j\u00e4. T\u00e4m\u00e4 ei ole koskaan tyls\u00e4\u00e4: v\u00e4lill\u00e4 juoksen porakone k\u00e4dess\u00e4, v\u00e4lill\u00e4 tuuraan kassalla. On t\u00e4rke\u00e4\u00e4 antaa yritykselle kasvot. T\u00e4m\u00e4 on enemm\u00e4n el\u00e4m\u00e4ntapa kuin pelkk\u00e4 ty\u00f6, Miia Karhu sanoo.<\/p>\n\n\n\n<h3 class=\"wp-block-heading\">Asiakas tulee rentoutumaan<\/h3>\n\n\n\n<p>Kolmen salin elokuvateatteriin tullaan l\u00e4hikunnista laajalti. Paikan valtteja ovat kotoisuus ja asiakasapalvelu.<\/p>\n\n\n\n<p>T\u00e4rkeint\u00e4 on kuunnella asiakasta, ja yrityksess\u00e4 koulutetaankin kaikki nuoret ty\u00f6ntekij\u00e4t loistaviksi asiakaspalvelijoiksi.<\/p>\n\n\n\n<p>\u2013 Oma elokuvateatteri on paikallisille valtavan merkitt\u00e4v\u00e4 paikka. Meille on t\u00e4rke\u00e4\u00e4 olla sen arvoisia: asiakkaan on voitava nauttia el\u00e4myksest\u00e4\u00e4n ensi hetkist\u00e4 l\u00e4htien, sill\u00e4 h\u00e4n tulee t\u00e4nne rentoutumaan. Elokuva on tarina, joka liikuttaa jokaista. Olemme ylpeit\u00e4 saadessamme olla iso osa t\u00e4t\u00e4 kulttuuria, Miia Karhu sanoo.<\/p>\n\n\n\n<p>Elokuvateatteri on joutunut pit\u00e4m\u00e4\u00e4n ovensa kiinni yhteens\u00e4 kolmen ja puolen kuukauden ajan viranomaisten m\u00e4\u00e4r\u00e4yksest\u00e4.<\/p>\n\n\n\n<p>\u2013 Kun ovet sai avata hein\u00e4kuussa, teimme kaikki turvatoimet viimeisen p\u00e4\u00e4lle tarkasti. Asiakkaillemme oli suuri merkitys, kun j\u00e4lleen avasimme, Karhu sanoo.<\/p>\n\n\n\n<p>Loppusyksyn aikana tartuntatilanne j\u00e4lleen paheni ja teatteri jouduttiin sulkemaan uudelleen. Se oli historiallista, sill\u00e4 Studio 123 ei ole koskaan aiemmin ollut suljettuna ennen koronaa. Kes\u00e4kuun lopussa yleis\u00f6n\u00e4yt\u00f6ksen k\u00e4ynnistyiv\u00e4t j\u00e4lleen.<\/p>\n\n\n\n<p>Korona-aika on pakottanut my\u00f6s uudistumaan.<\/p>\n\n\n\n<p>\u2013 Studio 123:ssa on sulkuajalla j\u00e4rjestetty pienten porukoiden yksityisn\u00e4yt\u00f6ksi\u00e4. Kun elokuvateatteri oli kiinni, yritykselle hankittiin anniskeluluvat ja henkil\u00f6kunnalle anniskelupassit. Lis\u00e4ksi on tehty pient\u00e4 remonttia ja valaistuksiin uudistuksia, Karhu kertoo.<\/p>\n\n\n\n<p>Syksy n\u00e4ytt\u00e4\u00e4 lupaavan ruuhkaiselta, sill\u00e4 elokuvateattereihin on tulossa paljon kotimaisia ja ulkomaisia uutuuksia.<\/p>\n\n\n\n<p>\u2013 Elokuva-ala on kokenut historiansa pahimman kriisin, mutta uskon, ett\u00e4 ihmisten tarve el\u00e4mysten kokemiseen on entist\u00e4 kovempi, Karhu sanoo.<\/p>\n\n\n\n<p>\u2013 Olen selvitellyt my\u00f6s mahdollisuuksia live-esiintymisiin; paikalliset muusikot tai stand up -koomikot voisivat hyvin esiinty\u00e4 meill\u00e4, Miia Karhu pohtii.<\/p>\n\n\n\n<h3 class=\"wp-block-heading\">Tukea toisilta yritt\u00e4jilt\u00e4<\/h3>\n\n\n\n<p>Vaikeina aikoina toisilta yritt\u00e4jilt\u00e4 saatu tuki on ollut kullanarvoista. Miia Karhu on saanut paljon apua Yritt\u00e4jien koulutuksista. H\u00e4n lukee tarkasti my\u00f6s toisten yritt\u00e4jien tarinat.<\/p>\n\n\n\n<p>\u2013 Hatunnosto Yritt\u00e4jien aktiivisille toimille, sill\u00e4 he ovat pit\u00e4neet henke\u00e4 yll\u00e4 ja luoneet uskoa tulevaisuuteen. Parasta on kuulla toisten kokemuksia, sill\u00e4 kukaan ei ymm\u00e4rr\u00e4 niin hyvin kuin toinen yritt\u00e4j\u00e4!<\/p>\n","protected":false},"excerpt":{"rendered":"<p>Miia Karhu | Studio 123 \u201dOn t\u00e4rke\u00e4\u00e4 antaa yritykselle kasvot.\u201d J\u00e4rvenp\u00e4\u00e4ss\u00e4 elokuvateatteri Studio 123:a py\u00f6ritt\u00e4v\u00e4 Miia Karhu kuulostelee asiakkaiden toiveita tuntosarvet herkill\u00e4. Paikkakunnan ainoa elokuvateatteri on kuin olohuone, jossa kaikilla pit\u00e4\u00e4 olla kotoisa olo. Karhu suunnittelee teatterilleen koko ajan uutta toimintaa. H\u00e4nelle on t\u00e4rke\u00e4\u00e4, ett\u00e4 Yritt\u00e4j\u00e4t pit\u00e4\u00e4 henke\u00e4 yll\u00e4 ja luo uskoa tulevaisuuteen. Elokuvateatteri on &hellip; <a href=\"https:\/\/me.yrittajat.fi\/yhdessa-eteenpain\/etusivu\/yrittajatarinoita\/miia-karhu\/\">Lue lis\u00e4\u00e4<\/a><\/p>\n","protected":false},"author":4,"featured_media":93,"parent":107,"menu_order":45,"comment_status":"closed","ping_status":"closed","template":"","meta":{"_acf_changed":false,"footnotes":""},"class_list":["post-151","page","type-page","status-publish","has-post-thumbnail","hentry"],"acf":[],"_links":{"self":[{"href":"https:\/\/me.yrittajat.fi\/yhdessa-eteenpain\/wp-json\/wp\/v2\/pages\/151","targetHints":{"allow":["GET"]}}],"collection":[{"href":"https:\/\/me.yrittajat.fi\/yhdessa-eteenpain\/wp-json\/wp\/v2\/pages"}],"about":[{"href":"https:\/\/me.yrittajat.fi\/yhdessa-eteenpain\/wp-json\/wp\/v2\/types\/page"}],"author":[{"embeddable":true,"href":"https:\/\/me.yrittajat.fi\/yhdessa-eteenpain\/wp-json\/wp\/v2\/users\/4"}],"replies":[{"embeddable":true,"href":"https:\/\/me.yrittajat.fi\/yhdessa-eteenpain\/wp-json\/wp\/v2\/comments?post=151"}],"version-history":[{"count":3,"href":"https:\/\/me.yrittajat.fi\/yhdessa-eteenpain\/wp-json\/wp\/v2\/pages\/151\/revisions"}],"predecessor-version":[{"id":158,"href":"https:\/\/me.yrittajat.fi\/yhdessa-eteenpain\/wp-json\/wp\/v2\/pages\/151\/revisions\/158"}],"up":[{"embeddable":true,"href":"https:\/\/me.yrittajat.fi\/yhdessa-eteenpain\/wp-json\/wp\/v2\/pages\/107"}],"wp:featuredmedia":[{"embeddable":true,"href":"https:\/\/me.yrittajat.fi\/yhdessa-eteenpain\/wp-json\/wp\/v2\/media\/93"}],"wp:attachment":[{"href":"https:\/\/me.yrittajat.fi\/yhdessa-eteenpain\/wp-json\/wp\/v2\/media?parent=151"}],"curies":[{"name":"wp","href":"https:\/\/api.w.org\/{rel}","templated":true}]}}