{"id":155,"date":"2021-10-07T09:39:19","date_gmt":"2021-10-07T06:39:19","guid":{"rendered":"https:\/\/me.yrittajat.fi\/yhdessa-eteenpain\/?page_id=155"},"modified":"2021-10-07T09:39:19","modified_gmt":"2021-10-07T06:39:19","slug":"miikka-kotilainen","status":"publish","type":"page","link":"https:\/\/me.yrittajat.fi\/yhdessa-eteenpain\/etusivu\/yrittajatarinoita\/miikka-kotilainen\/","title":{"rendered":"Miikka Kotilainen"},"content":{"rendered":"\n<h2 class=\"wp-block-heading\">Miikka Kotilainen | Puuartisti<\/h2>\n\n\n\n<blockquote class=\"wp-block-quote is-style-large is-layout-flow wp-block-quote-is-layout-flow\"><p>\u201dVaikka itsetunto olisi ihan nollassa, siit\u00e4kin voi kasvaa vahvaksi.\u201d<\/p><\/blockquote>\n\n\n\n<p>Puuartisti Miikka Kotilainen viimeistelee Helsingin J\u00e4tk\u00e4saareen tulevia Supercellin saunoja. \u2013 Tavoitteeni on, ett\u00e4 puusep\u00e4nverstaani on maailman paras, Kotilainen sanoo. Vakavista lukivaikeuksista koulussa k\u00e4rsineen Kotilaisen yksi unelma toteutui 2020, kun Puuartisti valittiin Pohjois-Karjalan Vuoden nuoreksi yritt\u00e4j\u00e4ksi. Yritt\u00e4jien neuvot ovat tulleet tarpeeseen huiman kasvun keskell\u00e4.<br>Kun Miikka Kotilainen kipaisee hakemassa lounasruokaa joensuulaisesta Local Bistro -ravintolasta, h\u00e4n nojaa tutun tuntuiseen ravintolantiskiin. Bistron sisustus oli yksi ensimm\u00e4isist\u00e4 isoista kokonaisuuksista, jonka Kotilaisen yritys Puuartisti rakensi. S\u00e4\u00e4npieksem\u00e4st\u00e4 uittotuvan sein\u00e4hirrest\u00e4 h\u00f6yl\u00e4tty lankku oli juuri oikealla tavalla rosoista ja k\u00e4tki sis\u00e4\u00e4ns\u00e4 tarinan. Sellaisista puista Kotilainen rakentaa.<\/p>\n\n\n\n<p>\u2013 Tarinapuut saavat mielen vaeltamaan menneeseen, puun vaiheisiin ja kasvuhistoriaan. Annetaan puun kertoa, kuvaillaan Puuartistin verkkosivuilla yrityksen sielua.<\/p>\n\n\n\n<p>Puuartistin toinen osakas on Miikan veli Joona Kotilainen, joka py\u00f6ritt\u00e4\u00e4 markkinointitoimisto Tovaria. Veljekset ovat ly\u00f6neet osaamisensa yhteen ja onnistuneet: toinen osaa rakentaa uniikkeja piensarjoja ja mittatilausprojekteja, toinen puolestaan kertoa niist\u00e4.<\/p>\n\n\n\n<h3 class=\"wp-block-heading\">Lukivaikeuksien kautta yritt\u00e4j\u00e4ksi<\/h3>\n\n\n\n<p>Miikka Kotilaisella oli koulussa vaikeaa. Lukeminen ja kirjoittaminen eiv\u00e4t tahtoneet sujua suomeksi, saati muilla kielill\u00e4. Siin\u00e4 ryt\u00e4k\u00e4ss\u00e4 itsetunto katosi, ja Miikka arveli koulusta l\u00e4htiess\u00e4\u00e4n, ettei h\u00e4nest\u00e4 ole mihink\u00e4\u00e4n. Ammattikoulusta puuartesaanin paperit ja ty\u00f6el\u00e4m\u00e4st\u00e4 viiden vuoden ty\u00f6kokemus matkassaan Kotilainen l\u00f6ysi kuitenkin itsens\u00e4 yritt\u00e4jille suunnatusta ty\u00f6voimakoulutuksesta ja yrityshautomosta.<\/p>\n\n\n\n<p>\u2013 Perustimme veljen kanssa yrityksen, ja pian huomasin, ett\u00e4 monipuoliselle tekij\u00e4lle on kysynt\u00e4\u00e4. Siit\u00e4 on nyt kuusi vuotta, ja nyt meill\u00e4 on kuusi ty\u00f6ntekij\u00e4\u00e4. Olemme saaneet paljon n\u00e4kyvyytt\u00e4, ja t\u00e4ll\u00e4 hetkell\u00e4 tilauskirja on t\u00e4ynn\u00e4 vuodeksi eteenp\u00e4in, Miikka Kotilainen kertoo.<\/p>\n\n\n\n<p>Supercellin ainutlaatuinen juurakkosauna on kiinnostanut mediaa. Projektista on tekeill\u00e4 my\u00f6s dokumenttielokuva, josta tulee Puuartistin k\u00e4yntikortti. \u201dMaailmalle\u201d, Kotilainen sanoo.<\/p>\n\n\n\n<h3 class=\"wp-block-heading\">Vuoden Nuoret Yritt\u00e4j\u00e4t<\/h3>\n\n\n\n<p>\u2013 Liityin heti yrityksen perustettuamme Yritt\u00e4jiin, koska en tuntenut niist\u00e4 piireist\u00e4 ket\u00e4\u00e4n. Ensimm\u00e4isen Nuorten yritt\u00e4jien Get Together -tapahtuman j\u00e4lkihuumassa kirjoitin paperilapulle haaveen, ett\u00e4 muutaman vuoden p\u00e4\u00e4st\u00e4 me olemme Joonan kanssa Vuoden Nuoria Yritt\u00e4ji\u00e4 \u2013 ja nelj\u00e4 vuotta my\u00f6hemmin se toteutuikin, Miikka Kotilainen kertoo iloisena.<\/p>\n\n\n\n<p>H\u00e4nelle verkostoituminen on ollut t\u00e4rke\u00e4\u00e4, eik\u00e4 v\u00e4hiten yrityksen nopean kasvun tuomien haasteiden vuoksi.<\/p>\n\n\n\n<p>\u2013 Olen ottanut riskej\u00e4 ja tehnyt hulluna t\u00f6it\u00e4, ja kasvukipuja on ollut. Olen konsultoinut muita yritt\u00e4ji\u00e4 ja k\u00e4ytt\u00e4nyt Yritt\u00e4jien neuvontapalveluita esimerkiksi sopimusteknisiss\u00e4 asioissa. Sinne voi ottaa yhteytt\u00e4 matalalla kynnyksell\u00e4, Kotilainen sanoo.<\/p>\n\n\n\n<p>Vuoden 2020 puolella korona seisautti muutamaksi kuukaudeksi Puuartistin projektit. Suurimmissa projekteissa tuli viiv\u00e4styksi\u00e4 kansainv\u00e4lisen tavaraliikenteen heikkenemisen vuoksi.<\/p>\n\n\n\n<p>\u2013 K\u00e4ytimme ajan hy\u00f6dyksi tekem\u00e4ll\u00e4 tuotekehityst\u00e4 ja valmistamalla uniikkihuonekaluja myyntiin, Kotilainen kertoo.<\/p>\n\n\n\n<p>H\u00e4n itse kertoo yritt\u00e4j\u00e4tarinaansa muun muassa kouluissa, koska haluaa kannustaa nuoria.<\/p>\n\n\n\n<p>\u2013 Vaikka itsetunto olisi ihan nollassa, siit\u00e4kin voi kasvaa vahvaksi \u2013 olen siit\u00e4 el\u00e4v\u00e4 esimerkki, Miikka Kotilainen sanoo.<\/p>\n","protected":false},"excerpt":{"rendered":"<p>Miikka Kotilainen | Puuartisti \u201dVaikka itsetunto olisi ihan nollassa, siit\u00e4kin voi kasvaa vahvaksi.\u201d Puuartisti Miikka Kotilainen viimeistelee Helsingin J\u00e4tk\u00e4saareen tulevia Supercellin saunoja. \u2013 Tavoitteeni on, ett\u00e4 puusep\u00e4nverstaani on maailman paras, Kotilainen sanoo. Vakavista lukivaikeuksista koulussa k\u00e4rsineen Kotilaisen yksi unelma toteutui 2020, kun Puuartisti valittiin Pohjois-Karjalan Vuoden nuoreksi yritt\u00e4j\u00e4ksi. Yritt\u00e4jien neuvot ovat tulleet tarpeeseen huiman kasvun &hellip; <a href=\"https:\/\/me.yrittajat.fi\/yhdessa-eteenpain\/etusivu\/yrittajatarinoita\/miikka-kotilainen\/\">Lue lis\u00e4\u00e4<\/a><\/p>\n","protected":false},"author":4,"featured_media":93,"parent":107,"menu_order":50,"comment_status":"closed","ping_status":"closed","template":"","meta":{"_acf_changed":false,"footnotes":""},"class_list":["post-155","page","type-page","status-publish","has-post-thumbnail","hentry"],"acf":[],"_links":{"self":[{"href":"https:\/\/me.yrittajat.fi\/yhdessa-eteenpain\/wp-json\/wp\/v2\/pages\/155","targetHints":{"allow":["GET"]}}],"collection":[{"href":"https:\/\/me.yrittajat.fi\/yhdessa-eteenpain\/wp-json\/wp\/v2\/pages"}],"about":[{"href":"https:\/\/me.yrittajat.fi\/yhdessa-eteenpain\/wp-json\/wp\/v2\/types\/page"}],"author":[{"embeddable":true,"href":"https:\/\/me.yrittajat.fi\/yhdessa-eteenpain\/wp-json\/wp\/v2\/users\/4"}],"replies":[{"embeddable":true,"href":"https:\/\/me.yrittajat.fi\/yhdessa-eteenpain\/wp-json\/wp\/v2\/comments?post=155"}],"version-history":[{"count":2,"href":"https:\/\/me.yrittajat.fi\/yhdessa-eteenpain\/wp-json\/wp\/v2\/pages\/155\/revisions"}],"predecessor-version":[{"id":157,"href":"https:\/\/me.yrittajat.fi\/yhdessa-eteenpain\/wp-json\/wp\/v2\/pages\/155\/revisions\/157"}],"up":[{"embeddable":true,"href":"https:\/\/me.yrittajat.fi\/yhdessa-eteenpain\/wp-json\/wp\/v2\/pages\/107"}],"wp:featuredmedia":[{"embeddable":true,"href":"https:\/\/me.yrittajat.fi\/yhdessa-eteenpain\/wp-json\/wp\/v2\/media\/93"}],"wp:attachment":[{"href":"https:\/\/me.yrittajat.fi\/yhdessa-eteenpain\/wp-json\/wp\/v2\/media?parent=155"}],"curies":[{"name":"wp","href":"https:\/\/api.w.org\/{rel}","templated":true}]}}