{"id":161,"date":"2021-10-07T09:43:22","date_gmt":"2021-10-07T06:43:22","guid":{"rendered":"https:\/\/me.yrittajat.fi\/yhdessa-eteenpain\/?page_id=161"},"modified":"2021-10-07T09:43:22","modified_gmt":"2021-10-07T06:43:22","slug":"outi-kyostila","status":"publish","type":"page","link":"https:\/\/me.yrittajat.fi\/yhdessa-eteenpain\/etusivu\/yrittajatarinoita\/outi-kyostila\/","title":{"rendered":"Outi Ky\u00f6stil\u00e4"},"content":{"rendered":"\n<h2 class=\"wp-block-heading\">Outi Ky\u00f6stil\u00e4 | Ky\u00f6stil\u00e4n tila<\/h2>\n\n\n\n<blockquote class=\"wp-block-quote is-style-large is-layout-flow wp-block-quote-is-layout-flow\"><p>\u201dHaluan edist\u00e4\u00e4 oman kunnan elinvoimaa kaikin keinoin.\u201d<\/p><\/blockquote>\n\n\n\n<p>Outi Ky\u00f6stil\u00e4n tilalla ei halpuuteta, koska ruuan laatu on arvossaan. Moderni maatalousyritt\u00e4j\u00e4 on opiskellut ahkerasti somemarkkinointia ja ymm\u00e4rt\u00e4\u00e4 br\u00e4nd\u00e4yksen arvon. Yritt\u00e4jien ilmaiset koulutukset ovat olleet ahkerassa k\u00e4yt\u00f6ss\u00e4, ja Yritt\u00e4jien kautta voi edist\u00e4\u00e4 Ky\u00f6stil\u00e4n lempiaihetta: oman kunnan tulevaisuutta.<br>Ky\u00f6stil\u00e4n tilan verkkokaupassa on tarjolla Hoikka Ky\u00f6sti -nakkeja, ja Orimattilan parhaassa hampurilaispaikassa Ky\u00f6stil\u00e4n burgeria. L\u00e4hiseudulta ja kauempaakin tullaan Villikkalan kyl\u00e4ll\u00e4 sijaitsevaan Farmipuotiin hakemaan lihaa, jonka alkuper\u00e4n n\u00e4kee katselemalla ymp\u00e4rilleen.<\/p>\n\n\n\n<p>Outi ja Tomi Ky\u00f6stil\u00e4 ovat sukupolvien ketjussa jo 12. is\u00e4nt\u00e4pari. Heid\u00e4n aikanaan maito- ja naudanlihatila on siirtynyt luomuun ja automaattilypsyyn 60 lypsylehm\u00e4n navetassa.<\/p>\n\n\n\n<p>\u2013 El\u00e4mme nykyajassa perinteit\u00e4 unohtamatta, Outi Ky\u00f6stil\u00e4 sanoo.<\/p>\n\n\n\n<p>Heill\u00e4 ei ole halua tai tarvetta kasvattaa tilakokoa, vaan aikomus on pit\u00e4\u00e4 yritys perheviljelm\u00e4n kokoisena. Tomi ja Outi ryhtyiv\u00e4t p\u00e4\u00e4toimiseksi maatalousyritt\u00e4jiksi sukupolven vaihdoksen yhteydess\u00e4 vuonna 2006. Tilap\u00e4isapuna h\u00e4\u00e4r\u00e4\u00e4v\u00e4t my\u00f6s juuri aikuistuneet lapset ja appiukko.<\/p>\n\n\n\n<h3 class=\"wp-block-heading\">Tuotekehityst\u00e4 ja stailausta<\/h3>\n\n\n\n<p>Outi Ky\u00f6stil\u00e4ll\u00e4 on vahva n\u00e4kemys siit\u00e4, miten maatalousyritt\u00e4j\u00e4 voi nykyaikana p\u00e4rj\u00e4t\u00e4. Sosiaalisen median ja markkinoinnin lainalaisuudet on syyt\u00e4 hallita. Siksi h\u00e4n suoritti tuotekehitt\u00e4misen ammattitutkinnon.<\/p>\n\n\n\n<p>\u2013 Joku saattoi ihmetell\u00e4, mit\u00e4 yhteist\u00e4 minulla on samalle kurssille osallistuvan kampaamo- tai golfkentt\u00e4yritt\u00e4j\u00e4n kanssa. Mutta yhteist\u00e4 on paljonkin: verkkokaupan hallintaa ja tuotekehityst\u00e4 tarvitaan my\u00f6s meill\u00e4, Outi Ky\u00f6stil\u00e4 sanoo.<\/p>\n\n\n\n<p>H\u00e4n on opiskellut my\u00f6s stailausta ja valokuvausta, ja tilan kuulumiset n\u00e4kyv\u00e4tkin tiuhaan tahtiin Facebookin ja Instagramin p\u00e4ivityksiss\u00e4.<\/p>\n\n\n\n<h3 class=\"wp-block-heading\">Yhteys p\u00e4\u00e4tt\u00e4jiin on t\u00e4rke\u00e4<\/h3>\n\n\n\n<p>Ky\u00f6stil\u00e4t liittyiv\u00e4t Yritt\u00e4jien j\u00e4seneksi pari vuotta sitten, ja jo vuoden kuluttua Outi l\u00f6ysi itsens\u00e4 Orimattilan yritt\u00e4jien hallituksesta. Nyt h\u00e4n vet\u00e4\u00e4 tiedotustiimi\u00e4, joka on olennainen ty\u00f6kalu yritt\u00e4j\u00e4j\u00e4rjest\u00f6n toiminnassa.<\/p>\n\n\n\n<p>\u2013 Minulle on t\u00e4rke\u00e4\u00e4 pit\u00e4\u00e4 yhteytt\u00e4 paikallisiin p\u00e4\u00e4tt\u00e4jiin. Minua on pyydetty my\u00f6s kunnallispolitiikkaan, mutta edustan mieluiten juuri yritt\u00e4ji\u00e4 yhteisten asioiden hoidossa. Oman kunnan elinvoima on minun lempiaiheeni: sit\u00e4 haluan olla edist\u00e4m\u00e4ss\u00e4 kaikin voimin, Outi Ky\u00f6stil\u00e4 sanoo.<\/p>\n\n\n\n<p>H\u00e4n arvostaa Yritt\u00e4jien toimintaa sek\u00e4 valtakunnallisesti ett\u00e4 paikallistasolla. Ilmaiset koulutukset, webinaarit ja neuvontapalvelut ovat Ky\u00f6stil\u00e4n mielest\u00e4 reippaasti j\u00e4senmaksun arvoisia etuja, joita h\u00e4n on itsekin k\u00e4ytt\u00e4nyt tiuhaan.<\/p>\n\n\n\n<p>\u2013 Nostan hattua my\u00f6s sille aktiivisuudelle, jota Yritt\u00e4j\u00e4t osoitti heti koronakev\u00e4\u00e4n alettua. Yhteiset ulostulot yritt\u00e4jien \u00e4\u00e4nell\u00e4 olivat t\u00e4rkeit\u00e4. T\u00f6it\u00e4 tehtiin oikealla yritt\u00e4j\u00e4asenteella: kun tilanne iski p\u00e4\u00e4lle, k\u00e4\u00e4rittiin hihat ja ryhdyttiin hommiin, Outi Ky\u00f6stil\u00e4 sanoo.<\/p>\n","protected":false},"excerpt":{"rendered":"<p>Outi Ky\u00f6stil\u00e4 | Ky\u00f6stil\u00e4n tila \u201dHaluan edist\u00e4\u00e4 oman kunnan elinvoimaa kaikin keinoin.\u201d Outi Ky\u00f6stil\u00e4n tilalla ei halpuuteta, koska ruuan laatu on arvossaan. Moderni maatalousyritt\u00e4j\u00e4 on opiskellut ahkerasti somemarkkinointia ja ymm\u00e4rt\u00e4\u00e4 br\u00e4nd\u00e4yksen arvon. Yritt\u00e4jien ilmaiset koulutukset ovat olleet ahkerassa k\u00e4yt\u00f6ss\u00e4, ja Yritt\u00e4jien kautta voi edist\u00e4\u00e4 Ky\u00f6stil\u00e4n lempiaihetta: oman kunnan tulevaisuutta.Ky\u00f6stil\u00e4n tilan verkkokaupassa on tarjolla Hoikka Ky\u00f6sti &hellip; <a href=\"https:\/\/me.yrittajat.fi\/yhdessa-eteenpain\/etusivu\/yrittajatarinoita\/outi-kyostila\/\">Lue lis\u00e4\u00e4<\/a><\/p>\n","protected":false},"author":4,"featured_media":93,"parent":107,"menu_order":55,"comment_status":"closed","ping_status":"closed","template":"","meta":{"_acf_changed":false,"footnotes":""},"class_list":["post-161","page","type-page","status-publish","has-post-thumbnail","hentry"],"acf":[],"_links":{"self":[{"href":"https:\/\/me.yrittajat.fi\/yhdessa-eteenpain\/wp-json\/wp\/v2\/pages\/161","targetHints":{"allow":["GET"]}}],"collection":[{"href":"https:\/\/me.yrittajat.fi\/yhdessa-eteenpain\/wp-json\/wp\/v2\/pages"}],"about":[{"href":"https:\/\/me.yrittajat.fi\/yhdessa-eteenpain\/wp-json\/wp\/v2\/types\/page"}],"author":[{"embeddable":true,"href":"https:\/\/me.yrittajat.fi\/yhdessa-eteenpain\/wp-json\/wp\/v2\/users\/4"}],"replies":[{"embeddable":true,"href":"https:\/\/me.yrittajat.fi\/yhdessa-eteenpain\/wp-json\/wp\/v2\/comments?post=161"}],"version-history":[{"count":2,"href":"https:\/\/me.yrittajat.fi\/yhdessa-eteenpain\/wp-json\/wp\/v2\/pages\/161\/revisions"}],"predecessor-version":[{"id":163,"href":"https:\/\/me.yrittajat.fi\/yhdessa-eteenpain\/wp-json\/wp\/v2\/pages\/161\/revisions\/163"}],"up":[{"embeddable":true,"href":"https:\/\/me.yrittajat.fi\/yhdessa-eteenpain\/wp-json\/wp\/v2\/pages\/107"}],"wp:featuredmedia":[{"embeddable":true,"href":"https:\/\/me.yrittajat.fi\/yhdessa-eteenpain\/wp-json\/wp\/v2\/media\/93"}],"wp:attachment":[{"href":"https:\/\/me.yrittajat.fi\/yhdessa-eteenpain\/wp-json\/wp\/v2\/media?parent=161"}],"curies":[{"name":"wp","href":"https:\/\/api.w.org\/{rel}","templated":true}]}}