{"id":167,"date":"2021-10-07T09:52:37","date_gmt":"2021-10-07T06:52:37","guid":{"rendered":"https:\/\/me.yrittajat.fi\/yhdessa-eteenpain\/?page_id=167"},"modified":"2021-10-07T09:52:37","modified_gmt":"2021-10-07T06:52:37","slug":"juuso-luodesmeri","status":"publish","type":"page","link":"https:\/\/me.yrittajat.fi\/yhdessa-eteenpain\/etusivu\/yrittajatarinoita\/juuso-luodesmeri\/","title":{"rendered":"Juuso Luodesmeri"},"content":{"rendered":"\n<h2 class=\"wp-block-heading\">Juuso Luodesmeri | Eurajoen Romu<\/h2>\n\n\n\n<blockquote class=\"wp-block-quote is-style-large is-layout-flow wp-block-quote-is-layout-flow\"><p>\u201dYritt\u00e4jiss\u00e4 on jokin yhteinen nimitt\u00e4j\u00e4\u201d<\/p><\/blockquote>\n\n\n\n<p>Eurajoen Romun toimitusjohtaja Juuso Luodesmeri haaveili yritt\u00e4jyydest\u00e4 jo ala-asteella. 19-vuotiaana h\u00e4n perusti yrityksen, joka lajittelee ja kierr\u00e4tt\u00e4\u00e4 metallia ja k\u00e4y jalometalleilla kauppaa ymp\u00e4ri maailman. Ulkomaankauppaa on takana nyt 25 vuotta. Sin\u00e4 aikana h\u00e4n on saanut Yritt\u00e4jien ilmaisesta neuvonnasta vastauksen lukemattomiin kysymyksiin.<\/p>\n\n\n\n<p>\u2013 Yritt\u00e4jiss\u00e4 on jokin erityinen piirre, jonka tunnistaa heti, kun heid\u00e4n kanssaan k\u00e4y juttusille, Eurajoen Romun toimitusjohtaja Juuso Luodesmeri sanoo.<\/p>\n\n\n\n<p>H\u00e4n liittyi Eurajoen Yritt\u00e4jiin heti vuonna 1994 oman yrityksen perustaessaan. Verkostojen ja yhteisty\u00f6n tarve sai h\u00e4net etsim\u00e4\u00e4n kaltaistensa seuraa, ja sit\u00e4 l\u00f6ytyi.<\/p>\n\n\n\n<h3 class=\"wp-block-heading\">Kokemukset yhdist\u00e4v\u00e4t<\/h3>\n\n\n\n<p>\u2013 On v\u00e4ltt\u00e4m\u00e4t\u00f6nt\u00e4 vaihtaa ajatuksia ja kokemuksia, joita yritt\u00e4j\u00e4n el\u00e4m\u00e4\u00e4n kuuluu. Vaikka paljon hyv\u00e4\u00e4kin tehd\u00e4\u00e4n, Suomessa ei aina ole helppoa olla yritt\u00e4j\u00e4. Byrokratia ja yritystoiminnan haasteet laittavat v\u00e4lill\u00e4 kapuloita rattaisiin. Toisten kannustus on siksi \u00e4\u00e4rimm\u00e4isen t\u00e4rke\u00e4\u00e4, Juuso Luodesmeri sanoo.<\/p>\n\n\n\n<p>H\u00e4nen syd\u00e4nt\u00e4\u00e4n l\u00e4hell\u00e4 on erityisesti nuorten yritt\u00e4jien sparraus. Luodesmeri on k\u00e4ytt\u00e4nyt koko yritt\u00e4j\u00e4nuransa ajan my\u00f6s Yritt\u00e4jien j\u00e4senpalveluita ja kannustaa muitakin k\u00e4ytt\u00e4m\u00e4\u00e4n.<\/p>\n\n\n\n<p>\u2013 Eniten arvostan neuvontaa lakiasioissa \u2013 apua saa nopeasti, helposti ja ilmaiseksi. Olemme tehneet 25 vuotta ulkomaankauppaa, ja monenlaisiin kysymyksiin on tarvittu vastauksia, Juuso Luodesmeri sanoo.<\/p>\n\n\n\n<h3 class=\"wp-block-heading\">Ymp\u00e4rist\u00f6ty\u00f6t\u00e4 metallien lajittelulla<\/h3>\n\n\n\n<p>Eurajoen Romu ty\u00f6llist\u00e4\u00e4 nyt 90 henkil\u00f6\u00e4, ja sen liikevaihto on yli 100 miljoonaa euroa.<\/p>\n\n\n\n<p>Raaka-ainep\u00f6rssin heilahduksia seurataan Eurajoen Romun p\u00e4\u00e4konttorilla tarkasti: maailmanmarkkinahinnat vaikuttavat olennaisesti ulkomaankauppaa tekev\u00e4n yrityksen menestykseen. Eurajoki Group -konserni k\u00e4y kauppaa erityisesti Kauko- ja L\u00e4hi-it\u00e4\u00e4n. Suomessa toimintaa on kymmenell\u00e4 paikkakunnalla. Yritys ostaa, lajittelee ja myy metalliromua ja my\u00f6s vuokraa siirtolavoja ja kierr\u00e4tyslaatikoita.<\/p>\n\n\n\n<p>\u2013 Ymp\u00e4rist\u00f6asiat ovat minulle t\u00e4rkeit\u00e4, ja tein jo alussa p\u00e4\u00e4t\u00f6ksen keskitty\u00e4 metallien kierr\u00e4tykseen. Ala on k\u00e4ynyt l\u00e4pi ison murroksen, mutta tulin mukaan juuri sopivalla hetkell\u00e4: kun metallien kauppa Suomesta ulkomaille vapautui, olin nuori ja vikkel\u00e4 omaksumaan uudet tuulet, Juuso Luodesmeri sanoo.<\/p>\n\n\n\n<p>Koronan alkuvaiheessa raaka-ainemarkkinat rys\u00e4htiv\u00e4t alas koronan vaikutuksesta, mutta hyvin nopeasti my\u00f6s palautuivat ja nyt kurssit ovat nousseet historiallisen korkealle. Pient\u00e4 ylikuumenemista on havaittavissa.<\/p>\n\n\n\n<p>Yrityksen kokoluokkaa h\u00e4n ei nuorena osannut kuvitella; tekip\u00e4h\u00e4n vain asioita, jotka itsest\u00e4 tuntuivat oikeilta.<\/p>\n\n\n\n<p>\u2013 Itse tekeminen on minusta aina ollut mielekk\u00e4\u00e4mp\u00e4\u00e4 kuin pelkk\u00e4 kasvun tavoittelu, Luodesmeri sanoo.<\/p>\n\n\n\n<p>Silti Eurajoen Romu on edelleen vahvasti kasvun uralla: t\u00e4h\u00e4n asti yrityksell\u00e4 on joka vuosi ollut taipumus ylitt\u00e4\u00e4 tavoitteensa.<\/p>\n","protected":false},"excerpt":{"rendered":"<p>Juuso Luodesmeri | Eurajoen Romu \u201dYritt\u00e4jiss\u00e4 on jokin yhteinen nimitt\u00e4j\u00e4\u201d Eurajoen Romun toimitusjohtaja Juuso Luodesmeri haaveili yritt\u00e4jyydest\u00e4 jo ala-asteella. 19-vuotiaana h\u00e4n perusti yrityksen, joka lajittelee ja kierr\u00e4tt\u00e4\u00e4 metallia ja k\u00e4y jalometalleilla kauppaa ymp\u00e4ri maailman. Ulkomaankauppaa on takana nyt 25 vuotta. Sin\u00e4 aikana h\u00e4n on saanut Yritt\u00e4jien ilmaisesta neuvonnasta vastauksen lukemattomiin kysymyksiin. \u2013 Yritt\u00e4jiss\u00e4 on jokin &hellip; <a href=\"https:\/\/me.yrittajat.fi\/yhdessa-eteenpain\/etusivu\/yrittajatarinoita\/juuso-luodesmeri\/\">Lue lis\u00e4\u00e4<\/a><\/p>\n","protected":false},"author":4,"featured_media":93,"parent":107,"menu_order":65,"comment_status":"closed","ping_status":"closed","template":"","meta":{"_acf_changed":false,"footnotes":""},"class_list":["post-167","page","type-page","status-publish","has-post-thumbnail","hentry"],"acf":[],"_links":{"self":[{"href":"https:\/\/me.yrittajat.fi\/yhdessa-eteenpain\/wp-json\/wp\/v2\/pages\/167","targetHints":{"allow":["GET"]}}],"collection":[{"href":"https:\/\/me.yrittajat.fi\/yhdessa-eteenpain\/wp-json\/wp\/v2\/pages"}],"about":[{"href":"https:\/\/me.yrittajat.fi\/yhdessa-eteenpain\/wp-json\/wp\/v2\/types\/page"}],"author":[{"embeddable":true,"href":"https:\/\/me.yrittajat.fi\/yhdessa-eteenpain\/wp-json\/wp\/v2\/users\/4"}],"replies":[{"embeddable":true,"href":"https:\/\/me.yrittajat.fi\/yhdessa-eteenpain\/wp-json\/wp\/v2\/comments?post=167"}],"version-history":[{"count":2,"href":"https:\/\/me.yrittajat.fi\/yhdessa-eteenpain\/wp-json\/wp\/v2\/pages\/167\/revisions"}],"predecessor-version":[{"id":169,"href":"https:\/\/me.yrittajat.fi\/yhdessa-eteenpain\/wp-json\/wp\/v2\/pages\/167\/revisions\/169"}],"up":[{"embeddable":true,"href":"https:\/\/me.yrittajat.fi\/yhdessa-eteenpain\/wp-json\/wp\/v2\/pages\/107"}],"wp:featuredmedia":[{"embeddable":true,"href":"https:\/\/me.yrittajat.fi\/yhdessa-eteenpain\/wp-json\/wp\/v2\/media\/93"}],"wp:attachment":[{"href":"https:\/\/me.yrittajat.fi\/yhdessa-eteenpain\/wp-json\/wp\/v2\/media?parent=167"}],"curies":[{"name":"wp","href":"https:\/\/api.w.org\/{rel}","templated":true}]}}