{"id":170,"date":"2021-10-07T10:15:53","date_gmt":"2021-10-07T07:15:53","guid":{"rendered":"https:\/\/me.yrittajat.fi\/yhdessa-eteenpain\/?page_id=170"},"modified":"2021-10-07T10:15:53","modified_gmt":"2021-10-07T07:15:53","slug":"kaisa-marin","status":"publish","type":"page","link":"https:\/\/me.yrittajat.fi\/yhdessa-eteenpain\/etusivu\/yrittajatarinoita\/kaisa-marin\/","title":{"rendered":"Kaisa Marin"},"content":{"rendered":"\n<h2 class=\"wp-block-heading\">Kaisa Marin | Pekka Heikkisen leipomo<\/h2>\n\n\n\n<p>Kaisa Marin otti ensimm\u00e4isen kosketuksen yritt\u00e4jyyteen ollessaan vasta viisivuotias. Tuolloin h\u00e4n taittelu iso\u00e4idilleen servettej\u00e4 yhden sentin kappalehintaan.<br>\u2013 Olen kasvanut yritt\u00e4j\u00e4perheess\u00e4. T\u00e4n\u00e4 p\u00e4iv\u00e4n\u00e4 olen nelj\u00e4nnen sukupolven yritt\u00e4j\u00e4. Yritt\u00e4jyys on peruja lapsuuden ajattelumaailmasta ja siit\u00e4, ett\u00e4 kasvoin ymp\u00e4rist\u00f6ss\u00e4, jossa yritt\u00e4minen ja vaikuttaminen oman asuinpaikan elinvoimaisuuteen oli niin vahvasti l\u00e4sn\u00e4, Marin kertoo.<\/p>\n\n\n\n<p>Virallisesti Marinista tuli yritt\u00e4j\u00e4 sen j\u00e4lkeen, kun h\u00e4n palasi maailmalta lapsuuden kotipaikkaansa ja p\u00e4\u00e4tti l\u00e4hte\u00e4 jatkamaan perheyrityksen tarinaa yhdess\u00e4 veljens\u00e4 kanssa.<br>\u2013 En ole viel\u00e4k\u00e4\u00e4n keksinyt, mit\u00e4 haluaisin tehd\u00e4 mieluummin kuin t\u00e4t\u00e4.<\/p>\n\n\n\n<p>Vuonna 2015 omistus siirtyi j\u00e4lkipolvelle ja nykyisin Marin vet\u00e4\u00e4 Leipomo- ja kondiittoriliike Pekka Heikkist\u00e4. H\u00e4n kuvailee itse\u00e4\u00e4n \u201dsoihdunkantajaksi\u201d.<br>\u2013 Perheyrityksen vet\u00e4miseen liittyy niin paljon. Koen t\u00e4rke\u00e4n\u00e4, ett\u00e4 se mit\u00e4 teen, t\u00e4ytyy olla merkityksellist\u00e4. Yritt\u00e4j\u00e4n\u00e4 toimiminen t\u00e4m\u00e4n kaltaisessa yrityksess\u00e4 on sit\u00e4 todella suurella tasolla. Olen valtavan ylpe\u00e4.<\/p>\n\n\n\n<h3 class=\"wp-block-heading\">Kriisi pakotti uudistumaan<\/h3>\n\n\n\n<p>Pekka Heikkisen leipomon p\u00e4\u00e4asiallinen markkina-alue on Kajaanissa ja omassa kivijalkaliikkeess\u00e4, jossa on my\u00f6s kahvila. T\u00e4m\u00e4n lis\u00e4ksi leipomo toimittaa tuotteitaan Kainuun alueen kauppoihin sek\u00e4 kauppahalleihin Ouluun ja Tampereelle ja Helsinkiin. Korona-aikana yritys perusti verkkokaupan, joka toimittaa tuotteita eri puolille Suomea.<\/p>\n\n\n\n<p>Leipomoliike perustettiin Kajaaniin 108 vuotta sitten. Nyt Marin tekee yrityksest\u00e4 oman n\u00e4k\u00f6ist\u00e4\u00e4n.<br>\u2013 En ajattele niin, ett\u00e4 olisimme veljeni kanssa erityisen uudistusmielisi\u00e4. Tuomme persooniemme kautta yritykseen tietynlaisen rentouden. Olemme \u00e4\u00e4nekk\u00e4it\u00e4 ihmisi\u00e4 ja se tarkoittaa, ett\u00e4 yrityskin saa olla sellainen. Tuomme mukanamme t\u00e4m\u00e4n vuosikymmenen meiningin.<\/p>\n\n\n\n<p>Vuonna 2018 koettiin leipomon t\u00e4h\u00e4n asti pahin kriisi, kun leipomorakennuksen katto paloi ja toiminta pys\u00e4htyi yhdeks\u00e4ksi kuukaudeksi.<br>\u2013 Se oli rankkaa, mutta tavallaan my\u00f6s arvokasta aikaa, koska yrityksell\u00e4 ei ole kovin usein mahdollisuutta pys\u00e4hty\u00e4 miettim\u00e4\u00e4n, mik\u00e4 on sen syvin olemus ja tulevaisuus.<\/p>\n\n\n\n<h3 class=\"wp-block-heading\">Koronan pahin vaikutus on ep\u00e4tietoisuus<\/h3>\n\n\n\n<p>Onnettomuuden j\u00e4lkeen rakennettiin uusi leipomo, joka on tuonut mahdollisuuden parantaa tuotteita entisest\u00e4\u00e4n.<br>\u2013 Olemme p\u00e4\u00e4sseet suunnittelemaan tuotantoa uudestaan tuotekohtaisesti. Tekemist\u00e4 on j\u00e4rkev\u00f6itetty ja toiminta on nyt tasalaatuisempaa. Samalla olemme parantaneet ty\u00f6hyvinvointia, Marin kertoo.<br>\u2013 N\u00e4en vahvasti, ett\u00e4 rakentamisen j\u00e4lkeen voimme luoda k\u00e4sity\u00f6leipomolle tulevaisuuden, joka jatkuu seuraavatkin 100 vuotta.<\/p>\n\n\n\n<p>Koronakriisin pahimpana puolena Marin pit\u00e4\u00e4 l\u00e4hitulevaisuuden sumentumista. Se on vaikuttanut paitsi myyntiin, my\u00f6s johtamiseen.<br>\u2013 Normaali etupainoinen tekeminen on muuttunut vallitsevaan tilanteeseen reagoimiseen. Ei voi valehdella, etteik\u00f6 t\u00e4m\u00e4 olisi ollut todella haastavaa aikaa jaksamisen kannalta. Pit\u00e4\u00e4 olla koko ajan varpaillaan siit\u00e4, mit\u00e4 seuraavaksi tapahtuu. Ep\u00e4tietoisuus tulevasta on pahinta.<\/p>\n\n\n\n<p>Korona on vienyt menness\u00e4\u00e4n leipomolle t\u00e4rke\u00e4t markkinatapahtumat. Marin odottaa kuumeisesti, ett\u00e4 paluu normaaliin koittaa pian.<\/p>\n","protected":false},"excerpt":{"rendered":"<p>Kaisa Marin | Pekka Heikkisen leipomo Kaisa Marin otti ensimm\u00e4isen kosketuksen yritt\u00e4jyyteen ollessaan vasta viisivuotias. Tuolloin h\u00e4n taittelu iso\u00e4idilleen servettej\u00e4 yhden sentin kappalehintaan.\u2013 Olen kasvanut yritt\u00e4j\u00e4perheess\u00e4. T\u00e4n\u00e4 p\u00e4iv\u00e4n\u00e4 olen nelj\u00e4nnen sukupolven yritt\u00e4j\u00e4. Yritt\u00e4jyys on peruja lapsuuden ajattelumaailmasta ja siit\u00e4, ett\u00e4 kasvoin ymp\u00e4rist\u00f6ss\u00e4, jossa yritt\u00e4minen ja vaikuttaminen oman asuinpaikan elinvoimaisuuteen oli niin vahvasti l\u00e4sn\u00e4, Marin kertoo. &hellip; <a href=\"https:\/\/me.yrittajat.fi\/yhdessa-eteenpain\/etusivu\/yrittajatarinoita\/kaisa-marin\/\">Lue lis\u00e4\u00e4<\/a><\/p>\n","protected":false},"author":4,"featured_media":93,"parent":107,"menu_order":70,"comment_status":"closed","ping_status":"closed","template":"","meta":{"_acf_changed":false,"footnotes":""},"class_list":["post-170","page","type-page","status-publish","has-post-thumbnail","hentry"],"acf":[],"_links":{"self":[{"href":"https:\/\/me.yrittajat.fi\/yhdessa-eteenpain\/wp-json\/wp\/v2\/pages\/170","targetHints":{"allow":["GET"]}}],"collection":[{"href":"https:\/\/me.yrittajat.fi\/yhdessa-eteenpain\/wp-json\/wp\/v2\/pages"}],"about":[{"href":"https:\/\/me.yrittajat.fi\/yhdessa-eteenpain\/wp-json\/wp\/v2\/types\/page"}],"author":[{"embeddable":true,"href":"https:\/\/me.yrittajat.fi\/yhdessa-eteenpain\/wp-json\/wp\/v2\/users\/4"}],"replies":[{"embeddable":true,"href":"https:\/\/me.yrittajat.fi\/yhdessa-eteenpain\/wp-json\/wp\/v2\/comments?post=170"}],"version-history":[{"count":2,"href":"https:\/\/me.yrittajat.fi\/yhdessa-eteenpain\/wp-json\/wp\/v2\/pages\/170\/revisions"}],"predecessor-version":[{"id":172,"href":"https:\/\/me.yrittajat.fi\/yhdessa-eteenpain\/wp-json\/wp\/v2\/pages\/170\/revisions\/172"}],"up":[{"embeddable":true,"href":"https:\/\/me.yrittajat.fi\/yhdessa-eteenpain\/wp-json\/wp\/v2\/pages\/107"}],"wp:featuredmedia":[{"embeddable":true,"href":"https:\/\/me.yrittajat.fi\/yhdessa-eteenpain\/wp-json\/wp\/v2\/media\/93"}],"wp:attachment":[{"href":"https:\/\/me.yrittajat.fi\/yhdessa-eteenpain\/wp-json\/wp\/v2\/media?parent=170"}],"curies":[{"name":"wp","href":"https:\/\/api.w.org\/{rel}","templated":true}]}}