{"id":173,"date":"2021-10-07T10:19:19","date_gmt":"2021-10-07T07:19:19","guid":{"rendered":"https:\/\/me.yrittajat.fi\/yhdessa-eteenpain\/?page_id=173"},"modified":"2021-10-07T10:19:19","modified_gmt":"2021-10-07T07:19:19","slug":"riikka-ojanen","status":"publish","type":"page","link":"https:\/\/me.yrittajat.fi\/yhdessa-eteenpain\/etusivu\/yrittajatarinoita\/riikka-ojanen\/","title":{"rendered":"Riikka Ojanen"},"content":{"rendered":"\n<h2 class=\"wp-block-heading\">Riikka Ojanen | ChocoSomnia<\/h2>\n\n\n\n<blockquote class=\"wp-block-quote is-style-large is-layout-flow wp-block-quote-is-layout-flow\"><p>&#8220;Jos uskaltaa haaveilla isosti, voi p\u00e4\u00e4st\u00e4 ainakin haaveiden puoliv\u00e4liin!&#8221;<\/p><\/blockquote>\n\n\n\n<p>Kun oululainen suklaamestari Riikka Ojanen teki intohimostaan ammatin, h\u00e4n huomasi, ett\u00e4 yritt\u00e4j\u00e4j\u00e4rjest\u00f6n verkostot ovat hy\u00f6dyksi. Ojasen yritys ottikin aimo kasvuharppauksen, kun Yritt\u00e4jien toiminnasta l\u00f6ytyi mukaan bisnekseen uusi yhti\u00f6kumppani Jenna Antinmaa.<\/p>\n\n\n\n<p>\u2212 Suklaa on ollut intohimoni aina. Ajauduin alun perin suuhygienistiksi, mutta kun kolmekymppisen\u00e4 sain lapsia, ehdin mietti\u00e4 my\u00f6s, mit\u00e4 haluan jatkossa ty\u00f6el\u00e4m\u00e4lt\u00e4. P\u00e4\u00e4tin, ett\u00e4 suklaasta tulee ty\u00f6ni. Yst\u00e4v\u00e4ni kysyi, miksi en valmistaisi suklaata itse. Innostuin ajatuksesta, mutta en tiennyt valmistamisesta juuri mit\u00e4\u00e4n, Chocosomnian perustajayritt\u00e4j\u00e4 ja suklaamestari Riikka Ojanen kertoo.<\/p>\n\n\n\n<p>Kun Ojanen oppi alan termej\u00e4, ty\u00f6 helpottui. Avaink\u00e4site oli temperointi. Suklaa valmistetaan kylment\u00e4m\u00e4ll\u00e4 ja kuumentamalla suklaamassaa eritt\u00e4in tarkoilla l\u00e4mp\u00f6tiloilla.<\/p>\n\n\n\n<h3 class=\"wp-block-heading\">Chocosomnia kasvoi tasaisesti<\/h3>\n\n\n\n<p>\u2212 Joulusesonki on minulle virstanpylv\u00e4s, jolloin menekki mitataan. Ensimm\u00e4isen\u00e4 vuonna valmistin suklaata rivitaloasunnon keitti\u00f6ss\u00e4. Seuraavana vuonna asuimme omakotitalossa, mutta siell\u00e4kin tilat tulivat vastaan. Kolmantena jouluna totesin, ett\u00e4 en p\u00e4rj\u00e4\u00e4 en\u00e4\u00e4 yksin.<\/p>\n\n\n\n<p>Ajatus ty\u00f6ntekij\u00e4n palkkaamisesta hirvitti Riikka Ojasta, mutta se, ett\u00e4 joku tekisi ty\u00f6t\u00e4 yht\u00e4 suurella intohimolla, kumppanina, tuntui paljon paremmalta vaihtoehdolta. Apu l\u00f6ytyi l\u00e4helt\u00e4, sill\u00e4 Ojanen oli liittynyt yritt\u00e4j\u00e4j\u00e4rjest\u00f6\u00f6n ja niist\u00e4 piireist\u00e4 l\u00f6ytyi my\u00f6s tuleva yhti\u00f6kumppani.<\/p>\n\n\n\n<p>\u2212 Jenna Antinmaa aloitti syyskuussa 2019. Sen j\u00e4lkeen teimme yhdess\u00e4 joulukuussa saman myynnin kuin min\u00e4 yksin ensimm\u00e4isen 1,5 vuoden aikana. H\u00e4n otti markkinoinnin ja k\u00e4yt\u00e4nn\u00f6n asiat hoitaakseen, joten sain keskitty\u00e4 suklaan valmistukseen. Somemarkkinoinnin hoitaminen n\u00e4kyi Antinmaan mukaan r\u00e4j\u00e4hdysm\u00e4isen\u00e4 kasvuna myynniss\u00e4 joulukuussa.<\/p>\n\n\n\n<p>\u2212 Suklaan myynti ylitti kaikki odotukset! Haaveilimme jo tammikuun laihdutuskuureista, jotta saisimme v\u00e4h\u00e4n heng\u00e4ht\u00e4\u00e4, h\u00e4n iloitsee.<\/p>\n\n\n\n<h3 class=\"wp-block-heading\">ChocoSomniaa on alusta asti rakennettu kasvu mieless\u00e4<\/h3>\n\n\n\n<p>\u2212 Kasvun suhteen meill\u00e4 on valtavia suunnitelmia. Ensin on tavoite saada valtakunnallinen n\u00e4kyvyys ja olla Suomen tunnetuin onnellisuuden tuottaja suklaael\u00e4mysten kautta. Toteutamme suklaajoogaa, meditaatiota, tastingeja sek\u00e4 suklaakursseja, Jenna Antinmaa kertoo.<\/p>\n\n\n\n<p>Yritys sai my\u00f6s toukokuussa kolmannen osakkaan, joka on mukana intohimosta suklaaseen sek\u00e4 rahoitusmieless\u00e4.<\/p>\n\n\n\n<p>\u2212 Korvaani kalskahtaa ik\u00e4v\u00e4sti, jos joku yritt\u00e4j\u00e4 sanoo omasta toiminnastaan, ett\u00e4 &#8220;kunhan t\u00e4st\u00e4 nyt saisi itselle v\u00e4h\u00e4n jotakin&#8221;. Silloin ei taatusti sen enemp\u00e4\u00e4 saavutakaan. Jos uskaltaa haaveilla isosti, voi p\u00e4\u00e4st\u00e4 ainakin haaveiden puoliv\u00e4liin, Riikka Ojanen summaa.<\/p>\n","protected":false},"excerpt":{"rendered":"<p>Riikka Ojanen | ChocoSomnia &#8220;Jos uskaltaa haaveilla isosti, voi p\u00e4\u00e4st\u00e4 ainakin haaveiden puoliv\u00e4liin!&#8221; Kun oululainen suklaamestari Riikka Ojanen teki intohimostaan ammatin, h\u00e4n huomasi, ett\u00e4 yritt\u00e4j\u00e4j\u00e4rjest\u00f6n verkostot ovat hy\u00f6dyksi. Ojasen yritys ottikin aimo kasvuharppauksen, kun Yritt\u00e4jien toiminnasta l\u00f6ytyi mukaan bisnekseen uusi yhti\u00f6kumppani Jenna Antinmaa. \u2212 Suklaa on ollut intohimoni aina. Ajauduin alun perin suuhygienistiksi, mutta kun &hellip; <a href=\"https:\/\/me.yrittajat.fi\/yhdessa-eteenpain\/etusivu\/yrittajatarinoita\/riikka-ojanen\/\">Lue lis\u00e4\u00e4<\/a><\/p>\n","protected":false},"author":4,"featured_media":93,"parent":107,"menu_order":75,"comment_status":"closed","ping_status":"closed","template":"","meta":{"_acf_changed":false,"footnotes":""},"class_list":["post-173","page","type-page","status-publish","has-post-thumbnail","hentry"],"acf":[],"_links":{"self":[{"href":"https:\/\/me.yrittajat.fi\/yhdessa-eteenpain\/wp-json\/wp\/v2\/pages\/173","targetHints":{"allow":["GET"]}}],"collection":[{"href":"https:\/\/me.yrittajat.fi\/yhdessa-eteenpain\/wp-json\/wp\/v2\/pages"}],"about":[{"href":"https:\/\/me.yrittajat.fi\/yhdessa-eteenpain\/wp-json\/wp\/v2\/types\/page"}],"author":[{"embeddable":true,"href":"https:\/\/me.yrittajat.fi\/yhdessa-eteenpain\/wp-json\/wp\/v2\/users\/4"}],"replies":[{"embeddable":true,"href":"https:\/\/me.yrittajat.fi\/yhdessa-eteenpain\/wp-json\/wp\/v2\/comments?post=173"}],"version-history":[{"count":2,"href":"https:\/\/me.yrittajat.fi\/yhdessa-eteenpain\/wp-json\/wp\/v2\/pages\/173\/revisions"}],"predecessor-version":[{"id":175,"href":"https:\/\/me.yrittajat.fi\/yhdessa-eteenpain\/wp-json\/wp\/v2\/pages\/173\/revisions\/175"}],"up":[{"embeddable":true,"href":"https:\/\/me.yrittajat.fi\/yhdessa-eteenpain\/wp-json\/wp\/v2\/pages\/107"}],"wp:featuredmedia":[{"embeddable":true,"href":"https:\/\/me.yrittajat.fi\/yhdessa-eteenpain\/wp-json\/wp\/v2\/media\/93"}],"wp:attachment":[{"href":"https:\/\/me.yrittajat.fi\/yhdessa-eteenpain\/wp-json\/wp\/v2\/media?parent=173"}],"curies":[{"name":"wp","href":"https:\/\/api.w.org\/{rel}","templated":true}]}}