{"id":179,"date":"2021-10-07T10:25:13","date_gmt":"2021-10-07T07:25:13","guid":{"rendered":"https:\/\/me.yrittajat.fi\/yhdessa-eteenpain\/?page_id=179"},"modified":"2021-10-07T10:25:14","modified_gmt":"2021-10-07T07:25:14","slug":"riitta-raekallio-wunderink","status":"publish","type":"page","link":"https:\/\/me.yrittajat.fi\/yhdessa-eteenpain\/etusivu\/yrittajatarinoita\/riitta-raekallio-wunderink\/","title":{"rendered":"Riitta Raekallio-Wunderink"},"content":{"rendered":"\n<h2 class=\"wp-block-heading\">Riitta Raekallio-Wunderink | HaliPuu Pocket Forest<\/h2>\n\n\n\n<blockquote class=\"wp-block-quote is-style-large is-layout-flow wp-block-quote-is-layout-flow\"><p>\u201dOn hienoa jakaa jotain sellaista, joka on itselle aidosti t\u00e4rke\u00e4\u00e4.\u201d<\/p><\/blockquote>\n\n\n\n<p>Kun Riitta Raekallio-Wunderink ja Stefan Wunderink kiehauttavat Levill\u00e4 nokikahvit nuotiolla, sit\u00e4 seurataan parhaimmillaan tuhansilla ruuduilla ymp\u00e4ri maailmaa. HaliPuu Pocket Forest -yrityksen p\u00e4\u00e4tuote piilee suomalaisessa pet\u00e4j\u00e4ss\u00e4. Menestyksen luomisessa auttaa Yritt\u00e4jien laaja ty\u00f6kalupakki ja toisten yritt\u00e4jien tuki.<br>Kaikki alkoi papan mets\u00e4st\u00e4. Kittil\u00e4ss\u00e4 sijaitsevan perhetilan mets\u00e4\u00e4 ei haluttu hakata sile\u00e4ksi, sill\u00e4 mets\u00e4\u00e4 ja niiden puita oli perheess\u00e4 arvostettu aina. Pappa Raekallio oli ammatiltaan metsuri ja oppinut puunhalauksen taidon jo omalta \u00e4idilt\u00e4\u00e4n. Siit\u00e4 nuori polvi l\u00e4hti kehitt\u00e4m\u00e4\u00e4n yritysideaa.<\/p>\n\n\n\n<p>Ensin syntyi toiminimi HaliPuu, jonka p\u00e4\u00e4idea oli antaa puita adoptoitaviksi. Ja koska yritys sijaitsi Levill\u00e4, tulivat kuvioihin nopeasti mukaan my\u00f6s ohjelmapalvelut turisteille. Visit Finland palkitsi yrityksen k\u00e4rkituotepalkinnolla: idea vied\u00e4 turistit nukkumaan riippumattoon keskelle lumista mets\u00e4\u00e4 oli juuri sellainen vetovoimatekij\u00e4, jota Lapin matkailu tarvitsee.<\/p>\n\n\n\n<p>\u2013 Mets\u00e4n parantava, tasapainottava vaikutus on meille tuttua. On hienoa, kun p\u00e4\u00e4see jakamaan jotain sellaista, joka on itselle aidosti t\u00e4rke\u00e4\u00e4, sanoo HaliPuun perustaja Riitta Raekallio-Wunderink.<\/p>\n\n\n\n<h3 class=\"wp-block-heading\">Yritt\u00e4j\u00e4t yhdess\u00e4<\/h3>\n\n\n\n<p>Levill\u00e4 on paljon pienyritt\u00e4ji\u00e4, ja he tekev\u00e4t toimivaa yhteisty\u00f6t\u00e4 laajasti yli kaikenlaisten rajojen. Siin\u00e4 tarvitaan my\u00f6s laajempaa tukea.<\/p>\n\n\n\n<p>\u2013 Meill\u00e4 ei ole my\u00f6sk\u00e4\u00e4n kuilua yritt\u00e4jien ja muiden v\u00e4lill\u00e4, ja sellainen me ja muut -ajattelu olisikin vahingollista. On t\u00e4rke\u00e4\u00e4, ett\u00e4 Yritt\u00e4j\u00e4t toimii sillanrakentajana ja muokkaa asenteita yritt\u00e4jyydelle my\u00f6nteisemmiksi, Riitta Raekallio-Wunderink sanoo.<\/p>\n\n\n\n<p>H\u00e4n arvostaa my\u00f6s k\u00e4yt\u00e4nn\u00f6n apua, jota Yritt\u00e4jien laaja ty\u00f6kalupakki tarjoaa. Yritt\u00e4j\u00e4 itse ei voi olla kaikkien alojen asiantuntija. Esimerkiksi sopimuspohjat, asiakirjamallit ja kaikenlainen konkreettinen neuvonta on yritt\u00e4j\u00e4lle arvokasta.<\/p>\n\n\n\n<h3 class=\"wp-block-heading\">Mutkan kautta takaisin<\/h3>\n\n\n\n<p>Vuonna 2018 Raekallio-Wunderinkin yritysidea kasvoi osakeyhti\u00f6ll\u00e4, jonka alla kehitet\u00e4\u00e4n virtuaalista Forest in Your Pocket -sovellusta. Se tuo mets\u00e4n el\u00e4mykset jokaisen k\u00e4ytt\u00e4j\u00e4n luo. Puista tippuvat pisarat, lumikenkien alla narskuva lumi ja Papan nuotiotarinat muuntuvat virtuaaliseksi matkaksi Lapin luontoon.<\/p>\n\n\n\n<p>\u2013 Viikoittaisissa livel\u00e4hetyksiss\u00e4 jaamme perheemme kokemuksia eri vuodenaikoina. Halaamme puita, teemme rieskaa nuotilla. Meill\u00e4 on tuhansia seuraajia eri puolilla maailmaa, ja enn\u00e4tyksemme on 150 000 katselukertaa, Riitta Raekallio-Wunderink kertoo.<\/p>\n\n\n\n<h3 class=\"wp-block-heading\">Puunhalaus kiinnostaa<\/h3>\n\n\n\n<p>Sovelluksen prototyyppi on toteutettu Business Finlandin Tempo-rahoituksen turvin. Sovelluksen avulla on toteutettu my\u00f6s mukavasti kansainv\u00e4list\u00e4 huomiota viime kes\u00e4n\u00e4 ker\u00e4nnyt puunhalauksen maailmanmestaruuskisa.<\/p>\n\n\n\n<p>\u2013 Paikan p\u00e4\u00e4ll\u00e4 oli kymmenen eri kansallisuuden edustajia, ja virtuaalisesti kisaan osallistui ihmisi\u00e4 ymp\u00e4ri maailmaa. Kisa noteerattiin niin South China Morning Post -sanomalehdess\u00e4 kuin Ven\u00e4j\u00e4n televisiossa, Riitta Raekallio-Wunderink sanoo.<\/p>\n\n\n\n<p>Kokemus innostaa jatkamaan: suomalaisen mets\u00e4luonnon vetovoima toimii my\u00f6s et\u00e4yhteyksien avulla.<\/p>\n\n\n\n<h3 class=\"wp-block-heading\">Korona-aika ei l\u00e4ht\u00f6kohtaisesti pelottanut<\/h3>\n\n\n\n<p>Raekallio-Wunderinkin mies Steffan on ammatiltaan sosionomi ja h\u00e4n on voinut tarvittaessa k\u00e4yd\u00e4 tekem\u00e4ss\u00e4 keikkat\u00f6it\u00e4.<\/p>\n\n\n\n<p>\u2013 Kunhan saamme leiv\u00e4n p\u00f6yt\u00e4\u00e4n, se riitt\u00e4\u00e4 t\u00e4ll\u00e4 hetkell\u00e4, yritt\u00e4j\u00e4 kertoo.<\/p>\n\n\n\n<p>Raekallio-Wunderink kuitenkin my\u00f6nt\u00e4\u00e4, ett\u00e4 korona on antanut ajattelemisen aihetta matkailuliiketoiminnan kehitt\u00e4misest\u00e4.<\/p>\n\n\n\n<p>\u2013 Korona on vahvistanut n\u00e4kemyst\u00e4mme siit\u00e4, ett\u00e4 matkailun on muututtava kest\u00e4v\u00e4mp\u00e4\u00e4n suuntaan. Olemme huomanneet olevamme oikealla tiell\u00e4 virtuaalimatkailun kehitt\u00e4misess\u00e4, samoin keskittymisess\u00e4 el\u00e4myksen sis\u00e4lt\u00f6\u00f6n ja merkityksellisyyteen hulppeiden puitteiden sijasta. Voisin kuvitella, ett\u00e4 korona edist\u00e4\u00e4 nykysukupolvelle luontevaa orgaanisempaa yritt\u00e4jyytt\u00e4, jossa perinteiset rakenteet, rajat ja k\u00e4yt\u00e4nn\u00f6t muuttuvat v\u00e4hemm\u00e4n t\u00e4rkeiksi, h\u00e4n kertoo.<\/p>\n\n\n\n<p>Epidemia-aika on saanut aivonystyr\u00e4t toimimaan. Yritys toteutti pitk\u00e4\u00e4n suunnitelmissa olleet puunhalauksen MM-kisat. Ne saivat hyv\u00e4\u00e4 n\u00e4kyvyytt\u00e4 maailmalla.<\/p>\n\n\n\n<p>\u2013 Turismin osalta keskityimme Steffanin vet\u00e4m\u00e4\u00e4n Campfire Baristaan. Kahvisesonki Levill\u00e4 meni oikein mukavasti ja pontta siihen toi Gordon Ramsayn vierailu viime jouluna. Gordonin mielest\u00e4 tarjoilumme oli &#8220;Exquisite&#8221;, mik\u00e4 on melkoinen mainos pienelle lappilaiselle kahvireelle!<\/p>\n\n\n\n<p>Nyt Raekallio-Wunderinkin yritys on kehitt\u00e4m\u00e4ss\u00e4 Ramsayn kehumaa kahvisiirappia, jotta sit\u00e4 valmistaa suurempia m\u00e4\u00e4ri\u00e4 verkkokauppamyyntiin.<\/p>\n","protected":false},"excerpt":{"rendered":"<p>Riitta Raekallio-Wunderink | HaliPuu Pocket Forest \u201dOn hienoa jakaa jotain sellaista, joka on itselle aidosti t\u00e4rke\u00e4\u00e4.\u201d Kun Riitta Raekallio-Wunderink ja Stefan Wunderink kiehauttavat Levill\u00e4 nokikahvit nuotiolla, sit\u00e4 seurataan parhaimmillaan tuhansilla ruuduilla ymp\u00e4ri maailmaa. HaliPuu Pocket Forest -yrityksen p\u00e4\u00e4tuote piilee suomalaisessa pet\u00e4j\u00e4ss\u00e4. Menestyksen luomisessa auttaa Yritt\u00e4jien laaja ty\u00f6kalupakki ja toisten yritt\u00e4jien tuki.Kaikki alkoi papan mets\u00e4st\u00e4. Kittil\u00e4ss\u00e4 &hellip; <a href=\"https:\/\/me.yrittajat.fi\/yhdessa-eteenpain\/etusivu\/yrittajatarinoita\/riitta-raekallio-wunderink\/\">Lue lis\u00e4\u00e4<\/a><\/p>\n","protected":false},"author":4,"featured_media":93,"parent":107,"menu_order":85,"comment_status":"closed","ping_status":"closed","template":"","meta":{"_acf_changed":false,"footnotes":""},"class_list":["post-179","page","type-page","status-publish","has-post-thumbnail","hentry"],"acf":[],"_links":{"self":[{"href":"https:\/\/me.yrittajat.fi\/yhdessa-eteenpain\/wp-json\/wp\/v2\/pages\/179","targetHints":{"allow":["GET"]}}],"collection":[{"href":"https:\/\/me.yrittajat.fi\/yhdessa-eteenpain\/wp-json\/wp\/v2\/pages"}],"about":[{"href":"https:\/\/me.yrittajat.fi\/yhdessa-eteenpain\/wp-json\/wp\/v2\/types\/page"}],"author":[{"embeddable":true,"href":"https:\/\/me.yrittajat.fi\/yhdessa-eteenpain\/wp-json\/wp\/v2\/users\/4"}],"replies":[{"embeddable":true,"href":"https:\/\/me.yrittajat.fi\/yhdessa-eteenpain\/wp-json\/wp\/v2\/comments?post=179"}],"version-history":[{"count":2,"href":"https:\/\/me.yrittajat.fi\/yhdessa-eteenpain\/wp-json\/wp\/v2\/pages\/179\/revisions"}],"predecessor-version":[{"id":181,"href":"https:\/\/me.yrittajat.fi\/yhdessa-eteenpain\/wp-json\/wp\/v2\/pages\/179\/revisions\/181"}],"up":[{"embeddable":true,"href":"https:\/\/me.yrittajat.fi\/yhdessa-eteenpain\/wp-json\/wp\/v2\/pages\/107"}],"wp:featuredmedia":[{"embeddable":true,"href":"https:\/\/me.yrittajat.fi\/yhdessa-eteenpain\/wp-json\/wp\/v2\/media\/93"}],"wp:attachment":[{"href":"https:\/\/me.yrittajat.fi\/yhdessa-eteenpain\/wp-json\/wp\/v2\/media?parent=179"}],"curies":[{"name":"wp","href":"https:\/\/api.w.org\/{rel}","templated":true}]}}