{"id":184,"date":"2021-10-07T16:13:34","date_gmt":"2021-10-07T13:13:34","guid":{"rendered":"https:\/\/me.yrittajat.fi\/yhdessa-eteenpain\/?page_id=184"},"modified":"2021-10-07T16:13:34","modified_gmt":"2021-10-07T13:13:34","slug":"jenni-rutonen","status":"publish","type":"page","link":"https:\/\/me.yrittajat.fi\/yhdessa-eteenpain\/etusivu\/yrittajatarinoita\/jenni-rutonen\/","title":{"rendered":"Jenni Rutonen"},"content":{"rendered":"\n<h2 class=\"wp-block-heading\">Jenni Rutonen | Jenni Rutonen Design<\/h2>\n\n\n\n<blockquote class=\"wp-block-quote is-style-large is-layout-flow wp-block-quote-is-layout-flow\"><p>\u201dOli kova paikka tajuta, ett\u00e4 jos min\u00e4 en jaksa, kaatuu koko yritys\u201d<\/p><\/blockquote>\n\n\n\n<p>Korumuotoilija Jenni Rutonen on nuoresta i\u00e4st\u00e4\u00e4n huolimatta ehtinyt kokea paljon. H\u00e4n osti perustamansa Jenni Rutonen Designin rinnalle my\u00f6s toisen koruyrityksen. Yritt\u00e4j\u00e4n on ollut pakko tunnistaa ja tunnustaa omat rajansa. Rutoselle Nuorten yritt\u00e4jien yhteis\u00f6 on ollut korvaamaton tuki. Tuttuja on nyt koko Suomessa.<\/p>\n\n\n\n<p>Monet kuopiolaisen Jenni Rutosen suunnittelemien korujen aiheet ja nimet tulevat suomalaisesta luonnosta. Kes\u00e4n siivek\u00e4s, Mets\u00e4n varjo, Juuret. Ahkera yksinyritt\u00e4j\u00e4 etsiytyy luontoon, kun kaipaa palautumista ja rauhaa. Usein viikonloppuisin h\u00e4n pakkaa reppunsa l\u00e4hte\u00e4kseen 50 kilometrin p\u00e4\u00e4h\u00e4n suolammen rantaan s\u00e4hk\u00f6tt\u00f6m\u00e4\u00e4n savottam\u00f6kkiin.<\/p>\n\n\n\n<p>\u2013 Se on ihana pakopaikka. Olen siell\u00e4 yksin kynttil\u00e4nvalossa, teen ruokaa nuotiolla, ja on aivan hiljaista ja tosi pime\u00e4\u00e4, Jenni Rutonen kuvailee.<\/p>\n\n\n\n<p>Palautumisen tarpeen h\u00e4n oppi kantap\u00e4\u00e4n kautta. Rutonen sairastui muutama vuosi sitten ty\u00f6uupumukseen ja opetteli sen j\u00e4lkeen asettamaan ty\u00f6nteolle rajat: ty\u00f6p\u00e4iv\u00e4 on nyt kello 10\u201317, viikonloppuisin h\u00e4n ei tee t\u00f6it\u00e4 ja l\u00e4pp\u00e4ri j\u00e4\u00e4 ty\u00f6paikalle. Uusilla ty\u00f6tavoilla, taitavan terapeutin avulla ja yst\u00e4vien vertaistuella h\u00e4n on selvinnyt eteenp\u00e4in.<\/p>\n\n\n\n<p>\u2013 Oli kova paikka tajuta, ett\u00e4 jos min\u00e4 en jaksa, kaatuu koko yritys ja sen my\u00f6t\u00e4 paljon muutakin. Yritin tehd\u00e4 liian ison ja liian nopean kasvuloikan, mutta omat rajat tulivat vastaan, Jenni Rutonen kertoo.<\/p>\n\n\n\n<p>H\u00e4n kuitenkin selvisi ja rohkaisee siksi muitakin uskaltamaan.<\/p>\n\n\n\n<p>\u2013 Kun tulee vaikeuksia, on aina kaksi vaihtoehtoa: kasvaa tai katkeroitua. Min\u00e4 sanon aina: kannattaa uskaltaa!<\/p>\n\n\n\n<p>Korona on vaikeuttanut toimintaa huomattavasti, sill\u00e4 liikevaihdosta katosi 60 prosenttia. Rutonen ei ole saanut koronatukea kumpaankaan yritykseen.<\/p>\n\n\n\n<p>\u2013 Teen kehitystoimia, mutta muutos on hidas. Yksinyritt\u00e4j\u00e4n tie tuntuu t\u00e4ll\u00e4 hetkell\u00e4 todella raskaalta ja olen huomannut saavani oireita uudesta ty\u00f6uupumuksesta, jonka yrit\u00e4n kaikin keinoin v\u00e4ltt\u00e4\u00e4. Koettelemus ei ole viel\u00e4 mill\u00e4\u00e4n muotoa ohi.<\/p>\n\n\n\n<p>Rutosen Kes\u00e4n Siivek\u00e4s selviytyi finaaliin Vuoden Koru 2021 -kilpailussa. Rutonen kuvailee korun perhosta n\u00e4in:<\/p>\n\n\n\n<p>\u2013 Se syntyy munasta toukaksi, kasvaa ja koteloituu. Er\u00e4\u00e4n\u00e4 p\u00e4iv\u00e4n\u00e4 se on aikuinen ja kuoriutuu ulos kotelostaan paljastaen kauneutensa, herkkyytens\u00e4 ja voimansa, nousten lentoon yh\u00e4 ylemm\u00e4s, kohti taivaita.<\/p>\n\n\n\n<h3 class=\"wp-block-heading\">Olen rakentanut kaiken nollasta<\/h3>\n\n\n\n<p>Yritt\u00e4jyys kiinnosti Jenni Rutosta jo opiskelujen aikana, mutta muotoilijakoulutuksen j\u00e4lkeen h\u00e4nell\u00e4 ei viel\u00e4 ollut rohkeutta siihen. H\u00e4n hakeutui oppisopimuskoulutukseen ja suoritti kultasep\u00e4n ammattitutkinnon. Samalla Rutonen sai tuntumaa korualan pienyritt\u00e4j\u00e4n arkeen.<\/p>\n\n\n\n<p>\u2013 L\u00e4hisuvussa ei ole yritt\u00e4ji\u00e4, joten mallia siihen ei ollut. Olen rakentanut yritykseni nollasta, otin velkaa ja loin oman br\u00e4ndini. Sen rinnalle ostin hiljattain my\u00f6s toisen koruyrityksen, SAVU Design &amp; Jewellery Oy:n, eli minulla on nyt kaksi yrityst\u00e4.<\/p>\n\n\n\n<p>Toisten nuorten yritt\u00e4jien tuki oli ratkaisevan t\u00e4rke\u00e4\u00e4.<\/p>\n\n\n\n<p>\u2013 Pyysin neuvoja ja apua toisilta yritt\u00e4jilt\u00e4. Kuopiossa k\u00e4ynnisteltiin tuolloin Nuorten Yritt\u00e4jien alueellista toimintaa, ja minua pyydettiin siihen mukaan, Rutonen kertoo.<\/p>\n\n\n\n<h3 class=\"wp-block-heading\">Nuorten yhteis\u00f6 on ponnahduslauta<\/h3>\n\n\n\n<p>H\u00e4n oli alusta asti luomassa verkoston aktiivista ja v\u00e4lit\u00f6nt\u00e4 toimintakulttuuria.<\/p>\n\n\n\n<p>\u2013 Monia j\u00e4nnitt\u00e4\u00e4 l\u00e4hte\u00e4 mukaan vanhempien, kokeneiden yritt\u00e4jien yhteis\u00f6\u00f6n. Mutta nuorten oma porukka on hyv\u00e4 ponnahduslauta, sill\u00e4 siell\u00e4 saa olla kaltaistensa joukossa. Nuorten oma Get Together on legendaarinen vuosittainen tapahtuma. Sen ansiosta minulla on verkostoa ihan kaikkialla Suomessa!<\/p>\n","protected":false},"excerpt":{"rendered":"<p>Jenni Rutonen | Jenni Rutonen Design \u201dOli kova paikka tajuta, ett\u00e4 jos min\u00e4 en jaksa, kaatuu koko yritys\u201d Korumuotoilija Jenni Rutonen on nuoresta i\u00e4st\u00e4\u00e4n huolimatta ehtinyt kokea paljon. H\u00e4n osti perustamansa Jenni Rutonen Designin rinnalle my\u00f6s toisen koruyrityksen. Yritt\u00e4j\u00e4n on ollut pakko tunnistaa ja tunnustaa omat rajansa. Rutoselle Nuorten yritt\u00e4jien yhteis\u00f6 on ollut korvaamaton tuki. &hellip; <a href=\"https:\/\/me.yrittajat.fi\/yhdessa-eteenpain\/etusivu\/yrittajatarinoita\/jenni-rutonen\/\">Lue lis\u00e4\u00e4<\/a><\/p>\n","protected":false},"author":4,"featured_media":93,"parent":107,"menu_order":90,"comment_status":"closed","ping_status":"closed","template":"","meta":{"_acf_changed":false,"footnotes":""},"class_list":["post-184","page","type-page","status-publish","has-post-thumbnail","hentry"],"acf":[],"_links":{"self":[{"href":"https:\/\/me.yrittajat.fi\/yhdessa-eteenpain\/wp-json\/wp\/v2\/pages\/184","targetHints":{"allow":["GET"]}}],"collection":[{"href":"https:\/\/me.yrittajat.fi\/yhdessa-eteenpain\/wp-json\/wp\/v2\/pages"}],"about":[{"href":"https:\/\/me.yrittajat.fi\/yhdessa-eteenpain\/wp-json\/wp\/v2\/types\/page"}],"author":[{"embeddable":true,"href":"https:\/\/me.yrittajat.fi\/yhdessa-eteenpain\/wp-json\/wp\/v2\/users\/4"}],"replies":[{"embeddable":true,"href":"https:\/\/me.yrittajat.fi\/yhdessa-eteenpain\/wp-json\/wp\/v2\/comments?post=184"}],"version-history":[{"count":2,"href":"https:\/\/me.yrittajat.fi\/yhdessa-eteenpain\/wp-json\/wp\/v2\/pages\/184\/revisions"}],"predecessor-version":[{"id":186,"href":"https:\/\/me.yrittajat.fi\/yhdessa-eteenpain\/wp-json\/wp\/v2\/pages\/184\/revisions\/186"}],"up":[{"embeddable":true,"href":"https:\/\/me.yrittajat.fi\/yhdessa-eteenpain\/wp-json\/wp\/v2\/pages\/107"}],"wp:featuredmedia":[{"embeddable":true,"href":"https:\/\/me.yrittajat.fi\/yhdessa-eteenpain\/wp-json\/wp\/v2\/media\/93"}],"wp:attachment":[{"href":"https:\/\/me.yrittajat.fi\/yhdessa-eteenpain\/wp-json\/wp\/v2\/media?parent=184"}],"curies":[{"name":"wp","href":"https:\/\/api.w.org\/{rel}","templated":true}]}}