{"id":187,"date":"2021-10-07T16:14:47","date_gmt":"2021-10-07T13:14:47","guid":{"rendered":"https:\/\/me.yrittajat.fi\/yhdessa-eteenpain\/?page_id=187"},"modified":"2021-10-07T16:16:17","modified_gmt":"2021-10-07T13:16:17","slug":"linda-saukko-rauta","status":"publish","type":"page","link":"https:\/\/me.yrittajat.fi\/yhdessa-eteenpain\/etusivu\/yrittajatarinoita\/linda-saukko-rauta\/","title":{"rendered":"Linda Saukko-Rauta"},"content":{"rendered":"\n<h2 class=\"wp-block-heading\">Linda Saukko-Rauta | Redanredan Oy<\/h2>\n\n\n\n<blockquote class=\"wp-block-quote is-style-large is-layout-flow wp-block-quote-is-layout-flow\"><p>&#8220;Valtakunnallisen yksinyritt\u00e4j\u00e4palkinnon voittaminen oli erikoista.&#8221;<\/p><\/blockquote>\n\n\n\n<p>Livekuvittajayritt\u00e4j\u00e4 Linda Saukko-Rauta kokee \u201dvain v\u00e4h\u00e4n piirtelev\u00e4ns\u00e4\u201d. Silti h\u00e4nen yrityksens\u00e4 Redanredan kasvaa kohisten, ja yritt\u00e4j\u00e4j\u00e4rjest\u00f6n j\u00e4senyyskin poiki Vuoden valtakunnallisen yksinyritt\u00e4j\u00e4palkinnon.<\/p>\n\n\n\n<p>Nurkkam\u00f6rk\u00f6, harmiton humanisti\u2026 Yritt\u00e4j\u00e4 Linda Saukko-Raudan luonnehdinta itsest\u00e4\u00e4n ei huou amerikkalaistyylisi\u00e4 myyntisloganeita. Silti t\u00e4m\u00e4 itseoppinut kuvittaja on tehnyt livekuvituksesta menestyv\u00e4n yrityksen.<\/p>\n\n\n\n<p>Livekuvitus? Mit\u00e4 se on? Livekuvitus on noussut suosituksi tavaksi kiteytt\u00e4\u00e4 ja viesti\u00e4 esimerkiksi seminaarin tai yrityksen ty\u00f6pajan p\u00e4\u00e4viestit sarjakuvahenkisiksi kuvituksiksi. Aluksi Saukko-Rauta piirsi livekuvituksensa musteella, mutta nyt ty\u00f6 sujuu digitaalisesti.<\/p>\n\n\n\n<p>\u2013 Olin piirt\u00e4nyt musteella ja kokeillut piirtolevy\u00e4. Sitten tuli iPad ja halusin pidell\u00e4 sit\u00e4 koko ajan. iPad teki minusta kuvittajan, h\u00e4n kertoo.<\/p>\n\n\n\n<p>Saukko-Raudan varsinainen l\u00e4pily\u00f6nti oli Nordic Business Forum -tapahtuma vuonna 2011. Siell\u00e4 h\u00e4n kuvitti puhujien esitykset. Sittemmin Linda Saukko-Rauta on kuvittanut 130 suomalaisyrityksen strategiaviestej\u00e4 sis\u00e4iseen k\u00e4ytt\u00f6\u00f6n ja istunut sadoissa seminaareissa Lissabonia, Reykjavikia, Barcelonaa, Lontoota ja Prahaa my\u00f6ten. Nyky\u00e4\u00e4n Redanredan-yrityksen liikevaihto on vuodessa jo l\u00e4hes 300 000 euroa.<\/p>\n\n\n\n<p>\u2013 El\u00e4n unelmaani, h\u00e4n kuvailee.<\/p>\n\n\n\n<h3 class=\"wp-block-heading\">Palkinto ja ensimm\u00e4inen ty\u00f6ntekij\u00e4<\/h3>\n\n\n\n<p>Yritt\u00e4j\u00e4j\u00e4rjest\u00f6\u00f6n kuuluminen on tuonut Linda Saukko-Raudan yritt\u00e4j\u00e4uraan melkoisen k\u00e4\u00e4nteen. Syksyll\u00e4 2019 h\u00e4net ja IT-palvelujohtamisen konsultti Jaakko Marin palkittiin Suomen Yritt\u00e4jien Valtakunnallisina vuoden yksinyritt\u00e4jin\u00e4. Ensimm\u00e4isin\u00e4 laatuaan.<\/p>\n\n\n\n<p>\u2013 Valtakunnallisen yksinyritt\u00e4j\u00e4palkinnon voittaminen oli erikoista. Sain kukkal\u00e4hetyksi\u00e4 ja odottamatonta huomiota, kun itse ajattelen, ett\u00e4 olen t\u00e4ss\u00e4 nyt vaan v\u00e4h\u00e4n piirt\u00e4nyt, Saukko-Rauta kertoo.<\/p>\n\n\n\n<p>Palkinto poiki my\u00f6s erikoisia ja yll\u00e4tt\u00e4vi\u00e4kin tapahtumia, kuten kutsun presidentin itsen\u00e4isyysp\u00e4iv\u00e4n vastaanotolle ja Ylen Linnan juhlat -l\u00e4hetykseen.<\/p>\n\n\n\n<p>Sitten tuli korona korona ja sekoitti pakkaa. Saukko-Raudankin kalenteri tyhjeni aluksi kahdessa p\u00e4iv\u00e4ss\u00e4. Tilannetta vaikeutti se, ett\u00e4 h\u00e4n oli palkannut ensimm\u00e4isen ty\u00f6ntekij\u00e4ns\u00e4 juuri tammikuussa.<\/p>\n\n\n\n<p>\u2013 Onneksi tilauskuvitus veti edelleen ja pystyin pit\u00e4m\u00e4\u00e4n h\u00e4net palkattuna. Delegoin h\u00e4nelle t\u00f6it\u00e4, mit\u00e4 en ole osannut ennen tehd\u00e4.<\/p>\n\n\n\n<p>Korona-aika on toistaiseksi sujunut hyvin. Tilikausi meni paremmin kuin edellinen, sill\u00e4 asiakkaat ottivat et\u00e4livekuvituksen omakseen. Moni asiakas osti ensin yhden keikan, mutta huomattuaan livekuvituksen tehon, keikkoja tuli lis\u00e4\u00e4.<\/p>\n\n\n\n<p>Ty\u00f6ntekij\u00e4n palkkaaminen oli iso askel, mutta kun sen on kerran tehnyt, Saukko-Rauta harkitsee tulevaisuudessa ty\u00f6llist\u00e4v\u00e4ns\u00e4 toisenkin ty\u00f6ntekij\u00e4n.<\/p>\n\n\n\n<p>\u2013 Se voi olla projekti-ihminen, tuottaja tai piirt\u00e4j\u00e4. Nykyinen ty\u00f6ntekij\u00e4ni on parempi kuvittaja kuin min\u00e4, joten h\u00e4nt\u00e4 on ilo myyd\u00e4. Palkkaamisen sivukuluista ja virherekrytoinneista pelotellaan, mutta itselleni ty\u00f6ntekij\u00e4 on ollut helpotus erityisesti korona-aikaan, Linda Saukko-Rauta painottaa.<\/p>\n","protected":false},"excerpt":{"rendered":"<p>Linda Saukko-Rauta | Redanredan Oy &#8220;Valtakunnallisen yksinyritt\u00e4j\u00e4palkinnon voittaminen oli erikoista.&#8221; Livekuvittajayritt\u00e4j\u00e4 Linda Saukko-Rauta kokee \u201dvain v\u00e4h\u00e4n piirtelev\u00e4ns\u00e4\u201d. Silti h\u00e4nen yrityksens\u00e4 Redanredan kasvaa kohisten, ja yritt\u00e4j\u00e4j\u00e4rjest\u00f6n j\u00e4senyyskin poiki Vuoden valtakunnallisen yksinyritt\u00e4j\u00e4palkinnon. Nurkkam\u00f6rk\u00f6, harmiton humanisti\u2026 Yritt\u00e4j\u00e4 Linda Saukko-Raudan luonnehdinta itsest\u00e4\u00e4n ei huou amerikkalaistyylisi\u00e4 myyntisloganeita. Silti t\u00e4m\u00e4 itseoppinut kuvittaja on tehnyt livekuvituksesta menestyv\u00e4n yrityksen. Livekuvitus? Mit\u00e4 se on? &hellip; <a href=\"https:\/\/me.yrittajat.fi\/yhdessa-eteenpain\/etusivu\/yrittajatarinoita\/linda-saukko-rauta\/\">Lue lis\u00e4\u00e4<\/a><\/p>\n","protected":false},"author":4,"featured_media":93,"parent":107,"menu_order":95,"comment_status":"closed","ping_status":"closed","template":"","meta":{"_acf_changed":false,"footnotes":""},"class_list":["post-187","page","type-page","status-publish","has-post-thumbnail","hentry"],"acf":[],"_links":{"self":[{"href":"https:\/\/me.yrittajat.fi\/yhdessa-eteenpain\/wp-json\/wp\/v2\/pages\/187","targetHints":{"allow":["GET"]}}],"collection":[{"href":"https:\/\/me.yrittajat.fi\/yhdessa-eteenpain\/wp-json\/wp\/v2\/pages"}],"about":[{"href":"https:\/\/me.yrittajat.fi\/yhdessa-eteenpain\/wp-json\/wp\/v2\/types\/page"}],"author":[{"embeddable":true,"href":"https:\/\/me.yrittajat.fi\/yhdessa-eteenpain\/wp-json\/wp\/v2\/users\/4"}],"replies":[{"embeddable":true,"href":"https:\/\/me.yrittajat.fi\/yhdessa-eteenpain\/wp-json\/wp\/v2\/comments?post=187"}],"version-history":[{"count":4,"href":"https:\/\/me.yrittajat.fi\/yhdessa-eteenpain\/wp-json\/wp\/v2\/pages\/187\/revisions"}],"predecessor-version":[{"id":192,"href":"https:\/\/me.yrittajat.fi\/yhdessa-eteenpain\/wp-json\/wp\/v2\/pages\/187\/revisions\/192"}],"up":[{"embeddable":true,"href":"https:\/\/me.yrittajat.fi\/yhdessa-eteenpain\/wp-json\/wp\/v2\/pages\/107"}],"wp:featuredmedia":[{"embeddable":true,"href":"https:\/\/me.yrittajat.fi\/yhdessa-eteenpain\/wp-json\/wp\/v2\/media\/93"}],"wp:attachment":[{"href":"https:\/\/me.yrittajat.fi\/yhdessa-eteenpain\/wp-json\/wp\/v2\/media?parent=187"}],"curies":[{"name":"wp","href":"https:\/\/api.w.org\/{rel}","templated":true}]}}