{"id":227,"date":"2021-10-08T11:00:02","date_gmt":"2021-10-08T08:00:02","guid":{"rendered":"https:\/\/me.yrittajat.fi\/yhdessa-eteenpain\/?page_id=227"},"modified":"2021-10-08T11:32:23","modified_gmt":"2021-10-08T08:32:23","slug":"kysy-tai-laheta-viesti","status":"publish","type":"page","link":"https:\/\/me.yrittajat.fi\/yhdessa-eteenpain\/etusivu\/kysy-tai-laheta-viesti\/","title":{"rendered":"Kysy tai l\u00e4het\u00e4 viesti"},"content":{"rendered":"\n<section id=\"gb-horizontal-lift-block_616001441d2ef\"\n         class=\"gb-horizontal-lift gb-horizontal-lift-block_616001441d2ef position-right-text\">\n\t<div class=\"gb-horizontal-lift__image\">\n\t\t<img decoding=\"async\" alt=\"Ajankohtaista edunvalvonnasta\" src=\"https:\/\/me.yrittajat.fi\/app\/uploads\/sites\/12\/2021\/10\/kaarii_hihat-668x445.jpg\"\/>\n\t<\/div>\n\n\t<div class=\"gb-horizontal-lift__content\">\n\t\t\n<div class=\"b-metas-title-content\">\n\t\n\t\t\t<h3 class=\"b-metas-title-content__title b-metas-title-content__title--size-l\">\n\t\t\t\t\t\t\tAjankohtaista edunvalvonnasta\t\t\t\t\t\t<\/h3>\n\t\n\t\n\t\t\t<div class=\"b-metas-title-content__content readmore-container\">\n\t\t\t\t\t\t\t<p>Yritt\u00e4j\u00e4t v\u00e4litt\u00e4\u00e4 yritt\u00e4jien n\u00e4k\u00f6kulman eurooppalaiseen, valtakunnalliseen, alueelliseen ja paikalliseen p\u00e4\u00e4t\u00f6ksentekoon.<\/p>\n\n\t\t\t\t\t\t<\/div>\n\t<\/div>\n\t\t\t\t\t<div class=\"gb-horizontal-lift__button\">\n\t\t\t\t\t<a class=\"b-button b-button--color-black b-button--style-\"\n\t   href=\"https:\/\/yrittajat.valudata.fi\/yrittajajarjesto\/nain-vaikutamme\/\"\n\t   target=\"\">\n\n\t\t<span class=\"b-button__title\">\n\t\t\tN\u00e4in vaikutamme\t\t<\/span>\n\n\t\t\t\t\t<span class=\"b-button__icon\">\n\t\t\t\t<svg xmlns=\"http:\/\/www.w3.org\/2000\/svg\" viewBox=\"0 0 9 14\"><path d=\"M2.001 13.664a1.333 1.333 0 01-.954-2.272l.007-.008 4.414-4.386-4.24-4.414A1.333 1.333 0 113.12.704l5.147 5.334a1.333 1.333 0 010 1.866l-5.334 5.334a1.333 1.333 0 01-.933.426z\"\/><\/svg>\t\t\t<\/span>\n\t\t\t<\/a>\n\t\t\t<\/div>\n\t\t\t<\/div>\n<\/section>\n\n\n<!-- You can also use SakkeLib\\Helpers\\get_template_part inside a gutenberg acf block template -->\n\n\n\n<div id=\"gb-extranet-lift-block_615ffea9f61a6\" class=\"gb-extranet-lift gb-extranet-lift-block_615ffea9f61a6 gb-extranet-lift--width-normal\">\n\t<div class=\"gb-extranet-lift__wrap\">\n\t\t<div class=\"gb-extranet-lift__symbol\">\n\t\t\t\n<div class=\"b-extranet-y-symbol\">\n\t<svg xmlns=\"http:\/\/www.w3.org\/2000\/svg\" viewBox=\"0 0 45 32\"><defs><filter id=\"id_2_a\" width=\"65\" height=\"52\" x=\"-10\" y=\"-10\" filterUnits=\"userSpaceOnUse\"><feOffset in=\"SourceGraphic\" result=\"FeOffset1023Out\"\/><feGaussianBlur in=\"FeOffset1023Out\" result=\"FeGaussianBlur1024Out\" stdDeviation=\"0.8 0.8\"\/><\/filter><mask id=\"id_3_b\" width=\"2\" height=\"2\" x=\"-1\" y=\"-1\"><path fill=\"#fff\" d=\"M2 2h41v28H2z\"\/><path d=\"M39.839 2.69h2.341L17.23 26.809v-2.364zm-8.221.001s.157 0 .045.11L17.12 16.93s-.112.11-.225 0L2.42 2.802s-.113-.11.046-.11zM29.14 18.205s.112-.11.112.046v11.47s0 .156-.157.156H17.248s-.157 0-.045-.108zM17.23 21.89v-2.364L34.77 2.69h2.342z\"\/><\/mask><\/defs><g filter=\"url(#id_2_a)\"><path fill=\"none\" d=\"M39.839 2.69h2.341L17.23 26.809v-2.364zm-8.221.001s.157 0 .045.11L17.12 16.93s-.112.11-.225 0L2.42 2.802s-.113-.11.046-.11zM29.14 18.205s.112-.11.112.046v11.47s0 .156-.157.156H17.248s-.157 0-.045-.108zM17.23 21.89v-2.364L34.77 2.69h2.342z\" mask=\"url(&quot;#id_3_b&quot;)\"\/><path fill=\"#c3b194\" fill-opacity=\".5\" d=\"M39.839 2.69h2.341L17.23 26.809v-2.364zm-8.221.001s.157 0 .045.11L17.12 16.93s-.112.11-.225 0L2.42 2.802s-.113-.11.046-.11zM29.14 18.205s.112-.11.112.046v11.47s0 .156-.157.156H17.248s-.157 0-.045-.108zM17.23 21.89v-2.364L34.77 2.69h2.342z\"\/><\/g><path fill=\"#fff\" d=\"M39.839 2.69h2.341L17.23 26.809v-2.364zm-8.221.001s.157 0 .045.11L17.12 16.93s-.112.11-.225 0L2.42 2.802s-.113-.11.046-.11zM29.14 18.205s.112-.11.112.046v11.47s0 .156-.157.156H17.248s-.157 0-.045-.108zM17.23 21.89v-2.364L34.77 2.69h2.342z\"\/><\/svg><\/div>\n\t\t<\/div>\n\t\t\t\t\t<div class=\"gb-extranet-lift__text\">\n\t\t\t\tTutustu lakineuvontapalveluun\t\t\t<\/div>\n\t\t\t\t\t<a class=\"b-button b-button--color-leather b-button--style-\"\n\t   href=\"https:\/\/yrittajat.valudata.fi\/palvelut-ja-edut\/tutustu-jasenpalveluihin\/lakineuvonta-jasenille\/\"\n\t   target=\"\">\n\n\t\t<span class=\"b-button__title\">\n\t\t\tLakineuvontapalvelu\t\t<\/span>\n\n\t\t\t\t\t<span class=\"b-button__icon\">\n\t\t\t\t<svg xmlns=\"http:\/\/www.w3.org\/2000\/svg\" viewBox=\"0 0 9 14\"><path d=\"M2.001 13.664a1.333 1.333 0 01-.954-2.272l.007-.008 4.414-4.386-4.24-4.414A1.333 1.333 0 113.12.704l5.147 5.334a1.333 1.333 0 010 1.866l-5.334 5.334a1.333 1.333 0 01-.933.426z\"\/><\/svg>\t\t\t<\/span>\n\t\t\t<\/a>\n\t<\/div>\n<\/div>\n\n\n\n<h2 class=\"wp-block-heading\">Lis\u00e4tietoja j\u00e4seneduista:<\/h2>\n\n\n<div id=\"gb-manual-contact-lift-block_615fff1df61a7\" class=\"gb-manual-contact-lift gb-manual-contact-lift-block_615fff1df61a7\">\n\t<div class=\"gb-manual-contact-lift__column gb-manual-contact-lift__column--first\">\n\t\t<div class=\"gb-manual-contact-lift__image\">\n\t\t\t\t\t\t\t<div class=\"gb-manual-contact-lift__avatar\">\n\t\t\t\t\t<svg xmlns=\"http:\/\/www.w3.org\/2000\/svg\" viewBox=\"0 0 42 48\"><path d=\"M13.832 22.832c-3.826-4.314-3.19-11.71-3.12-12.415.248-5.338 2.792-7.872 4.88-9.055C17.669.179 19.836 0 20.94 0h.168c2.008.04 3.807.517 5.348 1.402 2.068 1.182 4.573 3.717 4.821 9.015.07.706.706 8.101-3.121 12.415-1.74 1.958-4.095 2.982-7.008 3.032h-.318c-2.912-.05-5.268-1.074-6.998-3.032zm1.998-1.78c1.243 1.412 2.923 2.108 5.11 2.128h.099c2.197-.02 3.867-.716 5.119-2.127 3.16-3.559 2.465-10.318 2.455-10.387-.01-.02-.01-.05-.01-.08-.308-6.74-4.87-7.833-7.554-7.892h-.12c-2.166 0-7.226.765-7.554 7.892 0 .02-.01.05-.01.08-.01.06-.686 6.848 2.465 10.387z\"\/><path d=\"M41.416 38.13v-.029c0-.08-.01-.159-.01-.248-.06-1.969-.189-6.57-4.503-8.042l-.1-.03c-4.482-1.143-8.21-3.727-8.25-3.757a1.34 1.34 0 10-1.54 2.197c.17.12 4.125 2.872 9.075 4.145 2.316.825 2.575 3.3 2.644 5.566 0 .09 0 .17.01.249.01.894-.05 2.276-.209 3.071-1.61.914-7.922 4.075-17.524 4.075-9.562 0-15.914-3.17-17.534-4.085-.159-.795-.228-2.177-.208-3.071 0-.08.01-.16.01-.249.07-2.266.328-4.741 2.644-5.566 4.95-1.273 8.906-4.036 9.075-4.145a1.34 1.34 0 10-1.54-2.197c-.04.03-3.748 2.614-8.251 3.757-.04.01-.07.02-.1.03C.791 31.282.662 35.884.603 37.843c0 .09 0 .169-.01.248v.03c-.01.517-.02 3.17.507 4.503.099.258.278.477.517.626.298.199 7.445 4.751 19.402 4.751 11.958 0 19.105-4.562 19.403-4.751a1.33 1.33 0 00.517-.626c.497-1.322.487-3.976.477-4.493z\"\/><\/svg>\t\t\t\t<\/div>\n\t\t\t\t\t<\/div>\n\n\t\t<div class=\"gb-manual-contact-lift__info-wrapper\">\n\t\t\t\t\t\t\t<h3 class=\"gb-manual-contact-lift__name\">\n\t\t\t\t\tEija Sinisalo\t\t\t\t<\/h3>\n\t\t\t\t\t\t\t\t\t\t<div class=\"gb-manual-contact-lift__job_title\">\n\t\t\t\t\tMarkkinointip\u00e4\u00e4llikk\u00f6\t\t\t\t<\/div>\n\t\t\t\t\t\t\t\t\t\t<div class=\"gb-manual-contact-lift__company-name\">\n\t\t\t\t\tSuomen Yritt\u00e4j\u00e4t\t\t\t\t<\/div>\n\t\t\t\t\t<\/div>\n\t<\/div>\n\t<div class=\"gb-manual-contact-lift__column gb-manual-contact-lift__column--second\">\n\t\t\t\t\t<div class=\"gb-manual-contact-lift__phone\">\n\t\t\t\t<svg xmlns=\"http:\/\/www.w3.org\/2000\/svg\" viewBox=\"0 0 18 18\"><path d=\"M13.503 17.337C6.42 17.327.68 11.587.67 4.503A3.833 3.833 0 014.503.67c.216-.002.43.018.642.058.204.03.405.08.6.15a.833.833 0 01.542.625l1.141 5a.833.833 0 01-.216.767c-.109.117-.117.125-1.142.658a8.258 8.258 0 004.058 4.075c.542-1.033.55-1.041.667-1.15a.833.833 0 01.767-.216l5 1.141c.28.065.506.27.6.542a3.647 3.647 0 01.208 1.242 3.833 3.833 0 01-3.867 3.775z\"\/><\/svg>\t\t\t\t<a href=\"tel:040 566 9416\">\n\t\t\t\t\t040 566 9416\t\t\t\t<\/a>\n\t\t\t<\/div>\n\t\t\t\t\t\t\t<div class=\"gb-manual-contact-lift__email\">\n\t\t\t\t<svg xmlns=\"http:\/\/www.w3.org\/2000\/svg\" viewBox=\"0 0 18 14\"><path d=\"M14.837.33a2.5 2.5 0 012.5 2.5v8.333a2.5 2.5 0 01-2.5 2.5H3.17a2.5 2.5 0 01-2.5-2.5V2.83a2.5 2.5 0 012.5-2.5zM3.17 1.997l5.417 3.725a.833.833 0 00.833 0l5.417-3.725z\"\/><\/svg>\t\t\t\t<a href=\"mailto:&#101;&#105;j&#097;&#046;&#115;&#105;n&#105;s&#097;&#108;o&#064;yr&#105;&#116;&#116;a&#106;&#097;t&#046;&#102;i\">\n\t\t\t\t\t&#101;ij&#097;.&#115;in&#105;s&#097;&#108;o&#064;yrit&#116;&#097;&#106;&#097;&#116;.fi\t\t\t\t<\/a>\n\t\t\t<\/div>\n\t\t\t<\/div>\n\n<\/div>\n\n\n<div id=\"gb-manual-contact-lift-block_615fff6af61a8\" class=\"gb-manual-contact-lift gb-manual-contact-lift-block_615fff6af61a8\">\n\t<div class=\"gb-manual-contact-lift__column gb-manual-contact-lift__column--first\">\n\t\t<div class=\"gb-manual-contact-lift__image\">\n\t\t\t\t\t\t\t<div class=\"gb-manual-contact-lift__avatar\">\n\t\t\t\t\t<svg xmlns=\"http:\/\/www.w3.org\/2000\/svg\" viewBox=\"0 0 42 48\"><path d=\"M13.832 22.832c-3.826-4.314-3.19-11.71-3.12-12.415.248-5.338 2.792-7.872 4.88-9.055C17.669.179 19.836 0 20.94 0h.168c2.008.04 3.807.517 5.348 1.402 2.068 1.182 4.573 3.717 4.821 9.015.07.706.706 8.101-3.121 12.415-1.74 1.958-4.095 2.982-7.008 3.032h-.318c-2.912-.05-5.268-1.074-6.998-3.032zm1.998-1.78c1.243 1.412 2.923 2.108 5.11 2.128h.099c2.197-.02 3.867-.716 5.119-2.127 3.16-3.559 2.465-10.318 2.455-10.387-.01-.02-.01-.05-.01-.08-.308-6.74-4.87-7.833-7.554-7.892h-.12c-2.166 0-7.226.765-7.554 7.892 0 .02-.01.05-.01.08-.01.06-.686 6.848 2.465 10.387z\"\/><path d=\"M41.416 38.13v-.029c0-.08-.01-.159-.01-.248-.06-1.969-.189-6.57-4.503-8.042l-.1-.03c-4.482-1.143-8.21-3.727-8.25-3.757a1.34 1.34 0 10-1.54 2.197c.17.12 4.125 2.872 9.075 4.145 2.316.825 2.575 3.3 2.644 5.566 0 .09 0 .17.01.249.01.894-.05 2.276-.209 3.071-1.61.914-7.922 4.075-17.524 4.075-9.562 0-15.914-3.17-17.534-4.085-.159-.795-.228-2.177-.208-3.071 0-.08.01-.16.01-.249.07-2.266.328-4.741 2.644-5.566 4.95-1.273 8.906-4.036 9.075-4.145a1.34 1.34 0 10-1.54-2.197c-.04.03-3.748 2.614-8.251 3.757-.04.01-.07.02-.1.03C.791 31.282.662 35.884.603 37.843c0 .09 0 .169-.01.248v.03c-.01.517-.02 3.17.507 4.503.099.258.278.477.517.626.298.199 7.445 4.751 19.402 4.751 11.958 0 19.105-4.562 19.403-4.751a1.33 1.33 0 00.517-.626c.497-1.322.487-3.976.477-4.493z\"\/><\/svg>\t\t\t\t<\/div>\n\t\t\t\t\t<\/div>\n\n\t\t<div class=\"gb-manual-contact-lift__info-wrapper\">\n\t\t\t\t\t\t\t<h3 class=\"gb-manual-contact-lift__name\">\n\t\t\t\t\tKarri Ruuskanen\t\t\t\t<\/h3>\n\t\t\t\t\t\t\t\t\t\t<div class=\"gb-manual-contact-lift__job_title\">\n\t\t\t\t\tKumppanuusp\u00e4\u00e4llikk\u00f6\t\t\t\t<\/div>\n\t\t\t\t\t\t\t\t\t\t<div class=\"gb-manual-contact-lift__company-name\">\n\t\t\t\t\tSuomen Yritt\u00e4j\u00e4t\t\t\t\t<\/div>\n\t\t\t\t\t<\/div>\n\t<\/div>\n\t<div class=\"gb-manual-contact-lift__column gb-manual-contact-lift__column--second\">\n\t\t\t\t\t<div class=\"gb-manual-contact-lift__phone\">\n\t\t\t\t<svg xmlns=\"http:\/\/www.w3.org\/2000\/svg\" viewBox=\"0 0 18 18\"><path d=\"M13.503 17.337C6.42 17.327.68 11.587.67 4.503A3.833 3.833 0 014.503.67c.216-.002.43.018.642.058.204.03.405.08.6.15a.833.833 0 01.542.625l1.141 5a.833.833 0 01-.216.767c-.109.117-.117.125-1.142.658a8.258 8.258 0 004.058 4.075c.542-1.033.55-1.041.667-1.15a.833.833 0 01.767-.216l5 1.141c.28.065.506.27.6.542a3.647 3.647 0 01.208 1.242 3.833 3.833 0 01-3.867 3.775z\"\/><\/svg>\t\t\t\t<a href=\"tel:050 409 7752\">\n\t\t\t\t\t050 409 7752\t\t\t\t<\/a>\n\t\t\t<\/div>\n\t\t\t\t\t\t\t<div class=\"gb-manual-contact-lift__email\">\n\t\t\t\t<svg xmlns=\"http:\/\/www.w3.org\/2000\/svg\" viewBox=\"0 0 18 14\"><path d=\"M14.837.33a2.5 2.5 0 012.5 2.5v8.333a2.5 2.5 0 01-2.5 2.5H3.17a2.5 2.5 0 01-2.5-2.5V2.83a2.5 2.5 0 012.5-2.5zM3.17 1.997l5.417 3.725a.833.833 0 00.833 0l5.417-3.725z\"\/><\/svg>\t\t\t\t<a href=\"mailto:k&#097;&#114;&#114;i.&#114;u&#117;&#115;kan&#101;n&#064;y&#114;it&#116;&#097;&#106;&#097;t.fi\">\n\t\t\t\t\t&#107;&#097;r&#114;i.&#114;u&#117;&#115;k&#097;ne&#110;&#064;&#121;r&#105;tta&#106;&#097;t&#046;f&#105;\t\t\t\t<\/a>\n\t\t\t<\/div>\n\t\t\t<\/div>\n\n<\/div>\n","protected":false},"excerpt":{"rendered":"<p>Lis\u00e4tietoja j\u00e4seneduista:<\/p>\n","protected":false},"author":4,"featured_media":93,"parent":3,"menu_order":40,"comment_status":"closed","ping_status":"closed","template":"","meta":{"_acf_changed":false,"footnotes":""},"class_list":["post-227","page","type-page","status-publish","has-post-thumbnail","hentry"],"acf":[],"_links":{"self":[{"href":"https:\/\/me.yrittajat.fi\/yhdessa-eteenpain\/wp-json\/wp\/v2\/pages\/227","targetHints":{"allow":["GET"]}}],"collection":[{"href":"https:\/\/me.yrittajat.fi\/yhdessa-eteenpain\/wp-json\/wp\/v2\/pages"}],"about":[{"href":"https:\/\/me.yrittajat.fi\/yhdessa-eteenpain\/wp-json\/wp\/v2\/types\/page"}],"author":[{"embeddable":true,"href":"https:\/\/me.yrittajat.fi\/yhdessa-eteenpain\/wp-json\/wp\/v2\/users\/4"}],"replies":[{"embeddable":true,"href":"https:\/\/me.yrittajat.fi\/yhdessa-eteenpain\/wp-json\/wp\/v2\/comments?post=227"}],"version-history":[{"count":17,"href":"https:\/\/me.yrittajat.fi\/yhdessa-eteenpain\/wp-json\/wp\/v2\/pages\/227\/revisions"}],"predecessor-version":[{"id":254,"href":"https:\/\/me.yrittajat.fi\/yhdessa-eteenpain\/wp-json\/wp\/v2\/pages\/227\/revisions\/254"}],"up":[{"embeddable":true,"href":"https:\/\/me.yrittajat.fi\/yhdessa-eteenpain\/wp-json\/wp\/v2\/pages\/3"}],"wp:featuredmedia":[{"embeddable":true,"href":"https:\/\/me.yrittajat.fi\/yhdessa-eteenpain\/wp-json\/wp\/v2\/media\/93"}],"wp:attachment":[{"href":"https:\/\/me.yrittajat.fi\/yhdessa-eteenpain\/wp-json\/wp\/v2\/media?parent=227"}],"curies":[{"name":"wp","href":"https:\/\/api.w.org\/{rel}","templated":true}]}}