{"id":192,"date":"2024-05-14T12:15:04","date_gmt":"2024-05-14T09:15:04","guid":{"rendered":"https:\/\/me.yrittajat.fi\/yrittajien-kesateatteri\/?page_id=192"},"modified":"2024-05-24T10:00:08","modified_gmt":"2024-05-24T07:00:08","slug":"ilmoittautumisohjeet","status":"publish","type":"page","link":"https:\/\/me.yrittajat.fi\/yrittajien-kesateatteri\/ilmoittautumisohjeet\/","title":{"rendered":"Ilmoittautumisohjeet"},"content":{"rendered":"\n<p><strong>Asikkalan Yritt\u00e4j\u00e4t:<\/strong> asikkalan(at)yrittajat.fi<br><strong>Hartolan Yritt\u00e4j\u00e4t:<\/strong> hartolan(at)yrittajat.fi tai WhatsUp 0400 953034 \/ P\u00e4ivi<br><strong>Heinolan Yritt\u00e4j\u00e4t:<\/strong> <a href=\"https:\/\/p89gizxc.forms.app\/kesateatteri-2762024\" target=\"_blank\" rel=\"noreferrer noopener\">https:\/\/p89gizxc.forms.app\/kesateatteri-2762024<\/a><br><strong>Hollolan Yritt\u00e4j\u00e4t:<\/strong> <a href=\"https:\/\/plu3p1kh.forms.app\/hykesateatteri\">https:\/\/plu3p1kh.forms.app\/hykesateatteri<\/a><br><strong>Iitin Yritt\u00e4j\u00e4t:<\/strong> iitin(at)yrittajat.fi<br><strong>K\u00e4rk\u00f6l\u00e4n Yritt\u00e4j\u00e4t:<\/strong> <a href=\"mailto:sihteeri.karkola@yrittajat.fi\">sihteeri.karkola@yrittajat.fi<\/a><br><strong>Lahden Yritt\u00e4j\u00e4t:<\/strong> <a href=\"https:\/\/www.lyyti.in\/kesateatteri2024\">https:\/\/www.lyyti.in\/kesateatteri2024<\/a><br><strong>Nastolan Yritt\u00e4j\u00e4t:<\/strong> Juha Istukaissaari 0400 493790<br><strong>Orimattilan Yritt\u00e4j\u00e4t:<\/strong> <a href=\"https:\/\/www.facebook.com\/events\/1110163926868611\/?acontext=%7B%22event_action_history%22%3A[]%7D\" target=\"_blank\" rel=\"noreferrer noopener\">https:\/\/www.facebook.com\/events\/1110163926868611\/?acontext=%7B%22event_action_history%22%3A[]%7D<\/a><br><strong>Padasjoen Yritt\u00e4j\u00e4t:<\/strong> padasjoen(at)yrittajat.fi<br><strong>Sysm\u00e4n Yritt\u00e4j\u00e4t:<\/strong> sysman(at)yrittajat.fi<\/p>\n\n\n\n<p><\/p>\n\n\n\n<p><\/p>\n\n\n\n<p><\/p>\n\n\n\n<p><\/p>\n","protected":false},"excerpt":{"rendered":"<p>Asikkalan Yritt\u00e4j\u00e4t: asikkalan(at)yrittajat.fiHartolan Yritt\u00e4j\u00e4t: hartolan(at)yrittajat.fi tai WhatsUp 0400 953034 \/ P\u00e4iviHeinolan Yritt\u00e4j\u00e4t: https:\/\/p89gizxc.forms.app\/kesateatteri-2762024Hollolan Yritt\u00e4j\u00e4t: https:\/\/plu3p1kh.forms.app\/hykesateatteriIitin Yritt\u00e4j\u00e4t: iitin(at)yrittajat.fiK\u00e4rk\u00f6l\u00e4n Yritt\u00e4j\u00e4t: sihteeri.karkola@yrittajat.fiLahden Yritt\u00e4j\u00e4t: https:\/\/www.lyyti.in\/kesateatteri2024Nastolan Yritt\u00e4j\u00e4t: Juha Istukaissaari 0400 493790Orimattilan Yritt\u00e4j\u00e4t: https:\/\/www.facebook.com\/events\/1110163926868611\/?acontext=%7B%22event_action_history%22%3A[]%7DPadasjoen Yritt\u00e4j\u00e4t: padasjoen(at)yrittajat.fiSysm\u00e4n Yritt\u00e4j\u00e4t: sysman(at)yrittajat.fi<\/p>\n","protected":false},"author":51,"featured_media":0,"parent":0,"menu_order":0,"comment_status":"closed","ping_status":"closed","template":"","meta":{"_acf_changed":false,"footnotes":""},"class_list":["post-192","page","type-page","status-publish","hentry"],"acf":[],"_links":{"self":[{"href":"https:\/\/me.yrittajat.fi\/yrittajien-kesateatteri\/wp-json\/wp\/v2\/pages\/192","targetHints":{"allow":["GET"]}}],"collection":[{"href":"https:\/\/me.yrittajat.fi\/yrittajien-kesateatteri\/wp-json\/wp\/v2\/pages"}],"about":[{"href":"https:\/\/me.yrittajat.fi\/yrittajien-kesateatteri\/wp-json\/wp\/v2\/types\/page"}],"author":[{"embeddable":true,"href":"https:\/\/me.yrittajat.fi\/yrittajien-kesateatteri\/wp-json\/wp\/v2\/users\/51"}],"replies":[{"embeddable":true,"href":"https:\/\/me.yrittajat.fi\/yrittajien-kesateatteri\/wp-json\/wp\/v2\/comments?post=192"}],"version-history":[{"count":3,"href":"https:\/\/me.yrittajat.fi\/yrittajien-kesateatteri\/wp-json\/wp\/v2\/pages\/192\/revisions"}],"predecessor-version":[{"id":200,"href":"https:\/\/me.yrittajat.fi\/yrittajien-kesateatteri\/wp-json\/wp\/v2\/pages\/192\/revisions\/200"}],"wp:attachment":[{"href":"https:\/\/me.yrittajat.fi\/yrittajien-kesateatteri\/wp-json\/wp\/v2\/media?parent=192"}],"curies":[{"name":"wp","href":"https:\/\/api.w.org\/{rel}","templated":true}]}}